{"id":126,"date":"2023-08-23T21:09:09","date_gmt":"2023-08-23T19:09:09","guid":{"rendered":"https:\/\/yellotab.se\/p1\/?page_id=126"},"modified":"2023-10-16T19:38:35","modified_gmt":"2023-10-16T17:38:35","slug":"gustavslund","status":"publish","type":"page","link":"https:\/\/yellotab.se\/p1\/gustavslund\/","title":{"rendered":"Gustavslund"},"content":{"rendered":"\n<div class=\"wp-block-columns is-layout-flex wp-container-core-columns-is-layout-28f84493 wp-block-columns-is-layout-flex\">\n<div class=\"wp-block-column is-layout-flow wp-block-column-is-layout-flow\" style=\"flex-basis:66.66%\">\n<h4 class=\"wp-block-heading\">Bodil med familj sm\u00e5bruk, med lamm, gr\u00f6nsaker och honung<\/h4>\n\n\n\n<p><strong>Kontakt:<\/strong> Bodil 0739-81 53 31<br><strong>Kluster<\/strong>: <a href=\"https:\/\/yellotab.se\/p1\/category\/kluster-hoor\/\">Kluster H\u00f6\u00f6r<\/a><\/p>\n\n\n\n<p><\/p>\n\n\n\n<p><\/p>\n\n\n\n<p><\/p>\n<\/div>\n\n\n\n<div class=\"wp-block-column is-layout-flow wp-block-column-is-layout-flow\" style=\"flex-basis:33.33%\">\n<figure class=\"wp-block-image tb-image tb-image-dynamic tb-image-frame-polaroid\" data-toolset-blocks-image=\"c218bd0f7b02e324644fd11888223603\"><div class=\"tb-image-polaroid\"><div class=\"tb-image-polaroid-inner\"><img decoding=\"async\" loading=\"lazy\" src=\"https:\/\/s3.eu-north-1.amazonaws.com\/yellotab.se\/wp-content\/uploads\/sites\/65\/2023\/08\/23210547\/IMG_1327-768x1024.jpg\" alt=\"\" class=\"\"\/><\/div><\/div><\/figure>\n<\/div>\n<\/div>\n\n\n\n<hr class=\"wp-block-separator has-alpha-channel-opacity is-style-dots\"\/>\n\n\n\n<div class=\"wp-block-query is-layout-flow wp-block-query-is-layout-flow\"><ul class=\"wp-block-post-template is-layout-flow wp-block-post-template-is-layout-flow\"><li class=\"wp-block-post post-123 post type-post status-publish format-standard has-post-thumbnail hentry category-kluster-hoor tag-gustavslund\">\n\n<div class=\"wp-block-columns are-vertically-aligned-center is-layout-flex wp-container-core-columns-is-layout-28f84493 wp-block-columns-is-layout-flex\">\n<div class=\"wp-block-column is-vertically-aligned-center is-layout-flow wp-block-column-is-layout-flow\" style=\"flex-basis:25%\"><figure class=\"wp-block-post-featured-image\"><a href=\"https:\/\/yellotab.se\/p1\/2023\/08\/23\/nyslungad-honung\/\" target=\"_self\"  ><img loading=\"lazy\" decoding=\"async\" width=\"1920\" height=\"2560\" src=\"https:\/\/s3.eu-north-1.amazonaws.com\/yellotab.se\/wp-content\/uploads\/sites\/65\/2023\/08\/23210547\/IMG_1327-scaled.jpg\" class=\"attachment-post-thumbnail size-post-thumbnail wp-post-image\" alt=\"Nyslungad honung\" style=\"object-fit:cover;\" srcset=\"https:\/\/s3.eu-north-1.amazonaws.com\/yellotab.se\/wp-content\/uploads\/sites\/65\/2023\/08\/23210547\/IMG_1327-scaled.jpg 1920w, https:\/\/s3.eu-north-1.amazonaws.com\/yellotab.se\/wp-content\/uploads\/sites\/65\/2023\/08\/23210547\/IMG_1327-225x300.jpg 225w, https:\/\/s3.eu-north-1.amazonaws.com\/yellotab.se\/wp-content\/uploads\/sites\/65\/2023\/08\/23210547\/IMG_1327-768x1024.jpg 768w, https:\/\/s3.eu-north-1.amazonaws.com\/yellotab.se\/wp-content\/uploads\/sites\/65\/2023\/08\/23210547\/IMG_1327-1152x1536.jpg 1152w, https:\/\/s3.eu-north-1.amazonaws.com\/yellotab.se\/wp-content\/uploads\/sites\/65\/2023\/08\/23210547\/IMG_1327-1536x2048.jpg 1536w\" sizes=\"auto, (max-width: 1920px) 100vw, 1920px\" \/><\/a><\/figure><\/div>\n\n\n\n<div class=\"wp-block-column is-vertically-aligned-center is-layout-flow wp-block-column-is-layout-flow\" style=\"flex-basis:75%\"><h2 class=\"wp-block-post-title\"><a href=\"https:\/\/yellotab.se\/p1\/2023\/08\/23\/nyslungad-honung\/\" target=\"_self\" >Nyslungad honung<\/a><\/h2><\/div>\n<\/div>\n\n<\/li><\/ul><\/div>\n","protected":false},"excerpt":{"rendered":"<p>Bodil med familj sm\u00e5bruk, med lamm, gr\u00f6nsaker och honung Kontakt: Bodil 0739-81 53 31Kluster: Kluster H\u00f6\u00f6r<\/p>\n","protected":false},"author":3,"featured_media":0,"parent":0,"menu_order":0,"comment_status":"closed","ping_status":"closed","template":"","meta":{"footnotes":""},"class_list":["post-126","page","type-page","status-publish","hentry"],"jetpack_sharing_enabled":true,"_links":{"self":[{"href":"https:\/\/yellotab.se\/p1\/wp-json\/wp\/v2\/pages\/126","targetHints":{"allow":["GET"]}}],"collection":[{"href":"https:\/\/yellotab.se\/p1\/wp-json\/wp\/v2\/pages"}],"about":[{"href":"https:\/\/yellotab.se\/p1\/wp-json\/wp\/v2\/types\/page"}],"author":[{"embeddable":true,"href":"https:\/\/yellotab.se\/p1\/wp-json\/wp\/v2\/users\/3"}],"replies":[{"embeddable":true,"href":"https:\/\/yellotab.se\/p1\/wp-json\/wp\/v2\/comments?post=126"}],"version-history":[{"count":7,"href":"https:\/\/yellotab.se\/p1\/wp-json\/wp\/v2\/pages\/126\/revisions"}],"predecessor-version":[{"id":170,"href":"https:\/\/yellotab.se\/p1\/wp-json\/wp\/v2\/pages\/126\/revisions\/170"}],"wp:attachment":[{"href":"https:\/\/yellotab.se\/p1\/wp-json\/wp\/v2\/media?parent=126"}],"curies":[{"name":"wp","href":"https:\/\/api.w.org\/{rel}","templated":true}]}}