{"id":15,"date":"2023-08-21T11:04:07","date_gmt":"2023-08-21T09:04:07","guid":{"rendered":"https:\/\/yellotab.se\/p1\/?page_id=15"},"modified":"2023-08-21T11:04:34","modified_gmt":"2023-08-21T09:04:34","slug":"wouts-vardekupong","status":"publish","type":"page","link":"https:\/\/yellotab.se\/p1\/wouts-vardekupong\/","title":{"rendered":"Wout&#8217;s v\u00e4rdekupong"},"content":{"rendered":"\n<p>Wout&#8217;s \u00e4r v\u00e5r ekologiska valuta som ger dig b\u00e4ttre pris p\u00e5 varan och producenten f\u00e5r en h\u00f6gre kundloyalitet<\/p>\n","protected":false},"excerpt":{"rendered":"<p>Wout&#8217;s \u00e4r v\u00e5r ekologiska valuta som ger dig b\u00e4ttre pris p\u00e5 varan och producenten f\u00e5r en h\u00f6gre kundloyalitet<\/p>\n","protected":false},"author":3,"featured_media":0,"parent":0,"menu_order":0,"comment_status":"closed","ping_status":"closed","template":"","meta":{"footnotes":""},"class_list":["post-15","page","type-page","status-publish","hentry"],"jetpack_sharing_enabled":true,"_links":{"self":[{"href":"https:\/\/yellotab.se\/p1\/wp-json\/wp\/v2\/pages\/15","targetHints":{"allow":["GET"]}}],"collection":[{"href":"https:\/\/yellotab.se\/p1\/wp-json\/wp\/v2\/pages"}],"about":[{"href":"https:\/\/yellotab.se\/p1\/wp-json\/wp\/v2\/types\/page"}],"author":[{"embeddable":true,"href":"https:\/\/yellotab.se\/p1\/wp-json\/wp\/v2\/users\/3"}],"replies":[{"embeddable":true,"href":"https:\/\/yellotab.se\/p1\/wp-json\/wp\/v2\/comments?post=15"}],"version-history":[{"count":2,"href":"https:\/\/yellotab.se\/p1\/wp-json\/wp\/v2\/pages\/15\/revisions"}],"predecessor-version":[{"id":17,"href":"https:\/\/yellotab.se\/p1\/wp-json\/wp\/v2\/pages\/15\/revisions\/17"}],"wp:attachment":[{"href":"https:\/\/yellotab.se\/p1\/wp-json\/wp\/v2\/media?parent=15"}],"curies":[{"name":"wp","href":"https:\/\/api.w.org\/{rel}","templated":true}]}}