{"id":24,"date":"2023-08-21T11:30:45","date_gmt":"2023-08-21T09:30:45","guid":{"rendered":"https:\/\/yellotab.se\/p1\/?page_id=24"},"modified":"2023-11-23T18:50:48","modified_gmt":"2023-11-23T17:50:48","slug":"kvalitetsetikett","status":"publish","type":"page","link":"https:\/\/yellotab.se\/p1\/kvalitetsetikett\/","title":{"rendered":"360 Eko-perspektiv"},"content":{"rendered":"\n<p>V\u00e5r v\u00e4rdegrund bygger p\u00e5 transparens i hela v\u00e4rdekedjan och att deltagande producenter bygger tillit och garantera kvalitet till sina produkter. Ekologiskt p\u00e5 riktigt, bygger p\u00e5 att alla lager i v\u00e5ra kretslopp blir tillgodosedda. <\/p>\n\n\n\n<h3 class=\"wp-block-heading\">Ekologisk produktion<\/h3>\n\n\n\n<p><strong>I den ekologiska odlingen f\u00e5r man inte anv\u00e4nda konstg\u00f6dsel och kemiska bek\u00e4mpningsmedel<\/strong>. Vissa naturligt f\u00f6rekommande \u00e4mnen f\u00e5r dock anv\u00e4ndas som bek\u00e4mpningsmedel, till exempel spinosad, pyretriner och svavel. Det \u00e4r \u00e4ven till\u00e5tet att anv\u00e4nda biologiska bek\u00e4mpningsmedel.<\/p>\n\n\n\n<pre class=\"wp-block-preformatted\"><strong>K\u00e4lla:<\/strong> <a href=\"https:\/\/www.livsmedelsverket.se\/livsmedel-och-innehall\/ekologisk-mat\">Livsmedelsverket<\/a> | EU | <a href=\"https:\/\/ekofakta.se\/\" data-type=\"link\" data-id=\"https:\/\/ekofakta.se\/\">Ekofakta<\/a> | <a href=\"https:\/\/d6scj24zvfbbo.cloudfront.net\/01f6f29806146e3587e90990803638da\/200000067-bf6d3bf6d6\/Morgondagens%20livsmedelssystem%20sept%202016.pdf?ph=d5da30e20d\">Morgondagens Livsmedelssystem<\/a><\/pre>\n\n\n\n<h3 class=\"wp-block-heading\">Mat och Milj\u00f6<\/h3>\n\n\n\n<p>Mat och livsmedel \u00e4r den avkastning vi f\u00e5r fr\u00e5n jorden. Jorden b\u00e5de ger och tar i ett cirkul\u00e4rt system, likt en m\u00e4nsklig lunga. <\/p>\n\n\n\n<h3 class=\"wp-block-heading\">Jordh\u00e4lsa<\/h3>\n\n\n\n<p>Jordh\u00e4lsa m\u00e4ts i mullhalt. Mullhalten \u00e4r ett m\u00e5tt p\u00e5 hur v\u00e4l jorden kan ta tillvara p\u00e5  och omvandla solens energi till mat.<\/p>\n\n\n\n<h3 class=\"wp-block-heading\">Grundvatten och utfl\u00f6den<\/h3>\n\n\n\n<p>Med hj\u00e4lp av vatten kan sedan alla n\u00e4rings\u00e4mnen cirkulera i naturen. N\u00e4r allt cirkulerar utanf\u00f6r sina naturliga habitat kommer detta successivt att leda till \u00f6verg\u00f6dning och utarmning i vissa ekosystem.<\/p>\n\n\n<div class=\"wp-block-image\">\n<figure class=\" tb-image tb-image-dynamic tb-image-frame-shadow1 aligncenter\" data-toolset-blocks-image=\"a41c2ba4652d4a7bc20916337f7f3f9a\"><div class=\"tb-image-shadow-1\"><div class=\"tb-image-shadow-1-shadows-container\"><div class=\"tb-image-shadow-1-inner\"><a href=\"https:\/\/s3.eu-north-1.amazonaws.com\/yellotab.se\/wp-content\/uploads\/sites\/65\/2023\/11\/23164301\/2023-11-20-02.10.51-pm.png\" target=\"_blank\" rel=\"noreferrer noopener\"><img decoding=\"async\" loading=\"lazy\" src=\"https:\/\/s3.eu-north-1.amazonaws.com\/yellotab.se\/wp-content\/uploads\/sites\/65\/2023\/11\/23164301\/2023-11-20-02.10.51-pm-1024x663.png\" alt=\"\" class=\"\"\/><\/a><\/div><div class=\"tb-image-shadow-1-shadow-1\"> <\/div><div class=\"tb-image-shadow-1-shadow-2\"> <\/div><\/div><\/div><\/figure>\n<\/div>\n\n<div class=\"wp-block-image\">\n<figure class=\" tb-image tb-image-dynamic tb-image-frame-shadow1 aligncenter\" data-toolset-blocks-image=\"728b731cabaf2ce59417c2105cde7d13\"><div class=\"tb-image-shadow-1\"><div class=\"tb-image-shadow-1-shadows-container\"><div class=\"tb-image-shadow-1-inner\"><img decoding=\"async\" loading=\"lazy\" src=\"https:\/\/s3.eu-north-1.amazonaws.com\/yellotab.se\/wp-content\/uploads\/sites\/65\/2023\/11\/23164328\/2023-11-20-02.11.14-pm-1024x682.png\" alt=\"\" class=\"\"\/><\/div><div class=\"tb-image-shadow-1-shadow-1\"> <\/div><div class=\"tb-image-shadow-1-shadow-2\"> <\/div><\/div><\/div><\/figure>\n<\/div>","protected":false},"excerpt":{"rendered":"<p>V\u00e5r v\u00e4rdegrund bygger p\u00e5 transparens i hela v\u00e4rdekedjan och att deltagande producenter bygger tillit och garantera kvalitet till sina produkter. Ekologiskt p\u00e5 riktigt, bygger p\u00e5 att alla lager i v\u00e5ra kretslopp blir tillgodosedda. Ekologisk produktion I den ekologiska odlingen f\u00e5r man inte anv\u00e4nda konstg\u00f6dsel och kemiska bek\u00e4mpningsmedel. Vissa naturligt f\u00f6rekommande \u00e4mnen f\u00e5r dock anv\u00e4ndas som [&hellip;]<\/p>\n","protected":false},"author":3,"featured_media":0,"parent":0,"menu_order":0,"comment_status":"closed","ping_status":"closed","template":"","meta":{"footnotes":""},"class_list":["post-24","page","type-page","status-publish","hentry"],"jetpack_sharing_enabled":true,"_links":{"self":[{"href":"https:\/\/yellotab.se\/p1\/wp-json\/wp\/v2\/pages\/24","targetHints":{"allow":["GET"]}}],"collection":[{"href":"https:\/\/yellotab.se\/p1\/wp-json\/wp\/v2\/pages"}],"about":[{"href":"https:\/\/yellotab.se\/p1\/wp-json\/wp\/v2\/types\/page"}],"author":[{"embeddable":true,"href":"https:\/\/yellotab.se\/p1\/wp-json\/wp\/v2\/users\/3"}],"replies":[{"embeddable":true,"href":"https:\/\/yellotab.se\/p1\/wp-json\/wp\/v2\/comments?post=24"}],"version-history":[{"count":15,"href":"https:\/\/yellotab.se\/p1\/wp-json\/wp\/v2\/pages\/24\/revisions"}],"predecessor-version":[{"id":237,"href":"https:\/\/yellotab.se\/p1\/wp-json\/wp\/v2\/pages\/24\/revisions\/237"}],"wp:attachment":[{"href":"https:\/\/yellotab.se\/p1\/wp-json\/wp\/v2\/media?parent=24"}],"curies":[{"name":"wp","href":"https:\/\/api.w.org\/{rel}","templated":true}]}}