{"id":32,"date":"2023-08-21T11:50:58","date_gmt":"2023-08-21T09:50:58","guid":{"rendered":"https:\/\/yellotab.se\/p1\/?page_id=32"},"modified":"2023-10-16T19:36:21","modified_gmt":"2023-10-16T17:36:21","slug":"soderlunds-smabruk","status":"publish","type":"page","link":"https:\/\/yellotab.se\/p1\/soderlunds-smabruk\/","title":{"rendered":"S\u00d6DERLUNDS SM\u00c5BRUK"},"content":{"rendered":"\n<div class=\"wp-block-columns alignwide is-layout-flex wp-container-core-columns-is-layout-28f84493 wp-block-columns-is-layout-flex\">\n<div class=\"wp-block-column is-layout-flow wp-block-column-is-layout-flow\" style=\"flex-basis:66.66%\">\n<h4 class=\"wp-block-heading\">Vi \u00e4r en liten g\u00e5rd d\u00e4r vi odlar ekologiska jordgubbar, potatis och gul l\u00f6k. Vi \u00e4r KRAV-certifierade och vi gillar att alla kan ha tillg\u00e5ng till god naturlig mat s\u00e5 vi h\u00e5ller l\u00e5ga vettiga priser.<\/h4>\n\n\n\n<hr class=\"wp-block-separator has-alpha-channel-opacity is-style-dots\"\/>\n\n\n\n<p><strong>Kontakt:<\/strong> \u00a0<a href=\"mailto:wap.janssen@gmail.com\">wap.janssen@gmail.com<\/a> |<br><strong>Kluster:<\/strong> <a href=\"https:\/\/yellotab.se\/p1\/category\/kluster-hoor\/\">Kluster H\u00f6\u00f6r<\/a><\/p>\n<\/div>\n\n\n\n<div class=\"wp-block-column is-layout-flow wp-block-column-is-layout-flow\" style=\"flex-basis:33.33%\">\n<figure class=\"wp-block-image tb-image tb-image-dynamic tb-image-frame-polaroid\" data-toolset-blocks-image=\"7212575dc8900d48b6a3cfe8b2697de0\"><div class=\"tb-image-polaroid\"><div class=\"tb-image-polaroid-inner\"><img decoding=\"async\" loading=\"lazy\" src=\"https:\/\/s3.eu-north-1.amazonaws.com\/yellotab.se\/wp-content\/uploads\/sites\/65\/2023\/08\/23181128\/IMG_0553.jpg\" alt=\"\" class=\"\"\/><\/div><\/div><figcaption><div class=\"tb-image-caption\">Familjen Janssen<\/div><\/figcaption><\/figure>\n<\/div>\n<\/div>\n\n\n\n<hr class=\"wp-block-separator has-alpha-channel-opacity is-style-dots\"\/>\n\n\n\n<div class=\"wp-block-query is-layout-flow wp-block-query-is-layout-flow\"><ul class=\"wp-block-post-template is-layout-flow wp-block-post-template-is-layout-flow\"><li class=\"wp-block-post post-189 post type-post status-publish format-standard has-post-thumbnail hentry category-kluster-hoor tag-soderlunds-smabruk\">\n\n<div class=\"wp-block-columns are-vertically-aligned-center is-layout-flex wp-container-core-columns-is-layout-28f84493 wp-block-columns-is-layout-flex\">\n<div class=\"wp-block-column is-vertically-aligned-center is-layout-flow wp-block-column-is-layout-flow\" style=\"flex-basis:25%\"><figure class=\"wp-block-post-featured-image\"><a href=\"https:\/\/yellotab.se\/p1\/2023\/10\/17\/kalsallad\/\" target=\"_self\"  ><img loading=\"lazy\" decoding=\"async\" width=\"3024\" height=\"4032\" src=\"https:\/\/s3.eu-north-1.amazonaws.com\/yellotab.se\/wp-content\/uploads\/sites\/65\/2023\/10\/24183836\/IMG_1676.jpg\" class=\"attachment-post-thumbnail size-post-thumbnail wp-post-image\" alt=\"Spetsk\u00e5l\" style=\"object-fit:cover;\" \/><\/a><\/figure><\/div>\n\n\n\n<div class=\"wp-block-column is-vertically-aligned-center is-layout-flow wp-block-column-is-layout-flow\" style=\"flex-basis:75%\"><h2 class=\"wp-block-post-title\"><a href=\"https:\/\/yellotab.se\/p1\/2023\/10\/17\/kalsallad\/\" target=\"_self\" >Spetsk\u00e5l<\/a><\/h2><\/div>\n<\/div>\n\n<\/li><li class=\"wp-block-post post-186 post type-post status-publish format-standard has-post-thumbnail hentry category-kluster-hoor tag-soderlunds-smabruk\">\n\n<div class=\"wp-block-columns are-vertically-aligned-center is-layout-flex wp-container-core-columns-is-layout-28f84493 wp-block-columns-is-layout-flex\">\n<div class=\"wp-block-column is-vertically-aligned-center is-layout-flow wp-block-column-is-layout-flow\" style=\"flex-basis:25%\"><figure class=\"wp-block-post-featured-image\"><a href=\"https:\/\/yellotab.se\/p1\/2023\/10\/17\/vet-inte\/\" target=\"_self\"  ><img loading=\"lazy\" decoding=\"async\" width=\"3024\" height=\"4032\" src=\"https:\/\/s3.eu-north-1.amazonaws.com\/yellotab.se\/wp-content\/uploads\/sites\/65\/2023\/10\/24183836\/IMG_1673.jpg\" class=\"attachment-post-thumbnail size-post-thumbnail wp-post-image\" alt=\"Selleri\" style=\"object-fit:cover;\" \/><\/a><\/figure><\/div>\n\n\n\n<div class=\"wp-block-column is-vertically-aligned-center is-layout-flow wp-block-column-is-layout-flow\" style=\"flex-basis:75%\"><h2 class=\"wp-block-post-title\"><a href=\"https:\/\/yellotab.se\/p1\/2023\/10\/17\/vet-inte\/\" target=\"_self\" >Selleri<\/a><\/h2><\/div>\n<\/div>\n\n<\/li><li class=\"wp-block-post post-183 post type-post status-publish format-standard has-post-thumbnail hentry category-kluster-hoor tag-soderlunds-smabruk\">\n\n<div class=\"wp-block-columns are-vertically-aligned-center is-layout-flex wp-container-core-columns-is-layout-28f84493 wp-block-columns-is-layout-flex\">\n<div class=\"wp-block-column is-vertically-aligned-center is-layout-flow wp-block-column-is-layout-flow\" style=\"flex-basis:25%\"><figure class=\"wp-block-post-featured-image\"><a href=\"https:\/\/yellotab.se\/p1\/2023\/10\/17\/kalrot\/\" target=\"_self\"  ><img loading=\"lazy\" decoding=\"async\" width=\"3024\" height=\"4032\" src=\"https:\/\/s3.eu-north-1.amazonaws.com\/yellotab.se\/wp-content\/uploads\/sites\/65\/2023\/10\/24183836\/IMG_1675.jpg\" class=\"attachment-post-thumbnail size-post-thumbnail wp-post-image\" alt=\"K\u00e5lrot\" style=\"object-fit:cover;\" \/><\/a><\/figure><\/div>\n\n\n\n<div class=\"wp-block-column is-vertically-aligned-center is-layout-flow wp-block-column-is-layout-flow\" style=\"flex-basis:75%\"><h2 class=\"wp-block-post-title\"><a href=\"https:\/\/yellotab.se\/p1\/2023\/10\/17\/kalrot\/\" target=\"_self\" >K\u00e5lrot<\/a><\/h2><\/div>\n<\/div>\n\n<\/li><\/ul><\/div>\n","protected":false},"excerpt":{"rendered":"<p>Vi \u00e4r en liten g\u00e5rd d\u00e4r vi odlar ekologiska jordgubbar, potatis och gul l\u00f6k. Vi \u00e4r KRAV-certifierade och vi gillar att alla kan ha tillg\u00e5ng till god naturlig mat s\u00e5 vi h\u00e5ller l\u00e5ga vettiga priser. Kontakt: \u00a0wap.janssen@gmail.com |Kluster: Kluster H\u00f6\u00f6r<\/p>\n","protected":false},"author":3,"featured_media":0,"parent":0,"menu_order":0,"comment_status":"closed","ping_status":"closed","template":"","meta":{"footnotes":""},"class_list":["post-32","page","type-page","status-publish","hentry"],"jetpack_sharing_enabled":true,"_links":{"self":[{"href":"https:\/\/yellotab.se\/p1\/wp-json\/wp\/v2\/pages\/32","targetHints":{"allow":["GET"]}}],"collection":[{"href":"https:\/\/yellotab.se\/p1\/wp-json\/wp\/v2\/pages"}],"about":[{"href":"https:\/\/yellotab.se\/p1\/wp-json\/wp\/v2\/types\/page"}],"author":[{"embeddable":true,"href":"https:\/\/yellotab.se\/p1\/wp-json\/wp\/v2\/users\/3"}],"replies":[{"embeddable":true,"href":"https:\/\/yellotab.se\/p1\/wp-json\/wp\/v2\/comments?post=32"}],"version-history":[{"count":9,"href":"https:\/\/yellotab.se\/p1\/wp-json\/wp\/v2\/pages\/32\/revisions"}],"predecessor-version":[{"id":168,"href":"https:\/\/yellotab.se\/p1\/wp-json\/wp\/v2\/pages\/32\/revisions\/168"}],"wp:attachment":[{"href":"https:\/\/yellotab.se\/p1\/wp-json\/wp\/v2\/media?parent=32"}],"curies":[{"name":"wp","href":"https:\/\/api.w.org\/{rel}","templated":true}]}}