{"id":114,"date":"2022-09-29T08:24:26","date_gmt":"2022-09-29T06:24:26","guid":{"rendered":"https:\/\/yellotab.se\/planb\/?page_id=114"},"modified":"2022-09-29T10:07:55","modified_gmt":"2022-09-29T08:07:55","slug":"investering-spara","status":"publish","type":"page","link":"https:\/\/yellotab.se\/planb\/investering-spara\/","title":{"rendered":"Investering (spara)"},"content":{"rendered":"\n<p><strong>Variant 1<\/strong>: L\u00e5na pengar och skapa en skuld, som betalas av under ett antal \u00e5r. <br>(Amortering + r\u00e4nta)<\/p>\n\n\n\n<p><strong>Variant 2<\/strong>: Intressenter betalar av sina egna pengar som ett l\u00e5n, p\u00e5 l\u00e5net f\u00e5r man r\u00e4nta, <br>(r\u00e4nta<\/p>\n\n\n\n<p><strong>Variant 3<\/strong>: Intressenter (medlem) deponerar en valfri summa, som \u00e5terbetalas vid exit<br>(deponera (l\u00e5sa pengar)) &#8211;<\/p>\n\n\n\n<p><strong>Variant 3b<\/strong>: Intressent (medlem) donerar valfri summa som inte kommer att \u00e5terbetalas, men man f\u00e5r del av avkastning beroende p\u00e5 investering<\/p>\n\n\n\n<p><strong>Variant 4<\/strong>: Intressent som betalar anv\u00e4ndning ( medlem) kan tillgodor\u00e4kna sig tid och p\u00e5 s\u00e5 s\u00e4tt f\u00e5 del av avkastning<\/p>\n\n\n\n<hr class=\"wp-block-separator has-alpha-channel-opacity\"\/>\n\n\n\n<p class=\"has-medium-font-size\"><strong>Exit strategi<\/strong><\/p>\n\n\n\n<p><\/p>\n\n\n\n<hr class=\"wp-block-separator has-alpha-channel-opacity\"\/>\n\n\n\n<p class=\"has-medium-font-size\"><strong>Incitament<\/strong><\/p>\n\n\n\n<p>Efter  X antal \u00e5r som medlem s\u00e5 f\u00e5r man x % av avkastning<\/p>\n\n\n\n<hr class=\"wp-block-separator has-alpha-channel-opacity\"\/>\n\n\n\n<p class=\"has-medium-font-size\"><strong>F\u00f6rs\u00e4kring:<\/strong><\/p>\n","protected":false},"excerpt":{"rendered":"<p>Variant 1: L\u00e5na pengar och skapa en skuld, som betalas av under ett antal \u00e5r. (Amortering + r\u00e4nta) Variant 2: Intressenter betalar av sina egna pengar som ett l\u00e5n, p\u00e5 l\u00e5net f\u00e5r man r\u00e4nta, (r\u00e4nta Variant 3: Intressenter (medlem) deponerar en valfri summa, som \u00e5terbetalas vid exit(deponera (l\u00e5sa pengar)) &#8211; Variant 3b: Intressent (medlem) donerar &#8230; <a title=\"Investering (spara)\" class=\"read-more\" href=\"https:\/\/yellotab.se\/planb\/investering-spara\/\" aria-label=\"L\u00e4s mer om Investering (spara)\">L\u00e4s mer<\/a><\/p>\n","protected":false},"author":3,"featured_media":0,"parent":0,"menu_order":0,"comment_status":"closed","ping_status":"closed","template":"","meta":{"footnotes":""},"class_list":["post-114","page","type-page","status-publish"],"jetpack_sharing_enabled":true,"_links":{"self":[{"href":"https:\/\/yellotab.se\/planb\/wp-json\/wp\/v2\/pages\/114","targetHints":{"allow":["GET"]}}],"collection":[{"href":"https:\/\/yellotab.se\/planb\/wp-json\/wp\/v2\/pages"}],"about":[{"href":"https:\/\/yellotab.se\/planb\/wp-json\/wp\/v2\/types\/page"}],"author":[{"embeddable":true,"href":"https:\/\/yellotab.se\/planb\/wp-json\/wp\/v2\/users\/3"}],"replies":[{"embeddable":true,"href":"https:\/\/yellotab.se\/planb\/wp-json\/wp\/v2\/comments?post=114"}],"version-history":[{"count":3,"href":"https:\/\/yellotab.se\/planb\/wp-json\/wp\/v2\/pages\/114\/revisions"}],"predecessor-version":[{"id":120,"href":"https:\/\/yellotab.se\/planb\/wp-json\/wp\/v2\/pages\/114\/revisions\/120"}],"wp:attachment":[{"href":"https:\/\/yellotab.se\/planb\/wp-json\/wp\/v2\/media?parent=114"}],"curies":[{"name":"wp","href":"https:\/\/api.w.org\/{rel}","templated":true}]}}