{"id":33,"date":"2022-06-08T12:23:44","date_gmt":"2022-06-08T10:23:44","guid":{"rendered":"https:\/\/yellotab.se\/planb\/?page_id=33"},"modified":"2022-06-08T12:23:46","modified_gmt":"2022-06-08T10:23:46","slug":"miljo-och-resepolicy","status":"publish","type":"page","link":"https:\/\/yellotab.se\/planb\/miljo-och-resepolicy\/","title":{"rendered":"Milj\u00f6 och resepolicy"},"content":{"rendered":"\n<p>\u00d6vergripande policy<\/p>\n\n\n\n<p>Riktlinjer f\u00f6rm\u00f6ten<br>&#8211; Tips<\/p>\n\n\n\n<p>Val av f\u00e4rdmedel f\u00f6r tj\u00e4nsteresa<br>&#8211; Tips<\/p>\n\n\n\n<p>Tj\u00e4nsteresor med bil<br>&#8211; Tips<\/p>\n\n\n\n<p>Tj\u00e4nsteresor med cykel<br>&#8211; Tips<\/p>\n\n\n\n<p>Distansarbete<\/p>\n\n\n\n<p>Parkering av privat\u00e4gd bil<\/p>\n\n\n\n<p>Parkering av privat\u00e4gd cykel<\/p>\n\n\n\n<p>Cykla, g\u00e5 och \u00e5ka kollektivt till arbetet<\/p>\n\n\n\n<p>Milj\u00f6krav p\u00e5 arbetsgivarens bilar<\/p>\n\n\n\n<p>Regler f\u00f6r personbil och tj\u00e4nstebil<br>&#8211; F\u00f6rdjupning<\/p>\n\n\n\n<p>Undantag<\/p>\n\n\n\n<p>Uppf\u00f6ljning och efterlevnad<\/p>\n","protected":false},"excerpt":{"rendered":"<p>\u00d6vergripande policy Riktlinjer f\u00f6rm\u00f6ten&#8211; Tips Val av f\u00e4rdmedel f\u00f6r tj\u00e4nsteresa&#8211; Tips Tj\u00e4nsteresor med bil&#8211; Tips Tj\u00e4nsteresor med cykel&#8211; Tips Distansarbete Parkering av privat\u00e4gd bil Parkering av privat\u00e4gd cykel Cykla, g\u00e5 och \u00e5ka kollektivt till arbetet Milj\u00f6krav p\u00e5 arbetsgivarens bilar Regler f\u00f6r personbil och tj\u00e4nstebil&#8211; F\u00f6rdjupning Undantag Uppf\u00f6ljning och efterlevnad<\/p>\n","protected":false},"author":3,"featured_media":0,"parent":0,"menu_order":0,"comment_status":"closed","ping_status":"closed","template":"","meta":{"footnotes":""},"class_list":["post-33","page","type-page","status-publish"],"jetpack_sharing_enabled":true,"_links":{"self":[{"href":"https:\/\/yellotab.se\/planb\/wp-json\/wp\/v2\/pages\/33","targetHints":{"allow":["GET"]}}],"collection":[{"href":"https:\/\/yellotab.se\/planb\/wp-json\/wp\/v2\/pages"}],"about":[{"href":"https:\/\/yellotab.se\/planb\/wp-json\/wp\/v2\/types\/page"}],"author":[{"embeddable":true,"href":"https:\/\/yellotab.se\/planb\/wp-json\/wp\/v2\/users\/3"}],"replies":[{"embeddable":true,"href":"https:\/\/yellotab.se\/planb\/wp-json\/wp\/v2\/comments?post=33"}],"version-history":[{"count":1,"href":"https:\/\/yellotab.se\/planb\/wp-json\/wp\/v2\/pages\/33\/revisions"}],"predecessor-version":[{"id":34,"href":"https:\/\/yellotab.se\/planb\/wp-json\/wp\/v2\/pages\/33\/revisions\/34"}],"wp:attachment":[{"href":"https:\/\/yellotab.se\/planb\/wp-json\/wp\/v2\/media?parent=33"}],"curies":[{"name":"wp","href":"https:\/\/api.w.org\/{rel}","templated":true}]}}