{"id":48,"date":"2022-07-10T10:25:53","date_gmt":"2022-07-10T08:25:53","guid":{"rendered":"https:\/\/yellotab.se\/planb\/?page_id=48"},"modified":"2022-07-10T10:26:17","modified_gmt":"2022-07-10T08:26:17","slug":"utan-skuld","status":"publish","type":"page","link":"https:\/\/yellotab.se\/planb\/utan-skuld\/","title":{"rendered":"Agent utan skuld"},"content":{"rendered":"\n<p><strong>Syndabockar<\/strong><\/p>\n\n\n\n<p>Vid all probleml\u00f6sning \u00e4r det viktigt att till\u00e4mpa en \u201dno-blame\u201d-attityd. Det \u00e4r s\u00e5ledes oftast inte \u201dn\u00e5gons\u201d fel att ett problem uppst\u00e5tt. Orsakerna till problem ligger f\u00f6rvisso n\u00e5gonstans i det probleml\u00f6sare kallar f\u00f6r 4M \u2013 Maskin, Metod, Material och M\u00e4nniska. Rotorsaker inom ett eller flera av dessa omr\u00e5den kan t.ex. leda till att en uppgift blir om\u00f6jlig att utf\u00f6ra eller att \u00f6nskade resultat uteblir.<\/p>\n\n\n\n<p><strong>Orsak och verkan<\/strong><\/p>\n\n\n\n<p>I komplexa system l\u00f6sningar finns orsaken till att saker inte fungerar ofta inte varje enskild produkt, utan orsaken uppst\u00e5r i samband med flera olika produkter och system som anv\u00e4nds tillsammans som ligger utanf\u00f6r varje enskild utvecklares medvetenhet.<\/p>\n\n\n\n<p><strong>Metodisk h\u00e4rledning<\/strong><\/p>\n\n\n\n<p>Vi tycker att fokus b\u00f6r ligga p\u00e5 att hitta de riktiga och n\u00e4raliggande orsakerna till problem och avvikelser i Sverige och v\u00e4rlden.&nbsp;I en direkt h\u00e4rledning (med t.ex. 5W eller 5 Why) manifesteras t.ex. problemet ovan l\u00e5ngt innan man kommer till utvecklare och forskare. Vi vet att ju l\u00e4ngre fr\u00e5n ett problem man befinner sig desto mindre orsak \u00e4r man till att det uppst\u00e5r och desto mindre inverkan har man ocks\u00e5 om man \u00e5tg\u00e4rdas i en l\u00f6sning. Det beh\u00f6vs b\u00e4ttre problembeskrivningar med ordentliga orsaksanalyser f\u00f6r att vi ska komma vidare. Inte minst n\u00e4r fr\u00e5gorna diskuteras i media.<\/p>\n\n\n\n<p><strong>Kunskap och l\u00e4rande<\/strong><\/p>\n\n\n\n<p>Vi tror p\u00e5 kraften och f\u00f6r\u00e4ndringsviljan hos den enskilda individen. I ett informations- och kunskapssamh\u00e4lle \u00e4r det inte fr\u00e4mst staten som st\u00e5r f\u00f6r kunskap och l\u00e4rande. Vi vill ge m\u00e4nniskor r\u00e4tt verktyg f\u00f6r att bygga egen kunskap kring liv och h\u00e4lsa. Alla problem l\u00f6ses inte b\u00e4st i den offentliga dom\u00e4nen. Vi tror att svaren p\u00e5 fr\u00e5gorna kring produkter som inte fungerar fr\u00e4mst borde finnas hos de som sj\u00e4lva anv\u00e4nder produkten.<\/p>\n\n\n\n<p><strong>Bra kunskap kr\u00e4ver bra data<\/strong><\/p>\n\n\n\n<p>Alla efterfr\u00e5gar b\u00e4ttre studier och evidensbaserad forskning, och \u00e5terigen verkar alla lika \u00f6vertygade om att n\u00e5gon annan b\u00f6r g\u00f6ra jobbet. Mycket av kritiken handlar om hur politiker och forskare dragit felaktiga slutsatser utifr\u00e5n tvivelaktiga studier och underm\u00e5liga underlag. P\u00e5 detta omr\u00e5de tror vi att man borde kunna g\u00f6ra n\u00e5got. En del av det vi vill \u00e5stadkomma \u00e4r att p\u00e5 olika s\u00e4tt f\u00f6rse politiker och forskare med tillf\u00f6rlitlig och relevant data som kan anv\u00e4ndas f\u00f6r att ta b\u00e4ttre beslut.<\/p>\n\n\n\n<p>Vi\u00a0vill utmana<\/p>\n\n\n\n<ul class=\"wp-block-list\"><li>Skapa f\u00f6rst\u00e5else<\/li><li>G\u00f6ra det l\u00e4ttare att ta ansvar<\/li><li>Ge evidens<\/li><li>Hj\u00e4lpa till att f\u00f6rutse<\/li><\/ul>\n\n\n\n<p><\/p>\n\n\n\n<p>Vi har en vision f\u00f6r hur vi vill angripa problemet i dagens samh\u00e4lle. I den visionen ing\u00e5r Serviceboken \u2013 all supportinformation i handen oavsett leverant\u00f6r. Genom Serviceboken vill vi ge m\u00e4nniskor \u00f6versikt \u00f6ver sin personliga information f\u00f6r att l\u00e4ttare kunna f\u00f6rst\u00e5 och p\u00e5verka. Det handlar inte om att f\u00f6renkla, utan&nbsp;om att g\u00f6ra det enkelt att f\u00f6rst\u00e5&nbsp;komplexa samband f\u00f6r att b\u00e4ttre hitta och f\u00f6lja upp personliga mark\u00f6rer.<\/p>\n\n\n\n<p>Vi tror att interaktivt l\u00e4rande d\u00e4r m\u00e4nniskor genom att sj\u00e4lv st\u00e4lla fr\u00e5gorna och vara delaktiga i att finna svaren \u00e4r den r\u00e4tta v\u00e4gen fram\u00e5t. Vi vill anv\u00e4nda visuella hj\u00e4lpmedel f\u00f6r att beskriva komplexa samband utifr\u00e5n personlig data samt p\u00e5visa effekter av olika insatser och \u00e5tg\u00e4rder, t.ex. underh\u00e5ll och service. Vi vill kort och gott g\u00f6ra det enklare f\u00f6r m\u00e4nniskor att&nbsp;f\u00f6rst\u00e5 och ta mer ansvar f\u00f6r sig sj\u00e4lv och sitt v\u00e4lbefinnande.<\/p>\n\n\n\n<p>Vi ser framf\u00f6r oss ett kunskapssamh\u00e4lle d\u00e4r t.ex r\u00e5d baseras p\u00e5 aktuell och verklig data. Vi vill ocks\u00e5 ge m\u00e4nniskor m\u00f6jlighet att dela med sig av personlig data till forskning som i sin tur kan&nbsp;ge evidens&nbsp;och trov\u00e4rdighet \u00e5t ny kunskap. Detta skapar b\u00e4ttre underlag f\u00f6r politiker och beslutsfattare som beh\u00f6ver kunna f\u00f6rutse konsekvenser av slutsatser och beslut.<\/p>\n\n\n\n<p>Genom att t.ex. utnyttja den senaste tekniken f\u00f6r loggning och delning av personlig realtidsdata tror vi att det redan nu och i framtiden g\u00e5r att g\u00f6ra b\u00e5de kvalitativa och tillf\u00f6rlitliga livsstilsstudier som str\u00e4cker sig \u00f6ver tid och till en betydligt l\u00e4gre kostnad \u00e4n idag. Helt enkelt att kunna utf\u00f6ra realtidsstudier d\u00e4r man b\u00e4ttre kan f\u00f6lja aktuella trender, och inte enbart f\u00f6rlita sig p\u00e5 historisk data.<\/p>\n\n\n\n<p>Det beh\u00f6vs mer \u00e4n en folkr\u00f6relse f\u00f6r att f\u00f6r\u00e4ndra dagens tillst\u00e5nd.<\/p>\n\n\n\n<p>Om ett par tusen m\u00e4nniskor som kan uppvisa synbara resultat och vittna om hur en kostoml\u00e4ggning f\u00f6r\u00e4ndrade livet f\u00f6r dem och gjorde dem friskare \u00e4r helt klart en bra b\u00f6rjan och n\u00e5got som i viss m\u00e5n \u00f6kar trov\u00e4rdigheten i budskapet. Fr\u00e5gan som vi st\u00e4ller oss \u00e4r dock \u2013 var \u00e4r den data som skulle kunna ge evidens \u00e5t p\u00e5st\u00e5endena? Vi p\u00e5st\u00e5r att, n\u00e4r det kommer till underlag i form av data, s\u00e5 \u00e4r l\u00e4get precis lika illa h\u00e4r som f\u00f6r \u00f6vriga debatt\u00f6rer inom kostdebatten.<\/p>\n\n\n\n<p>Vi tror inte att problemet fr\u00e4mst ligger i att denna typen av data inte finns, utan snarare att ingen hittills har samlat in och sammanst\u00e4llt den p\u00e5 ett strukturerad s\u00e4tt. Serviceboken \u00e4r ett s\u00e5dant initiativ.<\/p>\n\n\n\n<h2 class=\"wp-block-heading\">Inbjudan till dialog<\/h2>\n\n\n\n<p>Hur knyter vi ihop ny kunskap och l\u00e4rande fr\u00e5n m\u00e5nga k\u00e4llor till en helhet som ger mening \u00e5t m\u00e4nniskor och hj\u00e4lper dem att l\u00e4ra nya saker samt fatta egna och kloka beslut kring sina resurser och tillg\u00e5ngar .<\/p>\n\n\n\n<h2 class=\"wp-block-heading\">Fr\u00e5n tal till handling<\/h2>\n\n\n\n<p>Vi vill skapa en plattform d\u00e4r flera akt\u00f6rer samarbetar kring dessa viktiga fr\u00e5gor och d\u00e4r vi jobbar mot samma vision och f\u00f6r att n\u00e5 vissa effekter. Det finns tillr\u00e4ckligt med problem att b\u00f6rja jobba med. Vad vi beh\u00f6ver nu \u00e4r fler entrepren\u00f6rer som vill vara med och f\u00f6rs\u00f6ka l\u00f6sa dem.<\/p>\n\n\n\n<p>Vi har d\u00e4rf\u00f6r skapat ett gr\u00e4ns\u00f6verskridande projekt f\u00f6r att arbeta med detta. solarXbike har en nollvision f\u00f6r problem och vill erbjuda ett mots\u00e5ndskraftigt transportsystem som ger positiva effekter p\u00e5 h\u00e4lsa, milj\u00f6 och ekonomi.<\/p>\n\n\n\n<p>Tycker ni att detta verkar intressant och vill veta mer \u00e4r ni v\u00e4lkomna att h\u00f6ra av er till oss p\u00e5 solarXbike och Yellotab s\u00e5 kan vi tillsammans g\u00f6ra n\u00e5got redan idag.<\/p>\n\n\n\n<p>Med v\u00e4nlig h\u00e4lsning,<\/p>\n\n\n\n<p>Lars Lindmark, VD och grundare Jidoka Innovation AB<\/p>\n","protected":false},"excerpt":{"rendered":"<p>Syndabockar Vid all probleml\u00f6sning \u00e4r det viktigt att till\u00e4mpa en \u201dno-blame\u201d-attityd. Det \u00e4r s\u00e5ledes oftast inte \u201dn\u00e5gons\u201d fel att ett problem uppst\u00e5tt. Orsakerna till problem ligger f\u00f6rvisso n\u00e5gonstans i det probleml\u00f6sare kallar f\u00f6r 4M \u2013 Maskin, Metod, Material och M\u00e4nniska. Rotorsaker inom ett eller flera av dessa omr\u00e5den kan t.ex. leda till att en uppgift &#8230; <a title=\"Agent utan skuld\" class=\"read-more\" href=\"https:\/\/yellotab.se\/planb\/utan-skuld\/\" aria-label=\"L\u00e4s mer om Agent utan skuld\">L\u00e4s mer<\/a><\/p>\n","protected":false},"author":3,"featured_media":0,"parent":0,"menu_order":0,"comment_status":"closed","ping_status":"closed","template":"","meta":{"footnotes":""},"class_list":["post-48","page","type-page","status-publish"],"jetpack_sharing_enabled":true,"_links":{"self":[{"href":"https:\/\/yellotab.se\/planb\/wp-json\/wp\/v2\/pages\/48","targetHints":{"allow":["GET"]}}],"collection":[{"href":"https:\/\/yellotab.se\/planb\/wp-json\/wp\/v2\/pages"}],"about":[{"href":"https:\/\/yellotab.se\/planb\/wp-json\/wp\/v2\/types\/page"}],"author":[{"embeddable":true,"href":"https:\/\/yellotab.se\/planb\/wp-json\/wp\/v2\/users\/3"}],"replies":[{"embeddable":true,"href":"https:\/\/yellotab.se\/planb\/wp-json\/wp\/v2\/comments?post=48"}],"version-history":[{"count":2,"href":"https:\/\/yellotab.se\/planb\/wp-json\/wp\/v2\/pages\/48\/revisions"}],"predecessor-version":[{"id":50,"href":"https:\/\/yellotab.se\/planb\/wp-json\/wp\/v2\/pages\/48\/revisions\/50"}],"wp:attachment":[{"href":"https:\/\/yellotab.se\/planb\/wp-json\/wp\/v2\/media?parent=48"}],"curies":[{"name":"wp","href":"https:\/\/api.w.org\/{rel}","templated":true}]}}