{"id":89,"date":"2022-08-11T08:25:57","date_gmt":"2022-08-11T06:25:57","guid":{"rendered":"https:\/\/yellotab.se\/planb\/?page_id=89"},"modified":"2022-08-11T08:28:58","modified_gmt":"2022-08-11T06:28:58","slug":"odla-omdome","status":"publish","type":"page","link":"https:\/\/yellotab.se\/planb\/odla-omdome\/","title":{"rendered":"Odla omd\u00f6me"},"content":{"rendered":"\n<figure class=\"wp-block-embed is-type-video is-provider-youtube wp-block-embed-youtube wp-embed-aspect-16-9 wp-has-aspect-ratio\"><div class=\"wp-block-embed__wrapper\">\n<iframe loading=\"lazy\" title=\"Vad \u00e4r omd\u00f6me och varf\u00f6r har vi gl\u00f6mt bort det? - f\u00f6rel\u00e4sning med filosofen Jonna Bornemark\" width=\"1200\" height=\"675\" src=\"https:\/\/www.youtube.com\/embed\/vu1wRJfcQNM?feature=oembed\" frameborder=\"0\" allow=\"accelerometer; autoplay; clipboard-write; encrypted-media; gyroscope; picture-in-picture\" allowfullscreen><\/iframe>\n<\/div><\/figure>\n\n\n\n<p>Del 2: <a href=\"https:\/\/www.youtube.com\/watch?v=GCowJ2602V0\">Hur vi odlar omd\u00f6me<\/a><\/p>\n","protected":false},"excerpt":{"rendered":"<p>Del 2: Hur vi odlar omd\u00f6me<\/p>\n","protected":false},"author":3,"featured_media":0,"parent":0,"menu_order":0,"comment_status":"closed","ping_status":"closed","template":"","meta":{"footnotes":""},"class_list":["post-89","page","type-page","status-publish"],"jetpack_sharing_enabled":true,"_links":{"self":[{"href":"https:\/\/yellotab.se\/planb\/wp-json\/wp\/v2\/pages\/89","targetHints":{"allow":["GET"]}}],"collection":[{"href":"https:\/\/yellotab.se\/planb\/wp-json\/wp\/v2\/pages"}],"about":[{"href":"https:\/\/yellotab.se\/planb\/wp-json\/wp\/v2\/types\/page"}],"author":[{"embeddable":true,"href":"https:\/\/yellotab.se\/planb\/wp-json\/wp\/v2\/users\/3"}],"replies":[{"embeddable":true,"href":"https:\/\/yellotab.se\/planb\/wp-json\/wp\/v2\/comments?post=89"}],"version-history":[{"count":3,"href":"https:\/\/yellotab.se\/planb\/wp-json\/wp\/v2\/pages\/89\/revisions"}],"predecessor-version":[{"id":93,"href":"https:\/\/yellotab.se\/planb\/wp-json\/wp\/v2\/pages\/89\/revisions\/93"}],"wp:attachment":[{"href":"https:\/\/yellotab.se\/planb\/wp-json\/wp\/v2\/media?parent=89"}],"curies":[{"name":"wp","href":"https:\/\/api.w.org\/{rel}","templated":true}]}}