{"id":9,"date":"2022-06-02T12:16:15","date_gmt":"2022-06-02T10:16:15","guid":{"rendered":"https:\/\/yellotab.se\/planb\/?page_id=9"},"modified":"2025-02-24T10:39:28","modified_gmt":"2025-02-24T09:39:28","slug":"startsida","status":"publish","type":"page","link":"https:\/\/yellotab.se\/planb\/","title":{"rendered":"Startsida"},"content":{"rendered":"\n<p class=\"has-text-align-center\"><img decoding=\"async\" src=\"https:\/\/docs.google.com\/drawings\/d\/e\/2PACX-1vSPeShCr1_DKdNTv5lKDUKMoeHRYtFaCqjJZEEI8AobcqRCBAKvgSufjGSmYQqzTWk9bmn-avTF9mOR\/pub?w=960&amp;h=720\"><\/p>\n\n\n\n<div style=\"height:100px\" aria-hidden=\"true\" class=\"wp-block-spacer\"><\/div>\n\n\n\n\n\n<h2 class=\"wp-block-heading\">Plan B<\/h2>\n\n\n\n<blockquote class=\"wp-block-quote is-layout-flow wp-block-quote-is-layout-flow\">\n<p>Vi str\u00e4var efter att tillgodose alla v\u00e5ra planerbara ekologiska energibehov med 100% f\u00f6rnyelsebara energislag. Och att s\u00e4kerst\u00e4lla s\u00e4kerhet kring fordon f\u00f6r of\u00f6ruts\u00e4gbara stillest\u00e5nd och f\u00f6rlust av fordon, genom digital sp\u00e5rbarhet, underh\u00e5llsdokumentation och underh\u00e5llsavtal.<\/p>\n<\/blockquote>\n\n\n\n<p><strong><strong>M\u00e5ls\u00e4ttning<\/strong><\/strong>:&nbsp;Att tillhandah\u00e5lla ett sj\u00e4lvf\u00f6rs\u00f6rjande transportsystem av l\u00e4tta elfordon&nbsp;f\u00f6r logistik av livsmedel och personer till sj\u00e4lvkostnadspris<\/p>\n\n\n\n<p><strong>Konkret<\/strong>&nbsp;inneb\u00e4r att s\u00e4tta upp en resurspool av transportfordon (el-assisterade cykelfordon) som laddas med solenergi genom en solcellsdrivna laddstationer. Det \u00e4r&nbsp;<strong>en systeml\u00f6sning<\/strong>&nbsp;som inneh\u00e5ller alla delar som fordon laddningsinfrastruktur och digitalt betalningssystem.<\/p>\n\n\n\n<p><strong>En organisation<\/strong>&nbsp;skapas enligt Elinor Ostroms 8 principer f\u00f6r att f\u00f6rvalta de gemensamma resurserna. Ostrom s\u00e5g ocks\u00e5 att det trots alla dessa teoretiska f\u00f6ruts\u00e4gelser om det om\u00f6jliga med interna l\u00f6sningar faktiskt fanns en m\u00e4ngd sj\u00e4lvreglerande och stabila institutionella ordningar f\u00f6r sk\u00f6tsel och nyttjande av gemensamma resurspooler<\/p>\n\n\n\n<p>\u2013 ge tillf\u00f6rlitlig och relevant information<br>\u2013 kunna behandla och l\u00f6sa konflikter<br>\u2013 st\u00e4rka \u00e5tlydnaden av lagar och regler<br>\u2013 ge en effektiv infrastruktur f\u00f6r resursens brukande<br>\u2013 uppmuntra anpassning och f\u00f6r\u00e4ndring.<\/p>\n\n\n\n<p>Fordonen (biohybrider) tillhandah\u00e5lls genom en app och digitala l\u00e5s. Nyttjaren betalar vid anv\u00e4ndning f\u00f6r cykelunderh\u00e5ll och risk.<\/p>\n\n\n\n<p><strong>Behov:<\/strong>&nbsp;att transportera livsmedel och personer i n\u00e4romr\u00e5det med l\u00e5gt klimatavtryck inom ramarna f\u00f6r att uppn\u00e5 Parisvtalet<\/p>\n\n\n\n<pre class=\"wp-block-preformatted\"><strong>Referenser:<\/strong> <a href=\"https:\/\/haradsallmanningsforbundet.se\/wp-content\/uploads\/2018\/03\/Broschyr_haradsallmanningar_180313.pdf\">H\u00e4radsallm\u00e4nning<\/a> | <a href=\"https:\/\/www.forskning.se\/2017\/11\/02\/nyfikenhet-leder-till-utveckling\/\">Elinor Ostrom<\/a> | <a href=\"http:\/\/simp.ly\/p\/5GBSq1\">8 Principer<\/a> | <\/pre>\n\n\n\n<h2 class=\"wp-block-heading\">F\u00f6r\u00e4ndringsintention: LOGIK F\u00d6R V\u00c4RDESKAPANDE<\/h2>\n\n\n\n<p><strong>Linj\u00e4rt v\u00e4rdeskapande \u2013 fl\u00f6desekonomi:<\/strong><\/p>\n\n\n\n<ul class=\"wp-block-list\">\n<li>Stora volymer och snabb flod. H\u00e4ll marknaden om\u00e4ttad.<\/li>\n\n\n\n<li>Transaktionsbaserad<\/li>\n\n\n\n<li>F\u00f6retaget vill s\u00e4lja = \u00f6verf\u00f6ra risk<\/li>\n\n\n\n<li>Prylen \u00e4r designad f\u00f6r att inte h\u00e5lla s\u00e5 l\u00e4nge<\/li>\n\n\n\n<li>Initialt produktv\u00e4rde urholkas.<\/li>\n<\/ul>\n\n\n\n<p><strong>Cirkul\u00e4rt v\u00e4rdeskapande \u2013 tillg\u00e5ngsekonomi:<\/strong><\/p>\n\n\n\n<p><em>L\u00e5ng livsl\u00e4ngd \/ attraktivitet, genom modularisering. uppgraderingsbarhet, omtillverkning etc<\/em><\/p>\n\n\n\n<ul class=\"wp-block-list\">\n<li>Relationsbaserat<\/li>\n\n\n\n<li>F\u00f6retaget vill beh\u00e5lla \u00e4gandet och erbjuda tillg\u00e5ng till eller funktion av produkten<\/li>\n\n\n\n<li>Initialt produktv\u00e4rde bibeh\u00e5lls eller f\u00f6rb\u00e4ttras<\/li>\n\n\n\n<li>F\u00f6rvaltning<\/li>\n<\/ul>\n\n\n\n<h3 class=\"wp-block-heading\">Eftertankar \/ Riskanalys \/ utrymme f\u00f6r forskning<\/h3>\n\n\n\n<p><em>Den stora skillnaden \u00e4r att g\u00e5 fr\u00e5n \u201c\u00e4gande\u201d till \u201ctillg\u00e5ng till\u201d och en konsekvens, vem ska d\u00e5 \u00e4ga systemet?<\/em><\/p>\n\n\n\n<p>I denna modell kanske den som nyttjar produkten \u00e4r system\u00e4gare, dvs gruppen eller communityn, eller den tyska ben\u00e4mningen CSA (CSX), som \u00e4r en typ av kund-kooperativ, eller franska CUMA som \u00e4r en typ av maskin gemenskap. Det vilket det betyder att vi m\u00e5ste kunna organisera oss i sm\u00e5 grupper som kan f\u00f6rvalta och ta ansvar f\u00f6r gemensamma resurser, ett alternativ \u00e4r sk&nbsp;<em>polycentric governance<\/em><\/p>\n\n\n\n<p><strong>Avvikelser fr\u00e5n  normer och praxis:<\/strong>&nbsp;redovisade av RI:SE institut under cirkul\u00e4r omst\u00e4llning<\/p>\n\n\n\n<p class=\"has-text-align-justify\">Traditionell f\u00f6rs\u00e4kring av cyklar genom hemf\u00f6rs\u00e4kring, f\u00f6rlust delas av alla med hemf\u00f6rs\u00e4kring, delniningsekonomi dock kr\u00e4ver en ansvarsf\u00f6rs\u00e4kring som inte riktigt finns idag p\u00e5 marknaden idag<\/p>\n\n\n\n<p>Traditionell bokf\u00f6ring d\u00e4r produktv\u00e4rdet skrivs av p\u00e5 kort tid<\/p>\n\n\n\n<p><\/p>\n\n\n\n<pre id=\"block-01dc6ee1-2908-4cad-8921-c7bee028f408\" class=\"wp-block-preformatted\">Cirkul\u00e4r ekonomi : Aff\u00e4rsmodell | <a href=\"https:\/\/www.ksla.se\/pdf-meta\/kslat-3-2021-jag-skulle-aldrig-vaga-flyga-med-en-skordetroska\/\">Flyga en sk\u00f6rdetr\u00f6ska<\/a> | <a href=\"https:\/\/www.cuma.fr\/decouvrir-le-reseau-cuma-et-la-federation-nationale-des-cuma\/des-cuma-federees-au-sein-dun-reseau-federatif-puissant-2\/\">CUMA Federation<\/a> |<\/pre>\n\n\n\n<div style=\"height:100px\" aria-hidden=\"true\" class=\"wp-block-spacer\"><\/div>\n","protected":false},"excerpt":{"rendered":"<p>Plan B Vi str\u00e4var efter att tillgodose alla v\u00e5ra planerbara ekologiska energibehov med 100% f\u00f6rnyelsebara energislag. Och att s\u00e4kerst\u00e4lla s\u00e4kerhet kring fordon f\u00f6r of\u00f6ruts\u00e4gbara stillest\u00e5nd och f\u00f6rlust av fordon, genom digital sp\u00e5rbarhet, underh\u00e5llsdokumentation och underh\u00e5llsavtal. M\u00e5ls\u00e4ttning:&nbsp;Att tillhandah\u00e5lla ett sj\u00e4lvf\u00f6rs\u00f6rjande transportsystem av l\u00e4tta elfordon&nbsp;f\u00f6r logistik av livsmedel och personer till sj\u00e4lvkostnadspris Konkret&nbsp;inneb\u00e4r att s\u00e4tta upp en &#8230; <a title=\"Startsida\" class=\"read-more\" href=\"https:\/\/yellotab.se\/planb\/\" aria-label=\"L\u00e4s mer om Startsida\">L\u00e4s mer<\/a><\/p>\n","protected":false},"author":3,"featured_media":0,"parent":0,"menu_order":0,"comment_status":"closed","ping_status":"closed","template":"","meta":{"footnotes":""},"class_list":["post-9","page","type-page","status-publish"],"jetpack_sharing_enabled":true,"_links":{"self":[{"href":"https:\/\/yellotab.se\/planb\/wp-json\/wp\/v2\/pages\/9","targetHints":{"allow":["GET"]}}],"collection":[{"href":"https:\/\/yellotab.se\/planb\/wp-json\/wp\/v2\/pages"}],"about":[{"href":"https:\/\/yellotab.se\/planb\/wp-json\/wp\/v2\/types\/page"}],"author":[{"embeddable":true,"href":"https:\/\/yellotab.se\/planb\/wp-json\/wp\/v2\/users\/3"}],"replies":[{"embeddable":true,"href":"https:\/\/yellotab.se\/planb\/wp-json\/wp\/v2\/comments?post=9"}],"version-history":[{"count":23,"href":"https:\/\/yellotab.se\/planb\/wp-json\/wp\/v2\/pages\/9\/revisions"}],"predecessor-version":[{"id":176,"href":"https:\/\/yellotab.se\/planb\/wp-json\/wp\/v2\/pages\/9\/revisions\/176"}],"wp:attachment":[{"href":"https:\/\/yellotab.se\/planb\/wp-json\/wp\/v2\/media?parent=9"}],"curies":[{"name":"wp","href":"https:\/\/api.w.org\/{rel}","templated":true}]}}