{"id":553,"date":"2017-04-05T21:47:37","date_gmt":"2017-04-05T19:47:37","guid":{"rendered":"http:\/\/yellotab.se\/x042\/?page_id=553"},"modified":"2017-04-06T11:04:37","modified_gmt":"2017-04-06T09:04:37","slug":"a0-solpanel","status":"publish","type":"page","link":"https:\/\/yellotab.se\/x042\/a0-solpanel\/","title":{"rendered":"A0 &#8211; Solpanel"},"content":{"rendered":"<p><strong>Status<\/strong>: <span style=\"color: #008000;\">OK<\/span><\/p>\n<p>2 paneler, seriekopplade som tillsammans ger 57 Voc<\/p>\n<p><strong>S\u00e4kerhet och Risk<\/strong>: <span style=\"color: #008000;\">OK<\/span><\/p>\n<p><strong>Resiliens<\/strong>: <span style=\"color: #008000;\">OK<\/span><\/p>\n<p><strong>F\u00f6rb\u00e4ttringar<\/strong>:<\/p>\n<p>&nbsp;<\/p>\n<p><a href=\"https:\/\/s3.eu-north-1.amazonaws.com\/yellotab.se\/wp-content\/uploads\/sites\/13\/2017\/03\/24182447\/IMG_6982-e1488385066376.png\"><img loading=\"lazy\" decoding=\"async\" class=\"alignnone size-full wp-image-538\" src=\"https:\/\/s3.eu-north-1.amazonaws.com\/yellotab.se\/wp-content\/uploads\/sites\/13\/2017\/03\/24182447\/IMG_6982-e1488385066376.png\" alt=\"\" width=\"476\" height=\"414\" srcset=\"https:\/\/s3.eu-north-1.amazonaws.com\/yellotab.se\/wp-content\/uploads\/sites\/13\/2017\/03\/24182447\/IMG_6982-e1488385066376.png 476w, https:\/\/s3.eu-north-1.amazonaws.com\/yellotab.se\/wp-content\/uploads\/sites\/13\/2017\/03\/24182447\/IMG_6982-e1488385066376-300x261.png 300w\" sizes=\"auto, (max-width: 476px) 100vw, 476px\" \/><\/a><\/p>\n","protected":false},"excerpt":{"rendered":"<p>Status: OK 2 paneler, seriekopplade som tillsammans ger 57 Voc S\u00e4kerhet och Risk: OK Resiliens: OK F\u00f6rb\u00e4ttringar: &nbsp;<\/p>\n","protected":false},"author":4,"featured_media":0,"parent":0,"menu_order":0,"comment_status":"closed","ping_status":"closed","template":"page.php","meta":{"jetpack_post_was_ever_published":false,"footnotes":""},"class_list":["post-553","page","type-page","status-publish","hentry"],"jetpack_sharing_enabled":true,"jetpack_shortlink":"https:\/\/wp.me\/PceldS-8V","_links":{"self":[{"href":"https:\/\/yellotab.se\/x042\/wp-json\/wp\/v2\/pages\/553","targetHints":{"allow":["GET"]}}],"collection":[{"href":"https:\/\/yellotab.se\/x042\/wp-json\/wp\/v2\/pages"}],"about":[{"href":"https:\/\/yellotab.se\/x042\/wp-json\/wp\/v2\/types\/page"}],"author":[{"embeddable":true,"href":"https:\/\/yellotab.se\/x042\/wp-json\/wp\/v2\/users\/4"}],"replies":[{"embeddable":true,"href":"https:\/\/yellotab.se\/x042\/wp-json\/wp\/v2\/comments?post=553"}],"version-history":[{"count":5,"href":"https:\/\/yellotab.se\/x042\/wp-json\/wp\/v2\/pages\/553\/revisions"}],"predecessor-version":[{"id":573,"href":"https:\/\/yellotab.se\/x042\/wp-json\/wp\/v2\/pages\/553\/revisions\/573"}],"wp:attachment":[{"href":"https:\/\/yellotab.se\/x042\/wp-json\/wp\/v2\/media?parent=553"}],"curies":[{"name":"wp","href":"https:\/\/api.w.org\/{rel}","templated":true}]}}