{"id":414,"date":"2015-05-14T15:37:45","date_gmt":"2015-05-14T13:37:45","guid":{"rendered":"http:\/\/yellotab.se\/x045\/?page_id=414"},"modified":"2019-01-31T19:34:55","modified_gmt":"2019-01-31T18:34:55","slug":"oversikt","status":"publish","type":"page","link":"https:\/\/yellotab.se\/x045\/","title":{"rendered":"\u00d6versikt"},"content":{"rendered":"<form autocomplete=\"off\" name=\"wpv-filter-1046\" action=\"\/x045\/wp-json\/wp\/v2\/pages\/414?wpv_view_count=1046\" method=\"get\" class=\"wpv-filter-form js-wpv-filter-form js-wpv-filter-form-1046 js-wpv-form-full js-wpv-dps-enabled js-wpv-ajax-results-enabled\" data-viewnumber=\"1046\" data-viewid=\"1046\" data-viewhash=\"eyJuYW1lIjoicG9ydGZvbGlvLXRocmVlLWNvbHVtbi1ncmlkLXdpdGgtY2F0ZWdvcnktZmlsdGVycyJ9\" data-viewwidgetid=\"0\" data-orderby=\"\" data-order=\"\" data-orderbyas=\"\" data-orderbysecond=\"\" data-ordersecond=\"\" data-parametric=\"{&quot;query&quot;:&quot;normal&quot;,&quot;id&quot;:&quot;1046&quot;,&quot;view_id&quot;:&quot;1046&quot;,&quot;widget_id&quot;:0,&quot;view_hash&quot;:&quot;1046&quot;,&quot;action&quot;:&quot;\\\/x045\\\/wp-json\\\/wp\\\/v2\\\/pages\\\/414?wpv_view_count=1046&quot;,&quot;sort&quot;:{&quot;orderby&quot;:&quot;&quot;,&quot;order&quot;:&quot;&quot;,&quot;orderby_as&quot;:&quot;&quot;,&quot;orderby_second&quot;:&quot;&quot;,&quot;order_second&quot;:&quot;&quot;},&quot;orderby&quot;:&quot;&quot;,&quot;order&quot;:&quot;&quot;,&quot;orderby_as&quot;:&quot;&quot;,&quot;orderby_second&quot;:&quot;&quot;,&quot;order_second&quot;:&quot;&quot;,&quot;ajax_form&quot;:&quot;&quot;,&quot;ajax_results&quot;:&quot;&quot;,&quot;effect&quot;:&quot;fade&quot;,&quot;prebefore&quot;:&quot;&quot;,&quot;before&quot;:&quot;&quot;,&quot;after&quot;:&quot;&quot;,&quot;attributes&quot;:[],&quot;environment&quot;:{&quot;current_post_id&quot;:414,&quot;parent_post_id&quot;:414,&quot;parent_term_id&quot;:0,&quot;parent_user_id&quot;:0,&quot;archive&quot;:{&quot;type&quot;:&quot;&quot;,&quot;name&quot;:&quot;&quot;,&quot;data&quot;:[]}},&quot;loop&quot;:{&quot;type&quot;:&quot;&quot;,&quot;name&quot;:&quot;&quot;,&quot;data&quot;:[],&quot;id&quot;:0}}\" data-attributes=\"[]\" data-environment=\"{&quot;current_post_id&quot;:414,&quot;parent_post_id&quot;:414,&quot;parent_term_id&quot;:0,&quot;parent_user_id&quot;:0,&quot;archive&quot;:{&quot;type&quot;:&quot;&quot;,&quot;name&quot;:&quot;&quot;,&quot;data&quot;:[]}}\"><input type=\"hidden\" class=\"js-wpv-dps-filter-data js-wpv-filter-data-for-this-form\" data-action=\"\/x045\/wp-json\/wp\/v2\/pages\/414?wpv_view_count=1046\" data-page=\"1\" data-ajax=\"enable\" data-effect=\"fade\" data-maxpages=\"0\" data-ajaxprebefore=\"\" data-ajaxbefore=\"\" data-ajaxafter=\"\" \/><input class=\"wpv_view_count wpv_view_count-1046\" type=\"hidden\" name=\"wpv_view_count\" value=\"1046\" \/>\n\n<div class=\"category-selector\">\n<div class=\"radio\">\n\t\t\t\t\t\t\t\t\t<label for=\"portfolio-category-\"  class=\"\" >\n\t\t\t\t\t\t\t\t\t\t<input id=\"portfolio-category-\"  class=\"js-wpv-filter-trigger\"\n\t\t\t\t\t\t\t\t\t\t\tname=\"wpv-portfolio-category\" type=\"radio\" value=\"0\"  checked='checked'\n\t\t\t\t\t\t\t\t\t\t\/>\n\t\t\t\t\t\t\t\t\t\tall\n\t\t\t\t\t\t\t\t\t<\/label>\n\t\t\t\t\t\t\t\t<\/div><div class=\"radio\"><label for=\"portfolio-category-arkiverad\"><input type=\"radio\" id=\"portfolio-category-arkiverad\" class=\"js-wpv-filter-trigger\" name=\"wpv-portfolio-category\" value=\"arkiverad\" \/>Arkiverad<\/label><\/div><div class=\"radio\"><label for=\"portfolio-category-cykelratt\"><input type=\"radio\" id=\"portfolio-category-cykelratt\" class=\"js-wpv-filter-trigger\" name=\"wpv-portfolio-category\" value=\"cykelratt\" \/>Cykelr\u00e4tter<\/label><\/div><div class=\"radio\"><label for=\"portfolio-category-privat\"><input type=\"radio\" id=\"portfolio-category-privat\" class=\"js-wpv-filter-trigger\" name=\"wpv-portfolio-category\" value=\"privat\" \/>Privat<\/label><\/div><div class=\"radio\"><label for=\"portfolio-category-testcykel\"><input type=\"radio\" id=\"portfolio-category-testcykel\" class=\"js-wpv-filter-trigger\" name=\"wpv-portfolio-category\" value=\"testcykel\" \/>Testcykel<\/label><\/div>\n<\/div>\n<div style=\"height:25px;text-align:center;\">\n<span style=\"display:none\" class=\"js-wpv-dps-spinner\"><img data-recalc-dims=\"1\" decoding=\"async\" src=\"https:\/\/i0.wp.com\/ref.toolset.com\/toolset-modules\/wp-content\/plugins\/views-trunk\/embedded\/res\/img\/ajax-loader2.gif?ssl=1\" \/><\/span>\n<\/div>\n\n\n<\/form>\n<div id=\"wpv-view-layout-1046\" class=\"js-wpv-view-layout js-wpv-layout-responsive js-wpv-view-layout-1046\" data-viewnumber=\"1046\" data-pagination=\"{&quot;id&quot;:&quot;1046&quot;,&quot;query&quot;:&quot;normal&quot;,&quot;type&quot;:&quot;disabled&quot;,&quot;effect&quot;:&quot;fade&quot;,&quot;duration&quot;:&quot;500&quot;,&quot;speed&quot;:&quot;5&quot;,&quot;pause_on_hover&quot;:&quot;disabled&quot;,&quot;stop_rollover&quot;:&quot;false&quot;,&quot;cache_pages&quot;:&quot;enabled&quot;,&quot;preload_images&quot;:&quot;enabled&quot;,&quot;preload_pages&quot;:&quot;enabled&quot;,&quot;preload_reach&quot;:&quot;1&quot;,&quot;spinner&quot;:&quot;builtin&quot;,&quot;spinner_image&quot;:&quot;https:\/\/ref.toolset.com\/toolset-modules\/wp-content\/plugins\/views-trunk\/embedded\/res\/img\/ajax-loader.gif&quot;,&quot;callback_next&quot;:&quot;&quot;,&quot;manage_history&quot;:&quot;enabled&quot;,&quot;has_controls_in_form&quot;:&quot;disabled&quot;,&quot;infinite_tolerance&quot;:&quot;0&quot;,&quot;max_pages&quot;:0,&quot;page&quot;:1,&quot;base_permalink&quot;:&quot;\/x045\/wp-json\/wp\/v2\/pages\/414?wpv_view_count=1046&amp;wpv_paged=WPV_PAGE_NUM&quot;,&quot;loop&quot;:{&quot;type&quot;:&quot;&quot;,&quot;name&quot;:&quot;&quot;,&quot;data&quot;:[],&quot;id&quot;:0}}\" data-permalink=\"\/x045\/wp-json\/wp\/v2\/pages\/414?wpv_view_count=1046\">\n\n\t\n<div id=\"portfolio-view-1\">\n\t\n\t\n\t\t\n\t\t<div class=\"row \">\n\t\t\t<div class=\"col-sm-4\"><div class=\"portfolio-item\">\n  <a href=\"https:\/\/yellotab.se\/x045\/portfolio\/x045-se-baa\/\"><img data-recalc-dims=\"1\" decoding=\"async\" src=\"https:\/\/i0.wp.com\/s3.eu-north-1.amazonaws.com\/yellotab.se\/wp-content\/uploads\/sites\/17\/2023\/06\/07081555\/IMG_0723.jpg?ssl=1\" \/><\/a>\n  <div class=\"card-body\"> \n    <h4>X045-SE-BAA<\/h4>\n\t<p>https:\/\/vin.solarxbike.se\/cykel\/se-baa\/ &nbsp;<\/p>\n\n    <p><small>Category: <a href=\"https:\/\/yellotab.se\/x045\/portfolio-category\/privat\/\">Privat<\/a><\/small><\/p>\n    <a class=\"btn btn-default\" href=\"https:\/\/yellotab.se\/x045\/portfolio\/x045-se-baa\/\">View project<\/a>\n  <\/div>\n<\/div><\/div>\n\t\t\n\t\t\n\t\t\t<div class=\"col-sm-4\"><div class=\"portfolio-item\">\n  <a href=\"https:\/\/yellotab.se\/x045\/portfolio\/x045se-hru\/\"><img data-recalc-dims=\"1\" decoding=\"async\" src=\"https:\/\/i0.wp.com\/s3.eu-north-1.amazonaws.com\/yellotab.se\/wp-content\/uploads\/sites\/17\/2023\/02\/08152713\/IMG_9820b.jpg?ssl=1\" \/><\/a>\n  <div class=\"card-body\"> \n    <h4>x045:SE-HRU<\/h4>\n\t\n    <p><small>Category: <a href=\"https:\/\/yellotab.se\/x045\/portfolio-category\/privat\/\">Privat<\/a><\/small><\/p>\n    <a class=\"btn btn-default\" href=\"https:\/\/yellotab.se\/x045\/portfolio\/x045se-hru\/\">View project<\/a>\n  <\/div>\n<\/div><\/div>\n\t\t\n\t\t\n\t\t\t<div class=\"col-sm-4\"><div class=\"portfolio-item\">\n  <a href=\"https:\/\/yellotab.se\/x045\/portfolio\/nils-erik-privat\/\"><img data-recalc-dims=\"1\" decoding=\"async\" src=\"https:\/\/i0.wp.com\/s3.eu-north-1.amazonaws.com\/yellotab.se\/wp-content\/uploads\/sites\/17\/2022\/08\/05134558\/IMG_9041b.jpg?ssl=1\" \/><\/a>\n  <div class=\"card-body\"> \n    <h4>Nils-Erik Privat<\/h4>\n\t<p>\u00c4rendehantering Skeppshult 7 v\u00e4xlad F\u00e4rg: guld St\u00f6ldskyddsm\u00e4rkning: SSF | Smart Safety<\/p>\n\n    <p><small>Category: <a href=\"https:\/\/yellotab.se\/x045\/portfolio-category\/privat\/\">Privat<\/a><\/small><\/p>\n    <a class=\"btn btn-default\" href=\"https:\/\/yellotab.se\/x045\/portfolio\/nils-erik-privat\/\">View project<\/a>\n  <\/div>\n<\/div><\/div>\n\t\t<\/div>\n\t\t\n\t\t\n\t\t<div class=\"row \">\n\t\t\t<div class=\"col-sm-4\"><div class=\"portfolio-item\">\n  <a href=\"https:\/\/yellotab.se\/x045\/portfolio\/experimentcykel-x001\/\"><img data-recalc-dims=\"1\" decoding=\"async\" src=\"https:\/\/i0.wp.com\/s3.eu-north-1.amazonaws.com\/yellotab.se\/wp-content\/uploads\/sites\/17\/2022\/05\/01104548\/IMG_8504b.jpg?ssl=1\" \/><\/a>\n  <div class=\"card-body\"> \n    <h4>Experimentcykel X001<\/h4>\n\t\n    <p><small>Category: <a href=\"https:\/\/yellotab.se\/x045\/portfolio-category\/testcykel\/\">Testcykel<\/a><\/small><\/p>\n    <a class=\"btn btn-default\" href=\"https:\/\/yellotab.se\/x045\/portfolio\/experimentcykel-x001\/\">View project<\/a>\n  <\/div>\n<\/div><\/div>\n\t\t\n\t\t\n\t\t\t<div class=\"col-sm-4\"><div class=\"portfolio-item\">\n  <a href=\"https:\/\/yellotab.se\/x045\/portfolio\/omar-privat\/\"><img data-recalc-dims=\"1\" decoding=\"async\" src=\"https:\/\/i0.wp.com\/s3.eu-north-1.amazonaws.com\/yellotab.se\/wp-content\/uploads\/sites\/17\/2021\/02\/22174301\/IMG_5742.jpg?ssl=1\" \/><\/a>\n  <div class=\"card-body\"> \n    <h4>Omar privat<\/h4>\n\t<p>Omars testcykel Biltema Low Step Motor 250W Batteri 36V https:\/\/kiube.se\/projekt\/8309 &nbsp; https:\/&#8230;<\/p>\n\n    <p><small>Category: <a href=\"https:\/\/yellotab.se\/x045\/portfolio-category\/privat\/\">Privat<\/a><\/small><\/p>\n    <a class=\"btn btn-default\" href=\"https:\/\/yellotab.se\/x045\/portfolio\/omar-privat\/\">View project<\/a>\n  <\/div>\n<\/div><\/div>\n\t\t\n\t\t\n\t\t\t<div class=\"col-sm-4\"><div class=\"portfolio-item\">\n  <a href=\"https:\/\/yellotab.se\/x045\/portfolio\/babak-privat\/\"><img data-recalc-dims=\"1\" decoding=\"async\" src=\"https:\/\/i0.wp.com\/s3.eu-north-1.amazonaws.com\/yellotab.se\/wp-content\/uploads\/sites\/17\/2021\/02\/22172732\/IMG_5670.jpg?ssl=1\" \/><\/a>\n  <div class=\"card-body\"> \n    <h4>Babak Privat<\/h4>\n\t<p>Babak tesstcykel Batavus 250W Batteri 36V<\/p>\n\n    <p><small>Category: <a href=\"https:\/\/yellotab.se\/x045\/portfolio-category\/privat\/\">Privat<\/a><\/small><\/p>\n    <a class=\"btn btn-default\" href=\"https:\/\/yellotab.se\/x045\/portfolio\/babak-privat\/\">View project<\/a>\n  <\/div>\n<\/div><\/div>\n\t\t<\/div>\n\t\t\n\t\t\n\t\t<div class=\"row \">\n\t\t\t<div class=\"col-sm-4\"><div class=\"portfolio-item\">\n  <a href=\"https:\/\/yellotab.se\/x045\/portfolio\/x045-027-v020\/\"><img data-recalc-dims=\"1\" decoding=\"async\" src=\"https:\/\/i0.wp.com\/s3.eu-north-1.amazonaws.com\/yellotab.se\/wp-content\/uploads\/sites\/17\/2019\/08\/24182512\/IMG_2419.jpg?ssl=1\" \/><\/a>\n  <div class=\"card-body\"> \n    <h4>x045-#027-v020<\/h4>\n\t<p>BikeKitchen servicecykel Bart special 400W Batteri 52V Projekt: #027 Variant: v020 Serienummer: 1<\/p>\n\n    <p><small>Category: <a href=\"https:\/\/yellotab.se\/x045\/portfolio-category\/testcykel\/\">Testcykel<\/a><\/small><\/p>\n    <a class=\"btn btn-default\" href=\"https:\/\/yellotab.se\/x045\/portfolio\/x045-027-v020\/\">View project<\/a>\n  <\/div>\n<\/div><\/div>\n\t\t\n\t\t\n\t\t\t<div class=\"col-sm-4\"><div class=\"portfolio-item\">\n  <a href=\"https:\/\/yellotab.se\/x045\/portfolio\/x045-011-2012-0001\/\"><img data-recalc-dims=\"1\" decoding=\"async\" src=\"https:\/\/i0.wp.com\/s3.eu-north-1.amazonaws.com\/yellotab.se\/wp-content\/uploads\/sites\/17\/2019\/06\/24182512\/IMG_1869.jpg?ssl=1\" \/><\/a>\n  <div class=\"card-body\"> \n    <h4>x045-#011-2012 -100016<\/h4>\n\t<p>Heikkis testcykel Sj\u00f6sala 200W Batteri 24V<\/p>\n\n    <p><small>Category: <a href=\"https:\/\/yellotab.se\/x045\/portfolio-category\/arkiverad\/\">Arkiverad<\/a><\/small><\/p>\n    <a class=\"btn btn-default\" href=\"https:\/\/yellotab.se\/x045\/portfolio\/x045-011-2012-0001\/\">View project<\/a>\n  <\/div>\n<\/div><\/div>\n\t\t\n\t\t\n\t\t\t<div class=\"col-sm-4\"><div class=\"portfolio-item\">\n  <a href=\"https:\/\/yellotab.se\/x045\/portfolio\/skol\/\"><img loading=\"lazy\" data-recalc-dims=\"1\" height=\"768\" width=\"1024\" decoding=\"async\" src=\"https:\/\/i0.wp.com\/s3.eu-north-1.amazonaws.com\/yellotab.se\/wp-content\/uploads\/sites\/17\/2019\/02\/24182518\/IMG_8467-1024x768.jpg?resize=1024%2C768&#038;ssl=1\" \/><\/a>\n  <div class=\"card-body\"> \n    <h4>x045-#011-2017 &#8211; 100014<\/h4>\n\t<p>Modell: Ikea Sladda Cykelsida<\/p>\n\n    <p><small>Category: <a href=\"https:\/\/yellotab.se\/x045\/portfolio-category\/arkiverad\/\">Arkiverad<\/a><\/small><\/p>\n    <a class=\"btn btn-default\" href=\"https:\/\/yellotab.se\/x045\/portfolio\/skol\/\">View project<\/a>\n  <\/div>\n<\/div><\/div>\n\t\t<\/div>\n\t\t\n\t\t\n\t\t<div class=\"row \">\n\t\t\t<div class=\"col-sm-4\"><div class=\"portfolio-item\">\n  <a href=\"https:\/\/yellotab.se\/x045\/portfolio\/2016-00006\/\"><img data-recalc-dims=\"1\" decoding=\"async\" src=\"https:\/\/i0.wp.com\/s3.eu-north-1.amazonaws.com\/yellotab.se\/wp-content\/uploads\/sites\/17\/2016\/04\/24182626\/IMG_5308.png?ssl=1\" \/><\/a>\n  <div class=\"card-body\"> \n    <h4>x045-#011-2016-00006<\/h4>\n\t<p>Yosemite cykel ombyggd till el med baserunner motorkontroll och Cycle analyst 3.1 Produktsida<\/p>\n\n    <p><small>Category: <a href=\"https:\/\/yellotab.se\/x045\/portfolio-category\/cykelratt\/\">Cykelr\u00e4tter<\/a><\/small><\/p>\n    <a class=\"btn btn-default\" href=\"https:\/\/yellotab.se\/x045\/portfolio\/2016-00006\/\">View project<\/a>\n  <\/div>\n<\/div><\/div>\n\t\t\n\t\t\n\t\t\t<div class=\"col-sm-4\"><div class=\"portfolio-item\">\n  <a href=\"https:\/\/yellotab.se\/x045\/portfolio\/x045-011-2016-0008\/\"><img data-recalc-dims=\"1\" decoding=\"async\" src=\"https:\/\/i0.wp.com\/s3.eu-north-1.amazonaws.com\/yellotab.se\/wp-content\/uploads\/sites\/17\/2018\/08\/22134833\/IMG_5627.jpg?ssl=1\" \/><\/a>\n  <div class=\"card-body\"> \n    <h4>x045-#011-2016-0008<\/h4>\n\t<p>Biltema ombyggd med mittmotor och stegl\u00f6s bakv\u00e4xel. Cykelr\u00e4tt: x045-#011-2016-0008<\/p>\n\n    <p><small>Category: <a href=\"https:\/\/yellotab.se\/x045\/portfolio-category\/cykelratt\/\">Cykelr\u00e4tter<\/a><\/small><\/p>\n    <a class=\"btn btn-default\" href=\"https:\/\/yellotab.se\/x045\/portfolio\/x045-011-2016-0008\/\">View project<\/a>\n  <\/div>\n<\/div><\/div>\n\t\t\n\t\t\n\t\t\t<div class=\"col-sm-4\"><div class=\"portfolio-item\">\n  <a href=\"https:\/\/yellotab.se\/x045\/portfolio\/iron-scepter\/\"><img data-recalc-dims=\"1\" decoding=\"async\" src=\"https:\/\/i0.wp.com\/s3.eu-north-1.amazonaws.com\/yellotab.se\/wp-content\/uploads\/sites\/17\/2016\/10\/24182533\/DSC_0152.jpg?ssl=1\" \/><\/a>\n  <div class=\"card-body\"> \n    <h4>x045-#011 2010-0002<\/h4>\n\t<p>Phasellus pharetra tellus nec odio pharetra, ac maximus purus tristique. Quisque eget elementum quam&#8230;<\/p>\n\n    <p><small>Category: <a href=\"https:\/\/yellotab.se\/x045\/portfolio-category\/testcykel\/\">Testcykel<\/a><\/small><\/p>\n    <a class=\"btn btn-default\" href=\"https:\/\/yellotab.se\/x045\/portfolio\/iron-scepter\/\">View project<\/a>\n  <\/div>\n<\/div><\/div>\n\t\t<\/div>\n\t\t\n\t\t\n\t\t<div class=\"row \">\n\t\t\t<div class=\"col-sm-4\"><div class=\"portfolio-item\">\n  <a href=\"https:\/\/yellotab.se\/x045\/portfolio\/iron-crown\/\"><img data-recalc-dims=\"1\" decoding=\"async\" src=\"https:\/\/i0.wp.com\/s3.eu-north-1.amazonaws.com\/yellotab.se\/wp-content\/uploads\/sites\/17\/2016\/02\/24182626\/IMG_4783.jpg?ssl=1\" \/><\/a>\n  <div class=\"card-body\"> \n    <h4>x045-#011-2013-00001<\/h4>\n\t<p>Produkt:\u00a0Elcykel Modellbeteckning:\u00a0Projekt #011 Support ID:\u00a0x045 &#8211; \u00c4rendehantering: x045 Spare Part&#8230;<\/p>\n\n    <p><small>Category: <a href=\"https:\/\/yellotab.se\/x045\/portfolio-category\/arkiverad\/\">Arkiverad<\/a><\/small><\/p>\n    <a class=\"btn btn-default\" href=\"https:\/\/yellotab.se\/x045\/portfolio\/iron-crown\/\">View project<\/a>\n  <\/div>\n<\/div><\/div>\n\t\t\n\t\t\t<div class=\"col-sm-4\"><\/div>\n\t\t\n\t\t\t<div class=\"col-sm-4\"><\/div>\n\t\t<\/div>\n\t\n\t\n<\/div>\n\t\n\t\n<\/div>\n","protected":false},"excerpt":{"rendered":"","protected":false},"author":4,"featured_media":0,"parent":0,"menu_order":0,"comment_status":"closed","ping_status":"open","template":"","meta":{"jetpack_post_was_ever_published":false,"footnotes":""},"class_list":["post-414","page","type-page","status-publish","hentry"],"jetpack_sharing_enabled":true,"jetpack_shortlink":"https:\/\/wp.me\/PcPYUP-6G","_links":{"self":[{"href":"https:\/\/yellotab.se\/x045\/wp-json\/wp\/v2\/pages\/414","targetHints":{"allow":["GET"]}}],"collection":[{"href":"https:\/\/yellotab.se\/x045\/wp-json\/wp\/v2\/pages"}],"about":[{"href":"https:\/\/yellotab.se\/x045\/wp-json\/wp\/v2\/types\/page"}],"author":[{"embeddable":true,"href":"https:\/\/yellotab.se\/x045\/wp-json\/wp\/v2\/users\/4"}],"replies":[{"embeddable":true,"href":"https:\/\/yellotab.se\/x045\/wp-json\/wp\/v2\/comments?post=414"}],"version-history":[{"count":4,"href":"https:\/\/yellotab.se\/x045\/wp-json\/wp\/v2\/pages\/414\/revisions"}],"predecessor-version":[{"id":1047,"href":"https:\/\/yellotab.se\/x045\/wp-json\/wp\/v2\/pages\/414\/revisions\/1047"}],"wp:attachment":[{"href":"https:\/\/yellotab.se\/x045\/wp-json\/wp\/v2\/media?parent=414"}],"curies":[{"name":"wp","href":"https:\/\/api.w.org\/{rel}","templated":true}]}}