{"id":541,"date":"2016-04-26T09:30:44","date_gmt":"2016-04-26T07:30:44","guid":{"rendered":"http:\/\/yellotab.se\/x045\/?page_id=541"},"modified":"2023-10-16T11:34:48","modified_gmt":"2023-10-16T09:34:48","slug":"x045-010-2016-00006","status":"publish","type":"page","link":"https:\/\/yellotab.se\/x045\/x045-010-2016-00006\/","title":{"rendered":"x045-#010-2016-00006 Test 1"},"content":{"rendered":"<p><span style=\"color: #ff0000;\"><img data-recalc-dims=\"1\" loading=\"lazy\" decoding=\"async\" data-attachment-id=\"543\" data-permalink=\"https:\/\/yellotab.se\/x045\/x045-010-2016-00006\/img_5308\/\" data-orig-file=\"https:\/\/i0.wp.com\/s3.eu-north-1.amazonaws.com\/yellotab.se\/wp-content\/uploads\/sites\/17\/2016\/04\/24182626\/IMG_5308.png?fit=640%2C480&amp;ssl=1\" data-orig-size=\"640,480\" data-comments-opened=\"0\" data-image-meta=\"{&quot;aperture&quot;:&quot;0&quot;,&quot;credit&quot;:&quot;&quot;,&quot;camera&quot;:&quot;&quot;,&quot;caption&quot;:&quot;&quot;,&quot;created_timestamp&quot;:&quot;0&quot;,&quot;copyright&quot;:&quot;&quot;,&quot;focal_length&quot;:&quot;0&quot;,&quot;iso&quot;:&quot;0&quot;,&quot;shutter_speed&quot;:&quot;0&quot;,&quot;title&quot;:&quot;&quot;,&quot;orientation&quot;:&quot;0&quot;}\" data-image-title=\"IMG_5308\" data-image-description=\"\" data-image-caption=\"\" data-large-file=\"https:\/\/i0.wp.com\/s3.eu-north-1.amazonaws.com\/yellotab.se\/wp-content\/uploads\/sites\/17\/2016\/04\/24182626\/IMG_5308.png?fit=640%2C480&amp;ssl=1\" class=\"alignright size-full wp-image-543\" src=\"https:\/\/i0.wp.com\/s3.eu-north-1.amazonaws.com\/yellotab.se\/wp-content\/uploads\/sites\/17\/2016\/04\/24182626\/IMG_5308.png?resize=640%2C480&#038;ssl=1\" alt=\"IMG_5308\" width=\"640\" height=\"480\" srcset=\"https:\/\/s3.eu-north-1.amazonaws.com\/yellotab.se\/wp-content\/uploads\/sites\/17\/2016\/04\/24182626\/IMG_5308.png 640w, https:\/\/s3.eu-north-1.amazonaws.com\/yellotab.se\/wp-content\/uploads\/sites\/17\/2016\/04\/24182626\/IMG_5308.png 300w\" sizes=\"auto, (max-width: 640px) 100vw, 640px\" \/>Cykelr\u00e4tt ID<\/span>:\u00a0x045-#010-2016-00006<br \/>\n<span style=\"color: #ff0000;\">Cykelr\u00e4ttsinnehavare:<\/span> Constantin Contizas<\/p>\n<p><span style=\"color: #ff0000;\">Servicetag:<\/span> x045-#010<br \/>\n<span style=\"color: #ff0000;\">Serienummer:<\/span> 2016-00006<\/p>\n<p>Loggning<\/p>\n<ul>\n<li><a href=\"https:\/\/docs.google.com\/spreadsheets\/d\/12Os_eFXj-EbCuirV1m8KTjaIWotdoNgTRkPXIQf_dwg\/edit#gid=0\">IFTT<\/a>\u00a0ber\u00e4knad per laddning | 1675 mil |<\/li>\n<li>| <a href=\"https:\/\/docs.google.com\/spreadsheets\/d\/12Os_eFXj-EbCuirV1m8KTjaIWotdoNgTRkPXIQf_dwg\/edit#gid=1801579287\">9 OKT 2019<\/a>\u00a0| Sparad m\u00e4ngd Co2: 3350<\/li>\n<li>| <a href=\"https:\/\/docs.google.com\/spreadsheets\/d\/1jSfBDzbJrhilKPmt-u02v77QEegaR3G_CbDC5llaJoE\/edit#gid=0\">CA 3.1<\/a>\u00a0| 321 mil<\/li>\n<li>| o-st\u00e4llning | 456 mil<\/li>\n<\/ul>\n<p><strong>Total k\u00f6rstr\u00e4cka<\/strong><\/p>\n<p style=\"padding-left: 40px;\">2016-2018 (- 30 April )| Uppskattat 1675 mil<\/p>\n<p style=\"padding-left: 40px;\">2018 (Maj) &#8211; \u00a02019 (Okt) | ??<\/p>\n<p style=\"padding-left: 40px;\">2019 (Nov-dec) | ODO 321 mil<\/p>\n<p style=\"padding-left: 40px;\">2020 (28 juni) | ODO 508 mil<\/p>\n<p style=\"padding-left: 40px;\">2021 (1 November ) | ODO 973 mil<\/p>\n<p style=\"padding-left: 40px;\">2022 (5 Mars) | ODO 1062 mil<\/p>\n<p style=\"padding-left: 40px;\">2023 (16 Oktober | ODO 12 576<\/p>\n<pre><strong>Total: 1675 mil + 1257 mil = 2932<\/strong><\/pre>\n<p>&nbsp;<\/p>\n<hr \/>\n<ul>\n<li><a href=\"https:\/\/billogram.com\/recipient\/archive\/3224200079336\/MCFFP9\">Mina fakturor<\/a><\/li>\n<li><a href=\"https:\/\/yellotab.zendesk.com\/agent\/users\/1889285933\/requested_tickets\">Mina \u00e4rende<\/a><\/li>\n<li><iframe loading=\"lazy\" src=\"https:\/\/docs.google.com\/spreadsheets\/d\/12Os_eFXj-EbCuirV1m8KTjaIWotdoNgTRkPXIQf_dwg\/pubhtml?gid=2129796723&amp;single=true&amp;widget=true&amp;headers=false\" width=\"550\" height=\"450\"><\/iframe><\/li>\n<\/ul>\n<p>| <a href=\"https:\/\/docs.google.com\/spreadsheets\/d\/12Os_eFXj-EbCuirV1m8KTjaIWotdoNgTRkPXIQf_dwg\/edit#gid=0\">redigera<\/a> | <a href=\"https:\/\/docs.google.com\/spreadsheets\/d\/1jSfBDzbJrhilKPmt-u02v77QEegaR3G_CbDC5llaJoE\/edit#gid=0\">Logger II<\/a> |<\/p>\n<hr \/>\n<ul>\n<li>Manualer<\/li>\n<li><a href=\"http:\/\/www.biltema.se\/BiltemaDocuments\/Manuals\/27-1331_man.pdf\">Biltema handbok<\/a><\/li>\n<\/ul>\n","protected":false},"excerpt":{"rendered":"<p>Cykelr\u00e4tt ID:\u00a0x045-#010-2016-00006 Cykelr\u00e4ttsinnehavare: Constantin Contizas Servicetag: x045-#010 Serienummer: 2016-00006 Loggning IFTT\u00a0ber\u00e4knad per laddning | 1675 mil | | 9 OKT 2019\u00a0| Sparad m\u00e4ngd Co2: 3350 | CA 3.1\u00a0| 321 mil | o-st\u00e4llning | 456 mil Total k\u00f6rstr\u00e4cka 2016-2018 (- 30 April )| Uppskattat 1675 mil 2018 (Maj) &#8211; \u00a02019 (Okt) | ?? 2019 (Nov-dec) | [&hellip;]<\/p>\n","protected":false},"author":4,"featured_media":543,"parent":0,"menu_order":6,"comment_status":"closed","ping_status":"closed","template":"","meta":{"footnotes":""},"class_list":["post-541","page","type-page","status-publish","has-post-thumbnail","hentry"],"jetpack_sharing_enabled":true,"jetpack_shortlink":"https:\/\/wp.me\/PcPYUP-8J","_links":{"self":[{"href":"https:\/\/yellotab.se\/x045\/wp-json\/wp\/v2\/pages\/541","targetHints":{"allow":["GET"]}}],"collection":[{"href":"https:\/\/yellotab.se\/x045\/wp-json\/wp\/v2\/pages"}],"about":[{"href":"https:\/\/yellotab.se\/x045\/wp-json\/wp\/v2\/types\/page"}],"author":[{"embeddable":true,"href":"https:\/\/yellotab.se\/x045\/wp-json\/wp\/v2\/users\/4"}],"replies":[{"embeddable":true,"href":"https:\/\/yellotab.se\/x045\/wp-json\/wp\/v2\/comments?post=541"}],"version-history":[{"count":23,"href":"https:\/\/yellotab.se\/x045\/wp-json\/wp\/v2\/pages\/541\/revisions"}],"predecessor-version":[{"id":1338,"href":"https:\/\/yellotab.se\/x045\/wp-json\/wp\/v2\/pages\/541\/revisions\/1338"}],"wp:featuredmedia":[{"embeddable":true,"href":"https:\/\/yellotab.se\/x045\/wp-json\/wp\/v2\/media\/543"}],"wp:attachment":[{"href":"https:\/\/yellotab.se\/x045\/wp-json\/wp\/v2\/media?parent=541"}],"curies":[{"name":"wp","href":"https:\/\/api.w.org\/{rel}","templated":true}]}}