{"id":582,"date":"2018-02-06T13:38:45","date_gmt":"2018-02-06T12:38:45","guid":{"rendered":"http:\/\/yellotab.se\/x046\/?page_id=582"},"modified":"2018-02-06T13:56:53","modified_gmt":"2018-02-06T12:56:53","slug":"sakerhet-oversikt","status":"publish","type":"page","link":"https:\/\/yellotab.se\/x046\/sakerhet-oversikt\/","title":{"rendered":"S\u00e4kerhet \u00f6versikt"},"content":{"rendered":"<h3>Notera! Dessa f\u00f6reskrifter g\u00e4ller f\u00f6r denna f\u00f6rs\u00f6ksanl\u00e4ggning X046.<\/h3>\n<p>X046\u2013 f\u00f6rs\u00f6ksanl\u00e4ggning f\u00f6r klensp\u00e4nning som omvandlar solenergi till Lokalt lagrad likstr\u00f6m<\/p>\n<p>F\u00f6reskrifterna i detta avsnitt g\u00e4ller f\u00f6r belysningsanl\u00e4ggningar med SELV- eller PELVkretsar<br \/>\nsom matas av skyddsstr\u00f6mk\u00e4lla (411.1.2) vars m\u00e4rksp\u00e4nning \u00e4r h\u00f6gst 50 V<br \/>\nvid v\u00e4xelstr\u00f6m och 120 V vid likstr\u00f6m.<\/p>\n<p><a href=\"http:\/\/kiube.se\/p007\/?tag=dvdc\">DVDC<\/a>,\u00a0<a href=\"http:\/\/kiube.se\/p007\/?tag=elv\">ELV<\/a>,\u00a0<a href=\"http:\/\/kiube.se\/p007\/?tag=felv\">FELV<\/a>,\u00a0<a href=\"http:\/\/kiube.se\/p007\/?tag=pelv\">PELV<\/a>,\u00a0<a href=\"http:\/\/kiube.se\/p007\/?tag=selv\">SELV<\/a><\/p>\n<hr \/>\n<h3>Notera!<\/h3>\n<ul>\n<li>Regulator \u00e4r inte anpassad f\u00f6r utomhus bruk enligt tillverkare<\/li>\n<\/ul>\n","protected":false},"excerpt":{"rendered":"<p>Notera! Dessa f\u00f6reskrifter g\u00e4ller f\u00f6r denna f\u00f6rs\u00f6ksanl\u00e4ggning X046. X046\u2013 f\u00f6rs\u00f6ksanl\u00e4ggning f\u00f6r klensp\u00e4nning som omvandlar solenergi till Lokalt lagrad likstr\u00f6m F\u00f6reskrifterna i detta avsnitt g\u00e4ller f\u00f6r belysningsanl\u00e4ggningar med SELV- eller PELVkretsar som matas av skyddsstr\u00f6mk\u00e4lla (411.1.2) vars m\u00e4rksp\u00e4nning \u00e4r h\u00f6gst 50 V vid v\u00e4xelstr\u00f6m och 120 V vid likstr\u00f6m. DVDC,\u00a0ELV,\u00a0FELV,\u00a0PELV,\u00a0SELV Notera! Regulator \u00e4r inte anpassad f\u00f6r [&hellip;]<\/p>\n","protected":false},"author":4,"featured_media":0,"parent":0,"menu_order":0,"comment_status":"closed","ping_status":"closed","template":"page.php","meta":{"jetpack_post_was_ever_published":false,"footnotes":""},"class_list":["post-582","page","type-page","status-publish","hentry"],"jetpack_sharing_enabled":true,"jetpack_shortlink":"https:\/\/wp.me\/P5uSzL-9o","_links":{"self":[{"href":"https:\/\/yellotab.se\/x046\/wp-json\/wp\/v2\/pages\/582","targetHints":{"allow":["GET"]}}],"collection":[{"href":"https:\/\/yellotab.se\/x046\/wp-json\/wp\/v2\/pages"}],"about":[{"href":"https:\/\/yellotab.se\/x046\/wp-json\/wp\/v2\/types\/page"}],"author":[{"embeddable":true,"href":"https:\/\/yellotab.se\/x046\/wp-json\/wp\/v2\/users\/4"}],"replies":[{"embeddable":true,"href":"https:\/\/yellotab.se\/x046\/wp-json\/wp\/v2\/comments?post=582"}],"version-history":[{"count":4,"href":"https:\/\/yellotab.se\/x046\/wp-json\/wp\/v2\/pages\/582\/revisions"}],"predecessor-version":[{"id":586,"href":"https:\/\/yellotab.se\/x046\/wp-json\/wp\/v2\/pages\/582\/revisions\/586"}],"wp:attachment":[{"href":"https:\/\/yellotab.se\/x046\/wp-json\/wp\/v2\/media?parent=582"}],"curies":[{"name":"wp","href":"https:\/\/api.w.org\/{rel}","templated":true}]}}