{"id":663,"date":"2021-06-28T11:51:11","date_gmt":"2021-06-28T09:51:11","guid":{"rendered":"https:\/\/yellotab.se\/x047\/?page_id=663"},"modified":"2021-06-28T11:51:30","modified_gmt":"2021-06-28T09:51:30","slug":"stoldanmalan-polisien","status":"publish","type":"page","link":"https:\/\/yellotab.se\/x047\/stoldanmalan-polisien\/","title":{"rendered":"St\u00f6ldanm\u00e4lan Polisen"},"content":{"rendered":"<h1>St\u00f6ldanm\u00e4lan Polisen 114 14<\/h1>\n<p>F\u00f6r att anm\u00e4la en cykel, ring f\u00f6ljande nummer och ange data om cykel.<\/p>\n<h2>Att t\u00e4nka p\u00e5<\/h2>\n<ul>\n<li>Uppge ramnummer, personnummer eller annan m\u00e4rkning p\u00e5 cykeln.<\/li>\n<li>Ange typ av cykel: dam, herr, barn, el-cykel, mountainbike och s\u00e5 vidare.<\/li>\n<li>Ange cykelm\u00e4rket.<\/li>\n<li>Ange vilken f\u00e4rg cykeln har.<\/li>\n<li>Var cykeln l\u00e5st eller ol\u00e5st n\u00e4r den f\u00f6rsvann?<\/li>\n<li>Info om \u00f6vrig beskrivning och s\u00e4rskilda k\u00e4nnetecken.<\/li>\n<li>Kontakta ditt f\u00f6rs\u00e4kringsbolag.<\/li>\n<\/ul>\n<hr \/>\n<p><strong>K\u00e4lla:<\/strong> <a href=\"https:\/\/polisen.se\/utsatt-for-brott\/olika-typer-av-brott\/cykelstold\/?gclid=Cj0KCQjw5uWGBhCTARIsAL70sLKZq5RnFuH2EdCwJEMOCzcrbAJOJlNl1aRjVnUxVaeuheVfneB57SEaAuLYEALw_wcB\">Polisen<\/a><\/p>\n","protected":false},"excerpt":{"rendered":"<p>St\u00f6ldanm\u00e4lan Polisen 114 14 F\u00f6r att anm\u00e4la en cykel, ring f\u00f6ljande nummer och ange data om cykel. Att t\u00e4nka p\u00e5 Uppge ramnummer, personnummer eller annan m\u00e4rkning p\u00e5 cykeln. Ange typ av cykel: dam, herr, barn, el-cykel, mountainbike och s\u00e5 vidare. Ange cykelm\u00e4rket. Ange vilken f\u00e4rg cykeln har. Var cykeln l\u00e5st eller ol\u00e5st n\u00e4r den f\u00f6rsvann? [&hellip;]<\/p>\n","protected":false},"author":3,"featured_media":0,"parent":0,"menu_order":0,"comment_status":"closed","ping_status":"closed","template":"","meta":{"jetpack_post_was_ever_published":false,"footnotes":""},"class_list":["post-663","page","type-page","status-publish","hentry"],"jetpack_shortlink":"https:\/\/wp.me\/P9eSOi-aH","jetpack_sharing_enabled":true,"_links":{"self":[{"href":"https:\/\/yellotab.se\/x047\/wp-json\/wp\/v2\/pages\/663","targetHints":{"allow":["GET"]}}],"collection":[{"href":"https:\/\/yellotab.se\/x047\/wp-json\/wp\/v2\/pages"}],"about":[{"href":"https:\/\/yellotab.se\/x047\/wp-json\/wp\/v2\/types\/page"}],"author":[{"embeddable":true,"href":"https:\/\/yellotab.se\/x047\/wp-json\/wp\/v2\/users\/3"}],"replies":[{"embeddable":true,"href":"https:\/\/yellotab.se\/x047\/wp-json\/wp\/v2\/comments?post=663"}],"version-history":[{"count":3,"href":"https:\/\/yellotab.se\/x047\/wp-json\/wp\/v2\/pages\/663\/revisions"}],"predecessor-version":[{"id":667,"href":"https:\/\/yellotab.se\/x047\/wp-json\/wp\/v2\/pages\/663\/revisions\/667"}],"wp:attachment":[{"href":"https:\/\/yellotab.se\/x047\/wp-json\/wp\/v2\/media?parent=663"}],"curies":[{"name":"wp","href":"https:\/\/api.w.org\/{rel}","templated":true}]}}