{"id":618,"date":"2017-09-11T15:37:26","date_gmt":"2017-09-11T13:37:26","guid":{"rendered":"http:\/\/yellotab.se\/x049\/?page_id=618"},"modified":"2017-09-11T15:52:15","modified_gmt":"2017-09-11T13:52:15","slug":"sakerhet-och-risker","status":"publish","type":"page","link":"https:\/\/yellotab.se\/x049\/?page_id=618","title":{"rendered":"S\u00e4kerhet och risker"},"content":{"rendered":"<p>Inga specialla risker vid normal anv\u00e4ndning.<\/p>\n<ul>\n<li>Vattentankar ska inneh\u00e5lla rent vatten<\/li>\n<li>Elsystem \u00e4r enligt L\u00e5gsp\u00e4nningsdirektivet under 50VDC<\/li>\n<li>Energilagring \u00e4r blyackumulatorer 24 V<\/li>\n<\/ul>\n<p>&nbsp;<\/p>\n<p>Riskanalys finns h\u00e4r (inloggning kr\u00e4vs)<\/p>\n","protected":false},"excerpt":{"rendered":"<p>Inga specialla risker vid normal anv\u00e4ndning. Vattentankar ska inneh\u00e5lla rent vatten Elsystem \u00e4r enligt L\u00e5gsp\u00e4nningsdirektivet under 50VDC Energilagring \u00e4r blyackumulatorer 24 V &nbsp; Riskanalys finns h\u00e4r (inloggning kr\u00e4vs)<\/p>\n","protected":false},"author":4,"featured_media":0,"parent":0,"menu_order":0,"comment_status":"closed","ping_status":"closed","template":"page.php","meta":{"footnotes":""},"class_list":["post-618","page","type-page","status-publish","hentry"],"jetpack_shortlink":"https:\/\/wp.me\/P918gk-9Y","jetpack-related-posts":[],"_links":{"self":[{"href":"https:\/\/yellotab.se\/x049\/index.php?rest_route=\/wp\/v2\/pages\/618","targetHints":{"allow":["GET"]}}],"collection":[{"href":"https:\/\/yellotab.se\/x049\/index.php?rest_route=\/wp\/v2\/pages"}],"about":[{"href":"https:\/\/yellotab.se\/x049\/index.php?rest_route=\/wp\/v2\/types\/page"}],"author":[{"embeddable":true,"href":"https:\/\/yellotab.se\/x049\/index.php?rest_route=\/wp\/v2\/users\/4"}],"replies":[{"embeddable":true,"href":"https:\/\/yellotab.se\/x049\/index.php?rest_route=%2Fwp%2Fv2%2Fcomments&post=618"}],"version-history":[{"count":3,"href":"https:\/\/yellotab.se\/x049\/index.php?rest_route=\/wp\/v2\/pages\/618\/revisions"}],"predecessor-version":[{"id":622,"href":"https:\/\/yellotab.se\/x049\/index.php?rest_route=\/wp\/v2\/pages\/618\/revisions\/622"}],"wp:attachment":[{"href":"https:\/\/yellotab.se\/x049\/index.php?rest_route=%2Fwp%2Fv2%2Fmedia&parent=618"}],"curies":[{"name":"wp","href":"https:\/\/api.w.org\/{rel}","templated":true}]}}