{"id":2,"date":"2018-05-14T09:30:22","date_gmt":"2018-05-14T07:30:22","guid":{"rendered":"http:\/\/yellotab.se\/x051\/?page_id=2"},"modified":"2018-08-30T09:35:52","modified_gmt":"2018-08-30T07:35:52","slug":"exempelsida","status":"publish","type":"page","link":"https:\/\/yellotab.se\/x051\/exempelsida\/","title":{"rendered":"Till dig"},"content":{"rendered":"<h3>Testpanelen<\/h3>\n<p>Vi har en testpanel som hj\u00e4lper oss att testa och utv\u00e4rdera laddning av elcyklar med hj\u00e4lp av solenergi.<\/p>\n<p>Vill du ocks\u00e5 ing\u00e5 i v\u00e5r testpanel kan du kontakta\u00a0katarina.jacobsson@maxiv.lu.se och anm\u00e4la ditt intresse s\u00e5 kontaktar vi dig f\u00f6r en kort genomg\u00e5ng av vad det inneb\u00e4r.<\/p>\n","protected":false},"excerpt":{"rendered":"<p>Testpanelen Vi har en testpanel som hj\u00e4lper oss att testa och utv\u00e4rdera laddning av elcyklar med hj\u00e4lp av solenergi. Vill du ocks\u00e5 ing\u00e5 i v\u00e5r testpanel kan du kontakta\u00a0katarina.jacobsson@maxiv.lu.se och anm\u00e4la ditt intresse s\u00e5 kontaktar vi dig f\u00f6r en kort genomg\u00e5ng av vad det inneb\u00e4r.<\/p>\n","protected":false},"author":4,"featured_media":0,"parent":0,"menu_order":0,"comment_status":"closed","ping_status":"open","template":"page.php","meta":{"footnotes":""},"class_list":["post-2","page","type-page","status-publish","hentry"],"_links":{"self":[{"href":"https:\/\/yellotab.se\/x051\/wp-json\/wp\/v2\/pages\/2","targetHints":{"allow":["GET"]}}],"collection":[{"href":"https:\/\/yellotab.se\/x051\/wp-json\/wp\/v2\/pages"}],"about":[{"href":"https:\/\/yellotab.se\/x051\/wp-json\/wp\/v2\/types\/page"}],"author":[{"embeddable":true,"href":"https:\/\/yellotab.se\/x051\/wp-json\/wp\/v2\/users\/4"}],"replies":[{"embeddable":true,"href":"https:\/\/yellotab.se\/x051\/wp-json\/wp\/v2\/comments?post=2"}],"version-history":[{"count":4,"href":"https:\/\/yellotab.se\/x051\/wp-json\/wp\/v2\/pages\/2\/revisions"}],"predecessor-version":[{"id":105,"href":"https:\/\/yellotab.se\/x051\/wp-json\/wp\/v2\/pages\/2\/revisions\/105"}],"wp:attachment":[{"href":"https:\/\/yellotab.se\/x051\/wp-json\/wp\/v2\/media?parent=2"}],"curies":[{"name":"wp","href":"https:\/\/api.w.org\/{rel}","templated":true}]}}