{"id":199,"date":"2019-02-23T19:54:11","date_gmt":"2019-02-23T18:54:11","guid":{"rendered":"http:\/\/yellotab.se\/x053\/?page_id=199"},"modified":"2019-11-30T15:12:51","modified_gmt":"2019-11-30T14:12:51","slug":"startsida","status":"publish","type":"page","link":"https:\/\/yellotab.se\/x053\/","title":{"rendered":"Startsida"},"content":{"rendered":"<form autocomplete=\"off\" name=\"wpv-filter-23\" action=\"\/x053\/wp-json\/wp\/v2\/pages\/199?wpv_view_count=23\" method=\"get\" class=\"wpv-filter-form js-wpv-filter-form js-wpv-filter-form-23 js-wpv-form-full js-wpv-dps-enabled js-wpv-ajax-results-enabled\" data-viewnumber=\"23\" data-viewid=\"23\" data-viewhash=\"eyJuYW1lIjoicG9ydGZvbGlvLXRocmVlLWNvbHVtbi1ncmlkLXdpdGgtY2F0ZWdvcnktZmlsdGVycyJ9\" data-viewwidgetid=\"0\" data-orderby=\"\" data-order=\"\" data-orderbyas=\"\" data-orderbysecond=\"\" data-ordersecond=\"\" data-parametric=\"{&quot;query&quot;:&quot;normal&quot;,&quot;id&quot;:&quot;23&quot;,&quot;view_id&quot;:&quot;23&quot;,&quot;widget_id&quot;:0,&quot;view_hash&quot;:&quot;23&quot;,&quot;action&quot;:&quot;\\\/x053\\\/wp-json\\\/wp\\\/v2\\\/pages\\\/199?wpv_view_count=23&quot;,&quot;sort&quot;:{&quot;orderby&quot;:&quot;&quot;,&quot;order&quot;:&quot;&quot;,&quot;orderby_as&quot;:&quot;&quot;,&quot;orderby_second&quot;:&quot;&quot;,&quot;order_second&quot;:&quot;&quot;},&quot;orderby&quot;:&quot;&quot;,&quot;order&quot;:&quot;&quot;,&quot;orderby_as&quot;:&quot;&quot;,&quot;orderby_second&quot;:&quot;&quot;,&quot;order_second&quot;:&quot;&quot;,&quot;ajax_form&quot;:&quot;&quot;,&quot;ajax_results&quot;:&quot;&quot;,&quot;effect&quot;:&quot;fade&quot;,&quot;prebefore&quot;:&quot;&quot;,&quot;before&quot;:&quot;&quot;,&quot;after&quot;:&quot;&quot;,&quot;attributes&quot;:[],&quot;environment&quot;:{&quot;current_post_id&quot;:199,&quot;parent_post_id&quot;:199,&quot;parent_term_id&quot;:0,&quot;parent_user_id&quot;:0,&quot;archive&quot;:{&quot;type&quot;:&quot;&quot;,&quot;name&quot;:&quot;&quot;,&quot;data&quot;:[]}},&quot;loop&quot;:{&quot;type&quot;:&quot;&quot;,&quot;name&quot;:&quot;&quot;,&quot;data&quot;:[],&quot;id&quot;:0}}\" data-attributes=\"[]\" data-environment=\"{&quot;current_post_id&quot;:199,&quot;parent_post_id&quot;:199,&quot;parent_term_id&quot;:0,&quot;parent_user_id&quot;:0,&quot;archive&quot;:{&quot;type&quot;:&quot;&quot;,&quot;name&quot;:&quot;&quot;,&quot;data&quot;:[]}}\"><input type=\"hidden\" class=\"js-wpv-dps-filter-data js-wpv-filter-data-for-this-form\" data-action=\"\/x053\/wp-json\/wp\/v2\/pages\/199?wpv_view_count=23\" data-page=\"1\" data-ajax=\"enable\" data-effect=\"fade\" data-maxpages=\"0\" data-ajaxprebefore=\"\" data-ajaxbefore=\"\" data-ajaxafter=\"\" \/><input class=\"wpv_view_count wpv_view_count-23\" type=\"hidden\" name=\"wpv_view_count\" value=\"23\" \/>\n\n<div class=\"category-selector\">\n<div class=\"radio\">\n\t\t\t\t\t\t\t\t\t<label for=\"portfolio-category-\"  class=\"\" >\n\t\t\t\t\t\t\t\t\t\t<input id=\"portfolio-category-\"  class=\"js-wpv-filter-trigger\"\n\t\t\t\t\t\t\t\t\t\t\tname=\"wpv-portfolio-category\" type=\"radio\" value=\"0\"  checked='checked'\n\t\t\t\t\t\t\t\t\t\t\/>\n\t\t\t\t\t\t\t\t\t\tall\n\t\t\t\t\t\t\t\t\t<\/label>\n\t\t\t\t\t\t\t\t<\/div><div class=\"radio\"><label for=\"portfolio-category-batteri\"><input type=\"radio\" id=\"portfolio-category-batteri\" class=\"js-wpv-filter-trigger\" name=\"wpv-portfolio-category\" value=\"batteri\" \/>Batteri<\/label><\/div><div class=\"radio\"><label for=\"portfolio-category-belysning\"><input type=\"radio\" id=\"portfolio-category-belysning\" class=\"js-wpv-filter-trigger\" name=\"wpv-portfolio-category\" value=\"belysning\" \/>Belysning<\/label><\/div><div class=\"radio\"><label for=\"portfolio-category-bromsar\"><input type=\"radio\" id=\"portfolio-category-bromsar\" class=\"js-wpv-filter-trigger\" name=\"wpv-portfolio-category\" value=\"bromsar\" \/>Bromsar<\/label><\/div><div class=\"radio\"><label for=\"portfolio-category-kontrollsystem\"><input type=\"radio\" id=\"portfolio-category-kontrollsystem\" class=\"js-wpv-filter-trigger\" name=\"wpv-portfolio-category\" value=\"kontrollsystem\" \/>Kontrollsystem<\/label><\/div><div class=\"radio\"><label for=\"portfolio-category-loggning\"><input type=\"radio\" id=\"portfolio-category-loggning\" class=\"js-wpv-filter-trigger\" name=\"wpv-portfolio-category\" value=\"loggning\" \/>Loggning<\/label><\/div>\n<\/div>\n<div style=\"height:25px;text-align:center;\">\n<span style=\"display:none\" class=\"js-wpv-dps-spinner\"><img decoding=\"async\" src=\"https:\/\/ref.toolset.com\/toolset-modules\/wp-content\/plugins\/views-trunk\/embedded\/res\/img\/ajax-loader2.gif\" \/><\/span>\n<\/div>\n\n\n<\/form>\n<div id=\"wpv-view-layout-23\" class=\"js-wpv-view-layout js-wpv-layout-responsive js-wpv-view-layout-23\" data-viewnumber=\"23\" data-pagination=\"{&quot;id&quot;:&quot;23&quot;,&quot;query&quot;:&quot;normal&quot;,&quot;type&quot;:&quot;disabled&quot;,&quot;effect&quot;:&quot;fade&quot;,&quot;duration&quot;:&quot;500&quot;,&quot;speed&quot;:&quot;5&quot;,&quot;pause_on_hover&quot;:&quot;disabled&quot;,&quot;stop_rollover&quot;:&quot;false&quot;,&quot;cache_pages&quot;:&quot;enabled&quot;,&quot;preload_images&quot;:&quot;enabled&quot;,&quot;preload_pages&quot;:&quot;enabled&quot;,&quot;preload_reach&quot;:&quot;1&quot;,&quot;spinner&quot;:&quot;builtin&quot;,&quot;spinner_image&quot;:&quot;https:\/\/ref.toolset.com\/toolset-modules\/wp-content\/plugins\/views-trunk\/embedded\/res\/img\/ajax-loader.gif&quot;,&quot;callback_next&quot;:&quot;&quot;,&quot;manage_history&quot;:&quot;enabled&quot;,&quot;has_controls_in_form&quot;:&quot;disabled&quot;,&quot;infinite_tolerance&quot;:&quot;0&quot;,&quot;max_pages&quot;:0,&quot;page&quot;:1,&quot;base_permalink&quot;:&quot;\/x053\/wp-json\/wp\/v2\/pages\/199?wpv_view_count=23&amp;wpv_paged=WPV_PAGE_NUM&quot;,&quot;loop&quot;:{&quot;type&quot;:&quot;&quot;,&quot;name&quot;:&quot;&quot;,&quot;data&quot;:[],&quot;id&quot;:0}}\" data-permalink=\"\/x053\/wp-json\/wp\/v2\/pages\/199?wpv_view_count=23\">\n\n\t\n<div id=\"portfolio-view-1\">\n\t\n\t\n\t\t\n\t\t<div class=\"row \">\n\t\t\t<div class=\"col-sm-4\"><div class=\"portfolio-item\">\n  <a href=\"https:\/\/yellotab.se\/x053\/portfolio\/belysning\/\"><img decoding=\"async\" src=\"https:\/\/s3.eu-north-1.amazonaws.com\/yellotab.se\/wp-content\/uploads\/sites\/41\/2026\/01\/16122604\/Skarmavbild-2026-01-16-kl.-12.25.15.png\" \/><\/a>\n  <div class=\"card-body\"> \n    <h4>Belysning<\/h4>\n\t<p>Design Klimatcykel Busch &amp; Muller : Upp E | Son: frontlight\u00a0 | backlight | low volt\u00a0 Productkata&#8230;<\/p>\n\n    <p><small>Category: <a href=\"https:\/\/yellotab.se\/x053\/portfolio-category\/belysning\/\">Belysning<\/a><\/small><\/p>\n    <a class=\"btn btn-default\" href=\"https:\/\/yellotab.se\/x053\/portfolio\/belysning\/\">View project<\/a>\n  <\/div>\n<\/div><\/div>\n\t\t\n\t\t\n\t\t\t<div class=\"col-sm-4\"><div class=\"portfolio-item\">\n  <a href=\"https:\/\/yellotab.se\/x053\/portfolio\/brass-door-ornament\/\"><img decoding=\"async\" src=\"https:\/\/s3.eu-north-1.amazonaws.com\/yellotab.se\/wp-content\/uploads\/sites\/41\/2018\/08\/24183543\/1022-V2holder_angle.jpg\" \/><\/a>\n  <div class=\"card-body\"> \n    <h4>Underh\u00e5llsbara bromsbel\u00e4gg<\/h4>\n\t<p>Kool stop underh\u00e5llsbars bromsbel\u00e4gg f\u00f6r l\u00e5ng h\u00e5llbarhet. Och underh\u00e5llsbarnet genom att bara byta s&#8230;<\/p>\n\n    <p><small>Category: <a href=\"https:\/\/yellotab.se\/x053\/portfolio-category\/bromsar\/\">Bromsar<\/a><\/small><\/p>\n    <a class=\"btn btn-default\" href=\"https:\/\/yellotab.se\/x053\/portfolio\/brass-door-ornament\/\">View project<\/a>\n  <\/div>\n<\/div><\/div>\n\t\t\n\t\t\n\t\t\t<div class=\"col-sm-4\"><div class=\"portfolio-item\">\n  <a href=\"https:\/\/yellotab.se\/x053\/portfolio\/iron-key-and-heart\/\"><img decoding=\"async\" src=\"https:\/\/s3.eu-north-1.amazonaws.com\/yellotab.se\/wp-content\/uploads\/sites\/41\/2018\/08\/10163729\/2020-02-08-05.10.57-pm-1.png\" \/><\/a>\n  <div class=\"card-body\"> \n    <h4>Batteri<\/h4>\n\t<p>Modulbaserat batteri f\u00f6r underh\u00e5llsbarnet och flexibilitet.<\/p>\n\n    <p><small>Category: <a href=\"https:\/\/yellotab.se\/x053\/portfolio-category\/batteri\/\">Batteri<\/a><\/small><\/p>\n    <a class=\"btn btn-default\" href=\"https:\/\/yellotab.se\/x053\/portfolio\/iron-key-and-heart\/\">View project<\/a>\n  <\/div>\n<\/div><\/div>\n\t\t<\/div>\n\t\t\n\t\t\n\t\t<div class=\"row \">\n\t\t\t<div class=\"col-sm-4\"><div class=\"portfolio-item\">\n  <a href=\"https:\/\/yellotab.se\/x053\/portfolio\/iron-crown\/\"><img decoding=\"async\" src=\"https:\/\/s3.eu-north-1.amazonaws.com\/yellotab.se\/wp-content\/uploads\/sites\/41\/2018\/08\/24183542\/ca3-dp_3.1_main_1.jpg\" \/><\/a>\n  <div class=\"card-body\"> \n    <h4>CA Analyst display<\/h4>\n\t<p>Display med anslutning f\u00f6r reglage. F\u00f6r styrning av olika typer av motorkontroller.<\/p>\n\n    <p><small>Category: <a href=\"https:\/\/yellotab.se\/x053\/portfolio-category\/kontrollsystem\/\">Kontrollsystem<\/a><\/small><\/p>\n    <a class=\"btn btn-default\" href=\"https:\/\/yellotab.se\/x053\/portfolio\/iron-crown\/\">View project<\/a>\n  <\/div>\n<\/div><\/div>\n\t\t\n\t\t\n\t\t\t<div class=\"col-sm-4\"><div class=\"portfolio-item\">\n  <a href=\"https:\/\/yellotab.se\/x053\/portfolio\/brass-pendant\/\"><img decoding=\"async\" src=\"https:\/\/s3.eu-north-1.amazonaws.com\/yellotab.se\/wp-content\/uploads\/sites\/41\/2018\/08\/24183542\/image.jpg\" \/><\/a>\n  <div class=\"card-body\"> \n    <h4>IoT- cykellogger<\/h4>\n\t<p>Smarta cyklar<\/p>\n\n    <p><small>Category: <a href=\"https:\/\/yellotab.se\/x053\/portfolio-category\/loggning\/\">Loggning<\/a><\/small><\/p>\n    <a class=\"btn btn-default\" href=\"https:\/\/yellotab.se\/x053\/portfolio\/brass-pendant\/\">View project<\/a>\n  <\/div>\n<\/div><\/div>\n\t\t\n\t\t\t<div class=\"col-sm-4\"><\/div>\n\t\t<\/div>\n\t\n\t\n<\/div>\n\t\n\t\n<\/div>\n","protected":false},"excerpt":{"rendered":"","protected":false},"author":4,"featured_media":0,"parent":0,"menu_order":0,"comment_status":"closed","ping_status":"closed","template":"","meta":{"footnotes":""},"class_list":["post-199","page","type-page","status-publish","hentry"],"_links":{"self":[{"href":"https:\/\/yellotab.se\/x053\/wp-json\/wp\/v2\/pages\/199","targetHints":{"allow":["GET"]}}],"collection":[{"href":"https:\/\/yellotab.se\/x053\/wp-json\/wp\/v2\/pages"}],"about":[{"href":"https:\/\/yellotab.se\/x053\/wp-json\/wp\/v2\/types\/page"}],"author":[{"embeddable":true,"href":"https:\/\/yellotab.se\/x053\/wp-json\/wp\/v2\/users\/4"}],"replies":[{"embeddable":true,"href":"https:\/\/yellotab.se\/x053\/wp-json\/wp\/v2\/comments?post=199"}],"version-history":[{"count":4,"href":"https:\/\/yellotab.se\/x053\/wp-json\/wp\/v2\/pages\/199\/revisions"}],"predecessor-version":[{"id":402,"href":"https:\/\/yellotab.se\/x053\/wp-json\/wp\/v2\/pages\/199\/revisions\/402"}],"wp:attachment":[{"href":"https:\/\/yellotab.se\/x053\/wp-json\/wp\/v2\/media?parent=199"}],"curies":[{"name":"wp","href":"https:\/\/api.w.org\/{rel}","templated":true}]}}