{"id":262,"date":"2019-03-01T19:18:45","date_gmt":"2019-03-01T18:18:45","guid":{"rendered":"http:\/\/yellotab.se\/x053\/?page_id=262"},"modified":"2019-03-05T11:52:06","modified_gmt":"2019-03-05T10:52:06","slug":"sakerhetsforeskrifter","status":"publish","type":"page","link":"https:\/\/yellotab.se\/x053\/sakerhetsforeskrifter\/","title":{"rendered":"S\u00e4kerhetsf\u00f6reskrifter"},"content":{"rendered":"<h3>Be aware<\/h3>\n<p>Generella f\u00f6rsiktighetsf\u00f6reskrifter f\u00f6r cykling med elcykel<\/p>\n<p>Generella f\u00f6rsiktighetsf\u00f6reskrifter vid arbete med elcykel<\/p>\n","protected":false},"excerpt":{"rendered":"<p>Be aware Generella f\u00f6rsiktighetsf\u00f6reskrifter f\u00f6r cykling med elcykel Generella f\u00f6rsiktighetsf\u00f6reskrifter vid arbete med elcykel<\/p>\n","protected":false},"author":4,"featured_media":0,"parent":0,"menu_order":0,"comment_status":"closed","ping_status":"closed","template":"","meta":{"footnotes":""},"class_list":["post-262","page","type-page","status-publish","hentry"],"_links":{"self":[{"href":"https:\/\/yellotab.se\/x053\/wp-json\/wp\/v2\/pages\/262","targetHints":{"allow":["GET"]}}],"collection":[{"href":"https:\/\/yellotab.se\/x053\/wp-json\/wp\/v2\/pages"}],"about":[{"href":"https:\/\/yellotab.se\/x053\/wp-json\/wp\/v2\/types\/page"}],"author":[{"embeddable":true,"href":"https:\/\/yellotab.se\/x053\/wp-json\/wp\/v2\/users\/4"}],"replies":[{"embeddable":true,"href":"https:\/\/yellotab.se\/x053\/wp-json\/wp\/v2\/comments?post=262"}],"version-history":[{"count":4,"href":"https:\/\/yellotab.se\/x053\/wp-json\/wp\/v2\/pages\/262\/revisions"}],"predecessor-version":[{"id":288,"href":"https:\/\/yellotab.se\/x053\/wp-json\/wp\/v2\/pages\/262\/revisions\/288"}],"wp:attachment":[{"href":"https:\/\/yellotab.se\/x053\/wp-json\/wp\/v2\/media?parent=262"}],"curies":[{"name":"wp","href":"https:\/\/api.w.org\/{rel}","templated":true}]}}