{"id":273,"date":"2019-03-05T10:12:44","date_gmt":"2019-03-05T09:12:44","guid":{"rendered":"http:\/\/yellotab.se\/x053\/?page_id=273"},"modified":"2019-03-05T11:14:05","modified_gmt":"2019-03-05T10:14:05","slug":"roadmap-utvecklingskarta","status":"publish","type":"page","link":"https:\/\/yellotab.se\/x053\/roadmap-utvecklingskarta\/","title":{"rendered":"Roadmap- utvecklingskarta"},"content":{"rendered":"<p>Klimatcykel drivs som ett projekt och utvecklas med metoden iterativa utveckling som v\u00e4xer fram samtidigt \u00a0inom olika omr\u00e5den.<\/p>\n<p>Inom xProjekt: <a href=\"https:\/\/kiube.se\/projekt\/projektvy-027-klimatcykel\">#027- Klimatcykel<\/a><\/p>\n<p><strong>Omr\u00e5de 1<\/strong><\/p>\n<ul>\n<li>Batteri och elsystem<\/li>\n<\/ul>\n<p><strong>Omr\u00e5de 2<\/strong><\/p>\n<ul>\n<li>Kraft och kontroll, drivsystem<\/li>\n<\/ul>\n<p><strong>Omr\u00e5de 3<\/strong><\/p>\n<ul>\n<li>IoT, loggning av cykeldata<\/li>\n<\/ul>\n<p><strong>Omr\u00e5de 4<\/strong><\/p>\n<ul>\n<li>L\u00e5sanordning och integration med cykelsystem<\/li>\n<\/ul>\n","protected":false},"excerpt":{"rendered":"<p>Klimatcykel drivs som ett projekt och utvecklas med metoden iterativa utveckling som v\u00e4xer fram samtidigt \u00a0inom olika omr\u00e5den. Inom xProjekt: #027- Klimatcykel Omr\u00e5de 1 Batteri och elsystem Omr\u00e5de 2 Kraft och kontroll, drivsystem Omr\u00e5de 3 IoT, loggning av cykeldata Omr\u00e5de 4 L\u00e5sanordning och integration med cykelsystem<\/p>\n","protected":false},"author":4,"featured_media":0,"parent":0,"menu_order":0,"comment_status":"closed","ping_status":"closed","template":"","meta":{"footnotes":""},"class_list":["post-273","page","type-page","status-publish","hentry"],"_links":{"self":[{"href":"https:\/\/yellotab.se\/x053\/wp-json\/wp\/v2\/pages\/273","targetHints":{"allow":["GET"]}}],"collection":[{"href":"https:\/\/yellotab.se\/x053\/wp-json\/wp\/v2\/pages"}],"about":[{"href":"https:\/\/yellotab.se\/x053\/wp-json\/wp\/v2\/types\/page"}],"author":[{"embeddable":true,"href":"https:\/\/yellotab.se\/x053\/wp-json\/wp\/v2\/users\/4"}],"replies":[{"embeddable":true,"href":"https:\/\/yellotab.se\/x053\/wp-json\/wp\/v2\/comments?post=273"}],"version-history":[{"count":5,"href":"https:\/\/yellotab.se\/x053\/wp-json\/wp\/v2\/pages\/273\/revisions"}],"predecessor-version":[{"id":280,"href":"https:\/\/yellotab.se\/x053\/wp-json\/wp\/v2\/pages\/273\/revisions\/280"}],"wp:attachment":[{"href":"https:\/\/yellotab.se\/x053\/wp-json\/wp\/v2\/media?parent=273"}],"curies":[{"name":"wp","href":"https:\/\/api.w.org\/{rel}","templated":true}]}}