{"id":328,"date":"2019-03-09T21:01:55","date_gmt":"2019-03-09T20:01:55","guid":{"rendered":"http:\/\/yellotab.se\/x053\/?page_id=328"},"modified":"2019-03-09T21:02:40","modified_gmt":"2019-03-09T20:02:40","slug":"impressum","status":"publish","type":"page","link":"https:\/\/yellotab.se\/x053\/impressum\/","title":{"rendered":"Impressum"},"content":{"rendered":"<p><strong>1. Legal notes<\/strong><\/p>\n<p>1.1 Ansvar f\u00f6r inneh\u00e5ll (demokratisk triangle)<\/p>\n<p>1.2 \u00a0Ansvar f\u00f6r lagringsplats<\/p>\n<p>1.3<\/p>\n<p>Scope<\/p>\n<p>Ansvar<\/p>\n<p>Privacy<\/p>\n<p>Anv\u00e4nda<\/p>\n<p>R\u00e4ttigheter<\/p>\n<p>&nbsp;<\/p>\n<p>Bakgrundsmaterial<\/p>\n<ul>\n<li><a href=\"http:\/\/www.trendtablet.com\/?page_id=95\">Terms of business Trend tablet<\/a><\/li>\n<li><a href=\"http:\/\/auftragsrad.de\/impressum\/\">Impressum Auftragsrad<\/a><\/li>\n<\/ul>\n","protected":false},"excerpt":{"rendered":"<p>1. Legal notes 1.1 Ansvar f\u00f6r inneh\u00e5ll (demokratisk triangle) 1.2 \u00a0Ansvar f\u00f6r lagringsplats 1.3 Scope Ansvar Privacy Anv\u00e4nda R\u00e4ttigheter &nbsp; Bakgrundsmaterial Terms of business Trend tablet Impressum Auftragsrad<\/p>\n","protected":false},"author":4,"featured_media":0,"parent":0,"menu_order":0,"comment_status":"closed","ping_status":"closed","template":"","meta":{"footnotes":""},"class_list":["post-328","page","type-page","status-publish","hentry"],"_links":{"self":[{"href":"https:\/\/yellotab.se\/x053\/wp-json\/wp\/v2\/pages\/328","targetHints":{"allow":["GET"]}}],"collection":[{"href":"https:\/\/yellotab.se\/x053\/wp-json\/wp\/v2\/pages"}],"about":[{"href":"https:\/\/yellotab.se\/x053\/wp-json\/wp\/v2\/types\/page"}],"author":[{"embeddable":true,"href":"https:\/\/yellotab.se\/x053\/wp-json\/wp\/v2\/users\/4"}],"replies":[{"embeddable":true,"href":"https:\/\/yellotab.se\/x053\/wp-json\/wp\/v2\/comments?post=328"}],"version-history":[{"count":2,"href":"https:\/\/yellotab.se\/x053\/wp-json\/wp\/v2\/pages\/328\/revisions"}],"predecessor-version":[{"id":330,"href":"https:\/\/yellotab.se\/x053\/wp-json\/wp\/v2\/pages\/328\/revisions\/330"}],"wp:attachment":[{"href":"https:\/\/yellotab.se\/x053\/wp-json\/wp\/v2\/media?parent=328"}],"curies":[{"name":"wp","href":"https:\/\/api.w.org\/{rel}","templated":true}]}}