{"id":1230,"date":"2022-06-15T10:08:47","date_gmt":"2022-06-15T08:08:47","guid":{"rendered":"https:\/\/yellotab.se\/x056\/?page_id=1230"},"modified":"2022-06-15T10:10:33","modified_gmt":"2022-06-15T08:10:33","slug":"systemrelationer","status":"publish","type":"page","link":"https:\/\/yellotab.se\/x056\/systemrelationer\/","title":{"rendered":"Systemrelationer"},"content":{"rendered":"<p>[bild]<\/p>\n<p>&nbsp;<\/p>\n<p>Relationer mellan olika typer av datak\u00e4llor s\u00e5som |Wordpress | SQL | MongoDB | och verktyg som flyttar eller uppdaterar data mellan k\u00e4llor beroende p\u00e5 olika\u00a0 signaler eller h\u00e4ndelser<\/p>\n<p>&nbsp;<\/p>\n<p>Relationsdata<\/p>\n<p>&nbsp;<\/p>\n<p>&nbsp;<\/p>\n<p>Taxonomidata<\/p>\n<p>&nbsp;<\/p>\n<p>&nbsp;<\/p>\n<p>IoT data<\/p>\n","protected":false},"excerpt":{"rendered":"<p>[bild] &nbsp; Relationer mellan olika typer av datak\u00e4llor s\u00e5som |Wordpress | SQL | MongoDB | och verktyg som flyttar eller uppdaterar data mellan k\u00e4llor beroende p\u00e5 olika\u00a0 signaler eller h\u00e4ndelser &nbsp; Relationsdata &nbsp; &nbsp; Taxonomidata &nbsp; &nbsp; IoT data<\/p>\n","protected":false},"author":3,"featured_media":0,"parent":0,"menu_order":0,"comment_status":"closed","ping_status":"closed","template":"","meta":{"footnotes":""},"class_list":["post-1230","page","type-page","status-publish","hentry"],"jetpack_sharing_enabled":true,"_links":{"self":[{"href":"https:\/\/yellotab.se\/x056\/wp-json\/wp\/v2\/pages\/1230","targetHints":{"allow":["GET"]}}],"collection":[{"href":"https:\/\/yellotab.se\/x056\/wp-json\/wp\/v2\/pages"}],"about":[{"href":"https:\/\/yellotab.se\/x056\/wp-json\/wp\/v2\/types\/page"}],"author":[{"embeddable":true,"href":"https:\/\/yellotab.se\/x056\/wp-json\/wp\/v2\/users\/3"}],"replies":[{"embeddable":true,"href":"https:\/\/yellotab.se\/x056\/wp-json\/wp\/v2\/comments?post=1230"}],"version-history":[{"count":3,"href":"https:\/\/yellotab.se\/x056\/wp-json\/wp\/v2\/pages\/1230\/revisions"}],"predecessor-version":[{"id":1233,"href":"https:\/\/yellotab.se\/x056\/wp-json\/wp\/v2\/pages\/1230\/revisions\/1233"}],"wp:attachment":[{"href":"https:\/\/yellotab.se\/x056\/wp-json\/wp\/v2\/media?parent=1230"}],"curies":[{"name":"wp","href":"https:\/\/api.w.org\/{rel}","templated":true}]}}