{"id":2040,"date":"2025-04-16T14:32:53","date_gmt":"2025-04-16T12:32:53","guid":{"rendered":"https:\/\/yellotab.se\/x056\/?page_id=2040"},"modified":"2025-04-16T14:32:53","modified_gmt":"2025-04-16T12:32:53","slug":"mediabibliotek-wordpress","status":"publish","type":"page","link":"https:\/\/yellotab.se\/x056\/mediabibliotek-wordpress\/","title":{"rendered":"Mediabibliotek WordPress"},"content":{"rendered":"<p>Filstruktur<\/p>\n<h2 class=\"\" data-start=\"180\" data-end=\"242\">\ud83d\udcc1 <strong data-start=\"186\" data-end=\"242\">Standard WordPress-filstruktur f\u00f6r uppladdade bilder<\/strong><\/h2>\n<p class=\"\" data-start=\"244\" data-end=\"263\">Det vanliga s\u00e4ttet:<\/p>\n<div class=\"contain-inline-size rounded-md border-[0.5px] border-token-border-medium relative bg-token-sidebar-surface-primary\">\n<div class=\"flex items-center text-token-text-secondary px-4 py-2 text-xs font-sans justify-between h-9 bg-token-sidebar-surface-primary dark:bg-token-main-surface-secondary select-none rounded-t-[5px]\">css<\/div>\n<div class=\"sticky top-9\">\n<div class=\"absolute end-0 bottom-0 flex h-9 items-center pe-2\">\n<div class=\"bg-token-sidebar-surface-primary text-token-text-secondary dark:bg-token-main-surface-secondary flex items-center rounded-sm px-2 font-sans text-xs\"><span class=\"\" data-state=\"closed\"><button class=\"flex gap-1 items-center select-none px-4 py-1\" aria-label=\"Kopiera\">Kopiera<\/button><\/span><span class=\"\" data-state=\"closed\"><button class=\"flex items-center gap-1 px-4 py-1 select-none\">Redigera<\/button><\/span><\/div>\n<\/div>\n<\/div>\n<div class=\"overflow-y-auto p-4\" dir=\"ltr\"><code class=\"\" data-line=\"\">wp-&lt;span class=&quot;hljs-attribute&quot;&gt;content&lt;\/span&gt;\/<br \/>\n\u2514\u2500\u2500 uploads\/<br \/>\n    \u2514\u2500\u2500 &lt;span class=&quot;hljs-number&quot;&gt;2025&lt;\/span&gt;\/<br \/>\n        \u2514\u2500\u2500 &lt;span class=&quot;hljs-number&quot;&gt;04&lt;\/span&gt;\/<br \/>\n            \u251c\u2500\u2500 bild&lt;span class=&quot;hljs-selector-class&quot;&gt;.jpg&lt;\/span&gt;<br \/>\n            \u251c\u2500\u2500 bild-&lt;span class=&quot;hljs-number&quot;&gt;150&lt;\/span&gt;x150&lt;span class=&quot;hljs-selector-class&quot;&gt;.jpg&lt;\/span&gt;<br \/>\n            \u251c\u2500\u2500 bild-&lt;span class=&quot;hljs-number&quot;&gt;300&lt;\/span&gt;x200&lt;span class=&quot;hljs-selector-class&quot;&gt;.jpg&lt;\/span&gt;<br \/>\n            \u2514\u2500\u2500 ...<br \/>\n<\/code><\/div>\n<\/div>\n<p class=\"\" data-start=\"440\" data-end=\"458\">\ud83d\udccc <strong data-start=\"443\" data-end=\"458\">F\u00f6rklaring:<\/strong><\/p>\n<ul data-start=\"459\" data-end=\"664\">\n<li class=\"\" data-start=\"459\" data-end=\"530\">\n<p class=\"\" data-start=\"461\" data-end=\"530\">WordPress skapar undermappar baserat p\u00e5 <strong data-start=\"501\" data-end=\"513\">\u00e5r\/m\u00e5nad<\/strong> vid uppladdning.<\/p>\n<\/li>\n<li class=\"\" data-start=\"531\" data-end=\"664\">\n<p class=\"\" data-start=\"533\" data-end=\"664\">Flera kopior av bilden genereras i olika storlekar, t.ex. <code class=\"\" data-line=\"\">-150x150<\/code>, <code class=\"\" data-line=\"\">-300x200<\/code> (beroende p\u00e5 inst\u00e4llningar i WordPress och teman).<\/p>\n<\/li>\n<\/ul>\n<hr class=\"\" data-start=\"666\" data-end=\"669\" \/>\n<h2 class=\"\" data-start=\"671\" data-end=\"745\">\ud83d\uddc2\ufe0f <strong data-start=\"678\" data-end=\"745\">Alternativ struktur \u2013 t.ex. med plugins eller specialanpassning<\/strong><\/h2>\n<p class=\"\" data-start=\"747\" data-end=\"777\">I vissa fall hittar man t.ex.:<\/p>\n<div class=\"contain-inline-size rounded-md border-[0.5px] border-token-border-medium relative bg-token-sidebar-surface-primary\">\n<div class=\"flex items-center text-token-text-secondary px-4 py-2 text-xs font-sans justify-between h-9 bg-token-sidebar-surface-primary dark:bg-token-main-surface-secondary select-none rounded-t-[5px]\">bash<\/div>\n<div class=\"sticky top-9\">\n<div class=\"absolute end-0 bottom-0 flex h-9 items-center pe-2\">\n<div class=\"bg-token-sidebar-surface-primary text-token-text-secondary dark:bg-token-main-surface-secondary flex items-center rounded-sm px-2 font-sans text-xs\"><span class=\"\" data-state=\"closed\"><button class=\"flex gap-1 items-center select-none px-4 py-1\" aria-label=\"Kopiera\">Kopiera<\/button><\/span><span class=\"\" data-state=\"closed\"><button class=\"flex items-center gap-1 px-4 py-1 select-none\">Redigera<\/button><\/span><\/div>\n<\/div>\n<\/div>\n<div class=\"overflow-y-auto p-4\" dir=\"ltr\"><code class=\"\" data-line=\"\">wp-content\/uploads\/<br \/>\n\u2514\u2500\u2500 custom-folder\/<br \/>\n    \u251c\u2500\u2500 bild.jpg<br \/>\n    \u2514\u2500\u2500 ...<br \/>\n<\/code><\/div>\n<\/div>\n<p class=\"\" data-start=\"856\" data-end=\"862\">Eller:<\/p>\n<div class=\"contain-inline-size rounded-md border-[0.5px] border-token-border-medium relative bg-token-sidebar-surface-primary\">\n<div class=\"flex items-center text-token-text-secondary px-4 py-2 text-xs font-sans justify-between h-9 bg-token-sidebar-surface-primary dark:bg-token-main-surface-secondary select-none rounded-t-[5px]\">bash<\/div>\n<div class=\"sticky top-9\">\n<div class=\"absolute end-0 bottom-0 flex h-9 items-center pe-2\">\n<div class=\"bg-token-sidebar-surface-primary text-token-text-secondary dark:bg-token-main-surface-secondary flex items-center rounded-sm px-2 font-sans text-xs\"><span class=\"\" data-state=\"closed\"><button class=\"flex gap-1 items-center select-none px-4 py-1\" aria-label=\"Kopiera\">Kopiera<\/button><\/span><span class=\"\" data-state=\"closed\"><button class=\"flex items-center gap-1 px-4 py-1 select-none\">Redigera<\/button><\/span><\/div>\n<\/div>\n<\/div>\n<div class=\"overflow-y-auto p-4\" dir=\"ltr\"><code class=\"\" data-line=\"\">wp-content\/uploads\/<br \/>\n\u2514\u2500\u2500 bild.jpg<br \/>\n<\/code><\/div>\n<\/div>\n<p class=\"\" data-start=\"906\" data-end=\"935\">\ud83d\udccc <strong data-start=\"909\" data-end=\"935\">Varf\u00f6r h\u00e4nder det h\u00e4r?<\/strong><\/p>\n<ul data-start=\"936\" data-end=\"1305\">\n<li class=\"\" data-start=\"936\" data-end=\"1081\">\n<p class=\"\" data-start=\"938\" data-end=\"992\">N\u00e5gon har <strong data-start=\"948\" data-end=\"987\">avaktiverat tidsbaserad uppladdning<\/strong> via:<\/p>\n<blockquote data-start=\"995\" data-end=\"1081\">\n<p class=\"\" data-start=\"997\" data-end=\"1081\"><strong data-start=\"997\" data-end=\"1081\">Inst\u00e4llningar &gt; Media &gt; &#8221;Ordna mina uppladdningar i m\u00e5natliga och \u00e5rliga mappar&#8221;<\/strong><\/p>\n<\/blockquote>\n<\/li>\n<li class=\"\" data-start=\"1082\" data-end=\"1205\">\n<p class=\"\" data-start=\"1084\" data-end=\"1205\">Eller ett plugin (t.ex. WooCommerce, ACF, formul\u00e4r-plugins, externa API:er) laddar upp bilder i en <strong data-start=\"1183\" data-end=\"1204\">egen mappstruktur<\/strong>.<\/p>\n<\/li>\n<li class=\"\" data-start=\"1206\" data-end=\"1305\">\n<p class=\"\" data-start=\"1208\" data-end=\"1305\">Vissa teman eller utvecklare laddar upp bilder direkt utan att registrera dem i mediabiblioteket.<\/p>\n<\/li>\n<\/ul>\n","protected":false},"excerpt":{"rendered":"<p>Filstruktur \ud83d\udcc1 Standard WordPress-filstruktur f\u00f6r uppladdade bilder Det vanliga s\u00e4ttet: css KopieraRedigera wp-&lt;span class=&quot;hljs-attribute&quot;&gt;content&lt;\/span&gt;\/ \u2514\u2500\u2500 uploads\/ \u2514\u2500\u2500 &lt;span class=&quot;hljs-number&quot;&gt;2025&lt;\/span&gt;\/ \u2514\u2500\u2500 &lt;span class=&quot;hljs-number&quot;&gt;04&lt;\/span&gt;\/ \u251c\u2500\u2500 bild&lt;span class=&quot;hljs-selector-class&quot;&gt;.jpg&lt;\/span&gt; \u251c\u2500\u2500 bild-&lt;span class=&quot;hljs-number&quot;&gt;150&lt;\/span&gt;x150&lt;span class=&quot;hljs-selector-class&quot;&gt;.jpg&lt;\/span&gt; \u251c\u2500\u2500 bild-&lt;span class=&quot;hljs-number&quot;&gt;300&lt;\/span&gt;x200&lt;span class=&quot;hljs-selector-class&quot;&gt;.jpg&lt;\/span&gt; \u2514\u2500\u2500 &#8230; \ud83d\udccc F\u00f6rklaring: WordPress skapar undermappar baserat p\u00e5 \u00e5r\/m\u00e5nad vid uppladdning. Flera kopior av bilden genereras i olika storlekar, t.ex. -150&#215;150, [&hellip;]<\/p>\n","protected":false},"author":3,"featured_media":0,"parent":0,"menu_order":0,"comment_status":"closed","ping_status":"closed","template":"","meta":{"footnotes":""},"class_list":["post-2040","page","type-page","status-publish","hentry"],"jetpack_sharing_enabled":true,"_links":{"self":[{"href":"https:\/\/yellotab.se\/x056\/wp-json\/wp\/v2\/pages\/2040","targetHints":{"allow":["GET"]}}],"collection":[{"href":"https:\/\/yellotab.se\/x056\/wp-json\/wp\/v2\/pages"}],"about":[{"href":"https:\/\/yellotab.se\/x056\/wp-json\/wp\/v2\/types\/page"}],"author":[{"embeddable":true,"href":"https:\/\/yellotab.se\/x056\/wp-json\/wp\/v2\/users\/3"}],"replies":[{"embeddable":true,"href":"https:\/\/yellotab.se\/x056\/wp-json\/wp\/v2\/comments?post=2040"}],"version-history":[{"count":1,"href":"https:\/\/yellotab.se\/x056\/wp-json\/wp\/v2\/pages\/2040\/revisions"}],"predecessor-version":[{"id":2041,"href":"https:\/\/yellotab.se\/x056\/wp-json\/wp\/v2\/pages\/2040\/revisions\/2041"}],"wp:attachment":[{"href":"https:\/\/yellotab.se\/x056\/wp-json\/wp\/v2\/media?parent=2040"}],"curies":[{"name":"wp","href":"https:\/\/api.w.org\/{rel}","templated":true}]}}