{"id":666,"date":"2020-06-07T10:25:39","date_gmt":"2020-06-07T08:25:39","guid":{"rendered":"https:\/\/yellotab.se\/x056\/?page_id=666"},"modified":"2020-06-08T19:34:26","modified_gmt":"2020-06-08T17:34:26","slug":"sakerhetsforeskrifter","status":"publish","type":"page","link":"https:\/\/yellotab.se\/x056\/sakerhetsforeskrifter\/","title":{"rendered":"S\u00e4kerhetsf\u00f6reskrifter"},"content":{"rendered":"<h3>Risk f\u00f6r personskada<\/h3>\n<p>&nbsp;<\/p>\n<h3>Risker f\u00f6r komponentskada<\/h3>\n<pre><strong>Before you power the module, connect the antenna<\/strong>. The unit can be damaged if you try to transmitted data without an antenna. When the Lora32 is connected to power or USB it starts a demo which includes transmitting LoRa packets so connect an antenna first!<\/pre>\n<h3>Risker f\u00f6r milj\u00f6<\/h3>\n","protected":false},"excerpt":{"rendered":"<p>Risk f\u00f6r personskada &nbsp; Risker f\u00f6r komponentskada Before you power the module, connect the antenna. The unit can be damaged if you try to transmitted data without an antenna. When the Lora32 is connected to power or USB it starts a demo which includes transmitting LoRa packets so connect an antenna first! Risker f\u00f6r milj\u00f6<\/p>\n","protected":false},"author":4,"featured_media":0,"parent":0,"menu_order":0,"comment_status":"closed","ping_status":"closed","template":"page.php","meta":{"footnotes":""},"class_list":["post-666","page","type-page","status-publish","hentry"],"jetpack_sharing_enabled":true,"_links":{"self":[{"href":"https:\/\/yellotab.se\/x056\/wp-json\/wp\/v2\/pages\/666","targetHints":{"allow":["GET"]}}],"collection":[{"href":"https:\/\/yellotab.se\/x056\/wp-json\/wp\/v2\/pages"}],"about":[{"href":"https:\/\/yellotab.se\/x056\/wp-json\/wp\/v2\/types\/page"}],"author":[{"embeddable":true,"href":"https:\/\/yellotab.se\/x056\/wp-json\/wp\/v2\/users\/4"}],"replies":[{"embeddable":true,"href":"https:\/\/yellotab.se\/x056\/wp-json\/wp\/v2\/comments?post=666"}],"version-history":[{"count":3,"href":"https:\/\/yellotab.se\/x056\/wp-json\/wp\/v2\/pages\/666\/revisions"}],"predecessor-version":[{"id":700,"href":"https:\/\/yellotab.se\/x056\/wp-json\/wp\/v2\/pages\/666\/revisions\/700"}],"wp:attachment":[{"href":"https:\/\/yellotab.se\/x056\/wp-json\/wp\/v2\/media?parent=666"}],"curies":[{"name":"wp","href":"https:\/\/api.w.org\/{rel}","templated":true}]}}