{"id":707,"date":"2020-06-10T09:57:06","date_gmt":"2020-06-10T07:57:06","guid":{"rendered":"https:\/\/yellotab.se\/x056\/?page_id=707"},"modified":"2020-06-10T10:00:53","modified_gmt":"2020-06-10T08:00:53","slug":"utvecklingsmiljo","status":"publish","type":"page","link":"https:\/\/yellotab.se\/x056\/utvecklingsmiljo\/","title":{"rendered":"Utvecklingsmilj\u00f6"},"content":{"rendered":"<p>Cube Cell anv\u00e4nder sig av Arduino som utvecklingsplattform.<\/p>\n<p>&nbsp;<\/p>\n<p>TTN administreras i TTN<\/p>\n<p>&nbsp;<\/p>\n<p>Appar f\u00f6r visualisering kan visas och presenteras p\u00e5 olika s\u00e4tt.<\/p>\n","protected":false},"excerpt":{"rendered":"<p>Cube Cell anv\u00e4nder sig av Arduino som utvecklingsplattform. &nbsp; TTN administreras i TTN &nbsp; Appar f\u00f6r visualisering kan visas och presenteras p\u00e5 olika s\u00e4tt.<\/p>\n","protected":false},"author":4,"featured_media":0,"parent":0,"menu_order":0,"comment_status":"closed","ping_status":"closed","template":"page.php","meta":{"footnotes":""},"class_list":["post-707","page","type-page","status-publish","hentry"],"jetpack_sharing_enabled":true,"_links":{"self":[{"href":"https:\/\/yellotab.se\/x056\/wp-json\/wp\/v2\/pages\/707","targetHints":{"allow":["GET"]}}],"collection":[{"href":"https:\/\/yellotab.se\/x056\/wp-json\/wp\/v2\/pages"}],"about":[{"href":"https:\/\/yellotab.se\/x056\/wp-json\/wp\/v2\/types\/page"}],"author":[{"embeddable":true,"href":"https:\/\/yellotab.se\/x056\/wp-json\/wp\/v2\/users\/4"}],"replies":[{"embeddable":true,"href":"https:\/\/yellotab.se\/x056\/wp-json\/wp\/v2\/comments?post=707"}],"version-history":[{"count":3,"href":"https:\/\/yellotab.se\/x056\/wp-json\/wp\/v2\/pages\/707\/revisions"}],"predecessor-version":[{"id":710,"href":"https:\/\/yellotab.se\/x056\/wp-json\/wp\/v2\/pages\/707\/revisions\/710"}],"wp:attachment":[{"href":"https:\/\/yellotab.se\/x056\/wp-json\/wp\/v2\/media?parent=707"}],"curies":[{"name":"wp","href":"https:\/\/api.w.org\/{rel}","templated":true}]}}