{"id":245,"date":"2020-02-14T10:41:36","date_gmt":"2020-02-14T09:41:36","guid":{"rendered":"https:\/\/yellotab.se\/x058\/?page_id=245"},"modified":"2020-02-14T10:43:01","modified_gmt":"2020-02-14T09:43:01","slug":"lathund","status":"publish","type":"page","link":"https:\/\/yellotab.se\/x058\/lathund\/","title":{"rendered":"Lathund"},"content":{"rendered":"<div class=\"ss-form-question errorbox-good\" role=\"listitem\">\n<div class=\"ss-item ss-item-required ss-checkbox\" dir=\"auto\">\n<div class=\"ss-form-entry\">\n<div class=\"ss-q-title\"><strong>F\u00f6re Installation <label for=\"itemView.getDomIdToLabel()\" aria-label=\"(Obligatoriskt f\u00e4lt)\"><\/label><span class=\"ss-required-asterisk\" aria-hidden=\"true\">*<\/span><\/strong><\/div>\n<div class=\"ss-q-help ss-secondary-text\" dir=\"auto\">Punkter du ska g\u00f6ra f\u00f6re installation<\/div>\n<p><label><span class=\"ss-choice-item-control goog-inline-block\"><input id=\"group_1000000_1\" class=\"ss-q-checkbox\" role=\"checkbox\" name=\"entry.1000000\" type=\"checkbox\" value=\"Har du kunskap att utf\u00f6ra elinstallation, Observera EX-f\u00f6reskrifter\" aria-required=\"true\" \/><\/span> <span class=\"ss-choice-label\" style=\"font-size: 10pt;\">Har du kunskap att utf\u00f6ra elinstallation, Observera EX-f\u00f6reskrifter<\/span><\/label><\/p>\n<p><span style=\"font-size: 10pt;\"><label><span class=\"ss-choice-item-control goog-inline-block\"><input id=\"group_1000000_2\" class=\"ss-q-checkbox\" role=\"checkbox\" name=\"entry.1000000\" type=\"checkbox\" value=\"Allpolig brytare b\u00f6r inte monteras f\u00f6r att f\u00f6rhindra att alarmfunktion kopplas bort\" aria-required=\"true\" \/><\/span> <span class=\"ss-choice-label\">Allpolig brytare b\u00f6r inte monteras f\u00f6r att f\u00f6rhindra att alarmfunktion kopplas bort<\/span><\/label><\/span><\/p>\n<p><span style=\"font-size: 10pt;\"><label><span class=\"ss-choice-item-control goog-inline-block\"><input id=\"group_1000000_3\" class=\"ss-q-checkbox\" role=\"checkbox\" name=\"entry.1000000\" type=\"checkbox\" value=\"F\u00f6rl\u00e4ngningskablar till givare, skr\u00e4mda 2x1,5 mm2, max 200 meter\" aria-required=\"true\" \/><\/span> <span class=\"ss-choice-label\">F\u00f6rl\u00e4ngningskablar till givare, skr\u00e4mda 2&#215;1,5 mm2, max 200 meter<\/span><\/label><\/span><\/p>\n<p><span style=\"font-size: 10pt;\"><label><span class=\"ss-choice-item-control goog-inline-block\"><input id=\"group_1000000_4\" class=\"ss-q-checkbox\" role=\"checkbox\" name=\"entry.1000000\" type=\"checkbox\" value=\"T\u00e4nk p\u00e5 att kontrollera f\u00f6reskrifter och monteringsanvisningar fr din specifika tank\" aria-required=\"true\" \/><\/span> <span class=\"ss-choice-label\">T\u00e4nk p\u00e5 att kontrollera f\u00f6reskrifter och monteringsanvisningar fr din specifika tank<\/span><\/label><\/span><\/p>\n<\/div>\n<\/div>\n<\/div>\n<div class=\"ss-form-question errorbox-good\" role=\"listitem\">\n<div class=\"ss-item ss-item-required ss-checkbox\" dir=\"auto\">\n<div class=\"ss-form-entry\">\n<div class=\"ss-q-title\"><span style=\"font-size: 10pt;\">Efter installation <label for=\"itemView.getDomIdToLabel()\" aria-label=\"(Obligatoriskt f\u00e4lt)\"><\/label><span class=\"ss-required-asterisk\" aria-hidden=\"true\">*<\/span><\/span><\/div>\n<div class=\"ss-q-help ss-secondary-text\" dir=\"auto\"><span style=\"font-size: 10pt;\">Punkter du skall kontrollera efter att produkten har blivit installerad<\/span><\/div>\n<p><span style=\"font-size: 10pt;\"><label><span class=\"ss-choice-item-control goog-inline-block\"><input id=\"group_1000004_1\" class=\"ss-q-checkbox\" role=\"checkbox\" name=\"entry.1000004\" type=\"checkbox\" value=\"Kontrollera inkoppling av elektronikenhet och lock st\u00e4ngt\" aria-required=\"true\" \/><\/span> <span class=\"ss-choice-label\">Kontrollera inkoppling av elektronikenhet och lock st\u00e4ngt<\/span><\/label><\/span><\/p>\n<p><span style=\"font-size: 10pt;\"><label><span class=\"ss-choice-item-control goog-inline-block\"><input id=\"group_1000004_2\" class=\"ss-q-checkbox\" role=\"checkbox\" name=\"entry.1000004\" type=\"checkbox\" value=\"Kontrollera att flatlist till locket \u00e4r ansluten i plintinnan lock st\u00e4nges\" aria-required=\"true\" \/><\/span> <span class=\"ss-choice-label\">Kontrollera att flatlist till locket \u00e4r ansluten i plintinnan lock st\u00e4nges<\/span><\/label><\/span><\/p>\n<p><span style=\"font-size: 10pt;\"><label><span class=\"ss-choice-item-control goog-inline-block\"><input id=\"group_1000004_3\" class=\"ss-q-checkbox\" role=\"checkbox\" name=\"entry.1000004\" type=\"checkbox\" value=\"Kontrollera korrekt monteringspositition av givare enl tanktillverkarens rekommendationer\" aria-required=\"true\" \/><\/span> <span class=\"ss-choice-label\">Kontrollera korrekt monteringspositition av givare enl tanktillverkarens rekommendationer<\/span><\/label><\/span><\/p>\n<p><span style=\"font-size: 10pt;\"><label><span class=\"ss-choice-item-control goog-inline-block\"><input id=\"group_1000004_4\" class=\"ss-q-checkbox\" role=\"checkbox\" name=\"entry.1000004\" type=\"checkbox\" value=\"Se till att tank \u00e4r fylld med vatten enligt tillverkarens rekomedation innan funktionstest av givare\" aria-required=\"true\" \/><\/span> <span class=\"ss-choice-label\">Se till att tank \u00e4r fylld med vatten enligt tillverkarens rekomedation innan funktionstest av givare<\/span><\/label><\/span><\/p>\n<p><span style=\"font-size: 10pt;\"><label><span class=\"ss-choice-item-control goog-inline-block\"><input id=\"group_1000004_5\" class=\"ss-q-checkbox\" role=\"checkbox\" name=\"entry.1000004\" type=\"checkbox\" value=\"Sl\u00e5 p\u00e5 sp\u00e4nning\" aria-required=\"true\" \/><\/span> <span class=\"ss-choice-label\">Sl\u00e5 p\u00e5 sp\u00e4nning<\/span><\/label><\/span><\/p>\n<p><span style=\"font-size: 10pt;\"><label><span class=\"ss-choice-item-control goog-inline-block\"><input id=\"group_1000004_6\" class=\"ss-q-checkbox\" role=\"checkbox\" name=\"entry.1000004\" type=\"checkbox\" value=\"Utf\u00f6r funktionskontroll av givarsignaler\" aria-required=\"true\" \/><\/span> <span class=\"ss-choice-label\">Utf\u00f6r funktionskontroll av givarsignaler<\/span><\/label><\/span><\/p>\n<\/div>\n<\/div>\n<\/div>\n","protected":false},"excerpt":{"rendered":"<p>F\u00f6re Installation * Punkter du ska g\u00f6ra f\u00f6re installation Har du kunskap att utf\u00f6ra elinstallation, Observera EX-f\u00f6reskrifter Allpolig brytare b\u00f6r inte monteras f\u00f6r att f\u00f6rhindra att alarmfunktion kopplas bort F\u00f6rl\u00e4ngningskablar till givare, skr\u00e4mda 2&#215;1,5 mm2, max 200 meter T\u00e4nk p\u00e5 att kontrollera f\u00f6reskrifter och monteringsanvisningar fr din specifika tank Efter installation * Punkter du skall [&hellip;]<\/p>\n","protected":false},"author":4,"featured_media":0,"parent":0,"menu_order":0,"comment_status":"closed","ping_status":"closed","template":"","meta":{"footnotes":""},"class_list":["post-245","page","type-page","status-publish","hentry"],"_links":{"self":[{"href":"https:\/\/yellotab.se\/x058\/wp-json\/wp\/v2\/pages\/245","targetHints":{"allow":["GET"]}}],"collection":[{"href":"https:\/\/yellotab.se\/x058\/wp-json\/wp\/v2\/pages"}],"about":[{"href":"https:\/\/yellotab.se\/x058\/wp-json\/wp\/v2\/types\/page"}],"author":[{"embeddable":true,"href":"https:\/\/yellotab.se\/x058\/wp-json\/wp\/v2\/users\/4"}],"replies":[{"embeddable":true,"href":"https:\/\/yellotab.se\/x058\/wp-json\/wp\/v2\/comments?post=245"}],"version-history":[{"count":3,"href":"https:\/\/yellotab.se\/x058\/wp-json\/wp\/v2\/pages\/245\/revisions"}],"predecessor-version":[{"id":248,"href":"https:\/\/yellotab.se\/x058\/wp-json\/wp\/v2\/pages\/245\/revisions\/248"}],"wp:attachment":[{"href":"https:\/\/yellotab.se\/x058\/wp-json\/wp\/v2\/media?parent=245"}],"curies":[{"name":"wp","href":"https:\/\/api.w.org\/{rel}","templated":true}]}}