{"id":24,"date":"2017-07-21T14:08:05","date_gmt":"2017-07-21T12:08:05","guid":{"rendered":"http:\/\/yellotab.se\/x061\/?page_id=24"},"modified":"2019-02-09T13:29:13","modified_gmt":"2019-02-09T12:29:13","slug":"startsida","status":"publish","type":"page","link":"https:\/\/yellotab.se\/x061\/","title":{"rendered":"Startsida"},"content":{"rendered":"<div class=\"container-fluid \">\n<div class=\"ddl-full-width-row row ddl-frontend-editor-row ddl-frontend-editor-editable\" data-id='6553' data-name='Row 2' data-type='row' data-layout_slug='' data-kind='Row' >\n<div class=\"col-sm-12 ddl-frontend-editor-cell ddl-frontend-editor-editable js-ddl-frontend-editor-cell\" data-id='s6529' data-name='Visual Editor' data-type='cell-text' data-layout_slug='' data-kind='Cell'>\n<hr \/>\n<\/div>\n<\/div>\n<\/div>\n<div class=\"container-fluid \">\n<div class=\"ddl-full-width-row row ddl-frontend-editor-row ddl-frontend-editor-editable\" data-id='18' data-name='Post content row' data-type='row' data-layout_slug='' data-kind='Row' >\n<div class=\"col-sm-9 ddl-frontend-editor-cell ddl-frontend-editor-editable js-ddl-frontend-editor-cell\" id=\"span1\" data-id='s6511' data-name='Post Content Cell' data-type='cell-text' data-layout_slug='' data-kind='Cell'>\n<form autocomplete=\"off\" name=\"wpv-filter-2421\" action=\"\/x061\/wp-json\/wp\/v2\/pages\/24?wpv_view_count=2421\" method=\"get\" class=\"wpv-filter-form js-wpv-filter-form js-wpv-filter-form-2421 js-wpv-form-full js-wpv-dps-enabled js-wpv-ajax-results-enabled\" data-viewnumber=\"2421\" data-viewid=\"2421\" data-viewhash=\"eyJuYW1lIjoicG9ydGZvbGlvLXRocmVlLWNvbHVtbi1ncmlkLXdpdGgtY2F0ZWdvcnktZmlsdGVycyJ9\" data-viewwidgetid=\"0\" data-orderby=\"\" data-order=\"\" data-orderbyas=\"\" data-orderbysecond=\"\" data-ordersecond=\"\" data-parametric=\"{&quot;query&quot;:&quot;normal&quot;,&quot;id&quot;:&quot;2421&quot;,&quot;view_id&quot;:&quot;2421&quot;,&quot;widget_id&quot;:0,&quot;view_hash&quot;:&quot;2421&quot;,&quot;action&quot;:&quot;\\\/x061\\\/wp-json\\\/wp\\\/v2\\\/pages\\\/24?wpv_view_count=2421&quot;,&quot;sort&quot;:{&quot;orderby&quot;:&quot;&quot;,&quot;order&quot;:&quot;&quot;,&quot;orderby_as&quot;:&quot;&quot;,&quot;orderby_second&quot;:&quot;&quot;,&quot;order_second&quot;:&quot;&quot;},&quot;orderby&quot;:&quot;&quot;,&quot;order&quot;:&quot;&quot;,&quot;orderby_as&quot;:&quot;&quot;,&quot;orderby_second&quot;:&quot;&quot;,&quot;order_second&quot;:&quot;&quot;,&quot;ajax_form&quot;:&quot;&quot;,&quot;ajax_results&quot;:&quot;&quot;,&quot;effect&quot;:&quot;fade&quot;,&quot;prebefore&quot;:&quot;&quot;,&quot;before&quot;:&quot;&quot;,&quot;after&quot;:&quot;&quot;,&quot;attributes&quot;:[],&quot;environment&quot;:{&quot;current_post_id&quot;:24,&quot;parent_post_id&quot;:24,&quot;parent_term_id&quot;:0,&quot;parent_user_id&quot;:0,&quot;archive&quot;:{&quot;type&quot;:&quot;&quot;,&quot;name&quot;:&quot;&quot;,&quot;data&quot;:[]}},&quot;loop&quot;:{&quot;type&quot;:&quot;&quot;,&quot;name&quot;:&quot;&quot;,&quot;data&quot;:[],&quot;id&quot;:0}}\" data-attributes=\"[]\" data-environment=\"{&quot;current_post_id&quot;:24,&quot;parent_post_id&quot;:24,&quot;parent_term_id&quot;:0,&quot;parent_user_id&quot;:0,&quot;archive&quot;:{&quot;type&quot;:&quot;&quot;,&quot;name&quot;:&quot;&quot;,&quot;data&quot;:[]}}\"><input type=\"hidden\" class=\"js-wpv-dps-filter-data js-wpv-filter-data-for-this-form\" data-action=\"\/x061\/wp-json\/wp\/v2\/pages\/24?wpv_view_count=2421\" data-page=\"1\" data-ajax=\"enable\" data-effect=\"fade\" data-maxpages=\"0\" data-ajaxprebefore=\"\" data-ajaxbefore=\"\" data-ajaxafter=\"\" \/><input class=\"wpv_view_count wpv_view_count-2421\" type=\"hidden\" name=\"wpv_view_count\" value=\"2421\" \/>\n\n<div class=\"category-selector\">\n<div class=\"radio\">\n\t\t\t\t\t\t\t\t\t<label for=\"portfolio-category-\"  class=\"\" >\n\t\t\t\t\t\t\t\t\t\t<input id=\"portfolio-category-\"  class=\"js-wpv-filter-trigger\"\n\t\t\t\t\t\t\t\t\t\t\tname=\"wpv-portfolio-category\" type=\"radio\" value=\"0\"  checked='checked'\n\t\t\t\t\t\t\t\t\t\t\/>\n\t\t\t\t\t\t\t\t\t\tall\n\t\t\t\t\t\t\t\t\t<\/label>\n\t\t\t\t\t\t\t\t<\/div><div class=\"radio\"><label for=\"portfolio-category-ekologi\"><input type=\"radio\" id=\"portfolio-category-ekologi\" class=\"js-wpv-filter-trigger\" name=\"wpv-portfolio-category\" value=\"ekologi\" \/>Ekologi<\/label><\/div><div class=\"radio\"><label for=\"portfolio-category-energy\"><input type=\"radio\" id=\"portfolio-category-energy\" class=\"js-wpv-filter-trigger\" name=\"wpv-portfolio-category\" value=\"energy\" \/>Energi<\/label><\/div><div class=\"radio\"><label for=\"portfolio-category-transport\"><input type=\"radio\" id=\"portfolio-category-transport\" class=\"js-wpv-filter-trigger\" name=\"wpv-portfolio-category\" value=\"transport\" \/>Transport<\/label><\/div>\n<\/div>\n<div style=\"height:25px;text-align:center;\">\n<span style=\"display:none\" class=\"js-wpv-dps-spinner\"><img data-recalc-dims=\"1\" decoding=\"async\" src=\"https:\/\/i0.wp.com\/ref.toolset.com\/toolset-modules\/wp-content\/plugins\/views-trunk\/embedded\/res\/img\/ajax-loader2.gif?ssl=1\" \/><\/span>\n<\/div>\n\n\n<\/form>\n<div id=\"wpv-view-layout-2421\" class=\"js-wpv-view-layout js-wpv-layout-responsive js-wpv-view-layout-2421\" data-viewnumber=\"2421\" data-pagination=\"{&quot;id&quot;:&quot;2421&quot;,&quot;query&quot;:&quot;normal&quot;,&quot;type&quot;:&quot;disabled&quot;,&quot;effect&quot;:&quot;fade&quot;,&quot;duration&quot;:&quot;500&quot;,&quot;speed&quot;:&quot;5&quot;,&quot;pause_on_hover&quot;:&quot;disabled&quot;,&quot;stop_rollover&quot;:&quot;false&quot;,&quot;cache_pages&quot;:&quot;enabled&quot;,&quot;preload_images&quot;:&quot;enabled&quot;,&quot;preload_pages&quot;:&quot;enabled&quot;,&quot;preload_reach&quot;:&quot;1&quot;,&quot;spinner&quot;:&quot;builtin&quot;,&quot;spinner_image&quot;:&quot;https:\/\/ref.toolset.com\/toolset-modules\/wp-content\/plugins\/views-trunk\/embedded\/res\/img\/ajax-loader.gif&quot;,&quot;callback_next&quot;:&quot;&quot;,&quot;manage_history&quot;:&quot;enabled&quot;,&quot;has_controls_in_form&quot;:&quot;disabled&quot;,&quot;infinite_tolerance&quot;:&quot;0&quot;,&quot;max_pages&quot;:0,&quot;page&quot;:1,&quot;base_permalink&quot;:&quot;\/x061\/wp-json\/wp\/v2\/pages\/24?wpv_view_count=2421&amp;wpv_paged=WPV_PAGE_NUM&quot;,&quot;loop&quot;:{&quot;type&quot;:&quot;&quot;,&quot;name&quot;:&quot;&quot;,&quot;data&quot;:[],&quot;id&quot;:0}}\" data-permalink=\"\/x061\/wp-json\/wp\/v2\/pages\/24?wpv_view_count=2421\">\n\n\t\n<div id=\"portfolio-view-1\">\n\t\n\t\n\t\t\n\t\t<div class=\"row \">\n\t\t\t<div class=\"col-sm-4\"><div class=\"portfolio-item\">\n  <a href=\"https:\/\/yellotab.se\/x061\/portfolio\/ekosystem\/\"><img data-recalc-dims=\"1\" decoding=\"async\" src=\"https:\/\/i0.wp.com\/s3.eu-north-1.amazonaws.com\/yellotab.se\/wp-content\/uploads\/sites\/26\/2023\/04\/13165212\/Chess_Board.svg_.png?ssl=1\" \/><\/a>\n  <div class=\"card-body\"> \n    <h4>Ekosystem<\/h4>\n\t<p>K\u00e4lla: Nils-Erik | Arkiv | &nbsp;<\/p>\n\n    <p><small>Category: <a href=\"https:\/\/yellotab.se\/x061\/portfolio-category\/ekologi\/\">Ekologi<\/a><\/small><\/p>\n    <a class=\"btn btn-default\" href=\"https:\/\/yellotab.se\/x061\/portfolio\/ekosystem\/\">View project<\/a>\n  <\/div>\n<\/div><\/div>\n\t\t\n\t\t\n\t\t\t<div class=\"col-sm-4\"><div class=\"portfolio-item\">\n  <a href=\"https:\/\/yellotab.se\/x061\/portfolio\/solarxbike-labbet\/\"><img data-recalc-dims=\"1\" decoding=\"async\" src=\"https:\/\/i0.wp.com\/s3.eu-north-1.amazonaws.com\/yellotab.se\/wp-content\/uploads\/sites\/26\/2019\/06\/24183027\/labbet_II.png?ssl=1\" \/><\/a>\n  <div class=\"card-body\"> \n    <h4>solarXbike Labbet<\/h4>\n\t\n    <p><small>Category: <a href=\"https:\/\/yellotab.se\/x061\/portfolio-category\/energy\/\">Energi<\/a><\/small><\/p>\n    <a class=\"btn btn-default\" href=\"https:\/\/yellotab.se\/x061\/portfolio\/solarxbike-labbet\/\">View project<\/a>\n  <\/div>\n<\/div><\/div>\n\t\t\n\t\t\n\t\t\t<div class=\"col-sm-4\"><div class=\"portfolio-item\">\n  <a href=\"https:\/\/yellotab.se\/x061\/portfolio\/growroom\/\"><img loading=\"lazy\" data-recalc-dims=\"1\" height=\"724\" width=\"1024\" decoding=\"async\" src=\"https:\/\/i0.wp.com\/s3.eu-north-1.amazonaws.com\/yellotab.se\/wp-content\/uploads\/sites\/26\/2019\/06\/24183028\/IMG_8283-1024x724.jpg?resize=1024%2C724&#038;ssl=1\" \/><\/a>\n  <div class=\"card-body\"> \n    <h4>Growroom<\/h4>\n\t<p>A beautiful art object will help increase awareness and understanding about ecosystems and principle&#8230;<\/p>\n\n    <p><small>Category: <a href=\"https:\/\/yellotab.se\/x061\/portfolio-category\/ekologi\/\">Ekologi<\/a><\/small><\/p>\n    <a class=\"btn btn-default\" href=\"https:\/\/yellotab.se\/x061\/portfolio\/growroom\/\">View project<\/a>\n  <\/div>\n<\/div><\/div>\n\t\t<\/div>\n\t\t\n\t\t\n\t\t<div class=\"row \">\n\t\t\t<div class=\"col-sm-4\"><div class=\"portfolio-item\">\n  <a href=\"https:\/\/yellotab.se\/x061\/portfolio\/cykelgenerator\/\"><img data-recalc-dims=\"1\" decoding=\"async\" src=\"https:\/\/i0.wp.com\/s3.eu-north-1.amazonaws.com\/yellotab.se\/wp-content\/uploads\/sites\/26\/2017\/07\/24183044\/IMG_8200.jpg?ssl=1\" \/><\/a>\n  <div class=\"card-body\"> \n    <h4>Cykelgenerator<\/h4>\n\t<p>En simulator som drivs av egenproducerad energi, en film visas n\u00e4r tillr\u00e4ckligt med energi \u00e4r tillg\u00e4&#8230;<\/p>\n\n    <p><small>Category: <a href=\"https:\/\/yellotab.se\/x061\/portfolio-category\/energy\/\">Energi<\/a><\/small><\/p>\n    <a class=\"btn btn-default\" href=\"https:\/\/yellotab.se\/x061\/portfolio\/cykelgenerator\/\">View project<\/a>\n  <\/div>\n<\/div><\/div>\n\t\t\n\t\t\n\t\t\t<div class=\"col-sm-4\"><div class=\"portfolio-item\">\n  <a href=\"https:\/\/yellotab.se\/x061\/portfolio\/rigg1\/\"><img data-recalc-dims=\"1\" decoding=\"async\" src=\"https:\/\/i0.wp.com\/s3.eu-north-1.amazonaws.com\/yellotab.se\/wp-content\/uploads\/sites\/26\/2018\/08\/24183029\/x061.png?ssl=1\" \/><\/a>\n  <div class=\"card-body\"> \n    <h4>Elcykel workshop<\/h4>\n\t<p>Testrigg f\u00f6r att l\u00e4ra, experimentera och f\u00f6rst\u00e5 hur olika sensorer kontrolleras f\u00f6r att str\u00e5 effekt&#8230;<\/p>\n\n    <p><small>Category: <a href=\"https:\/\/yellotab.se\/x061\/portfolio-category\/transport\/\">Transport<\/a><\/small><\/p>\n    <a class=\"btn btn-default\" href=\"https:\/\/yellotab.se\/x061\/portfolio\/rigg1\/\">View project<\/a>\n  <\/div>\n<\/div><\/div>\n\t\t\n\t\t\t<div class=\"col-sm-4\"><\/div>\n\t\t<\/div>\n\t\n\t\n<\/div>\n\t\n\t\n<\/div>\n<\/p><\/div>\n<div class=\"col-sm-3 ddl-frontend-editor-cell ddl-frontend-editor-editable js-ddl-frontend-editor-cell\" data-id='6720' data-name='Grid of cells' data-type='container' data-layout_slug='' data-kind='Container'>\n<div class=\"row ddl-frontend-editor-row ddl-frontend-editor-editable\" data-id='6724' data-name='Row 1' data-type='row' data-layout_slug='' data-kind='Row' >\n<div class=\"col-sm-12 ddl-frontend-editor-cell ddl-frontend-editor-editable js-ddl-frontend-editor-cell\" data-id='s6722' data-name='Visual Editor 2' data-type='cell-text' data-layout_slug='' data-kind='Cell'>\n<p><a href=\"https:\/\/yellotab.se\/x061\/?page_id=2323\"><img data-recalc-dims=\"1\" height=\"137\" width=\"300\" decoding=\"async\" class=\"alignnone wp-image-93 img-responsive\" title=\"Funktions beskrivning\" src=\"https:\/\/i0.wp.com\/yellotab.se\/wp-content\/uploads\/2018\/12\/Funktions-beskrivning-300x137.png?resize=300%2C137&#038;ssl=1\" alt=\"\" \/><\/a><\/p><\/div>\n<\/div>\n<div class=\"row ddl-frontend-editor-row ddl-frontend-editor-editable\" data-id='6728' data-name='Row 2' data-type='row' data-layout_slug='' data-kind='Row' >\n<div class=\"col-sm-12 ddl-frontend-editor-cell ddl-frontend-editor-editable js-ddl-frontend-editor-cell\" data-id='s6726' data-name='Visual Editor 3' data-type='cell-text' data-layout_slug='' data-kind='Cell'>\n<p><a href=\"https:\/\/yellotab.se\/x051\/funktionsbeskrivning\/\"><img data-recalc-dims=\"1\" height=\"138\" width=\"300\" decoding=\"async\" class=\"alignnone wp-image-93 img-responsive\" title=\"Funktions beskrivning\" src=\"https:\/\/i0.wp.com\/yellotab.se\/wp-content\/uploads\/2018\/12\/Checklista-300x138.png?resize=300%2C138&#038;ssl=1\" alt=\"\" \/><\/a><\/p><\/div>\n<\/div>\n<div class=\"row ddl-frontend-editor-row ddl-frontend-editor-editable\" data-id='6732' data-name='Row 3' data-type='row' data-layout_slug='' data-kind='Row' >\n<div class=\"col-sm-12 ddl-frontend-editor-cell ddl-frontend-editor-editable js-ddl-frontend-editor-cell\" data-id='s6730' data-name='Visual Editor 4' data-type='cell-text' data-layout_slug='' data-kind='Cell'>\n<p><a href=\"https:\/\/yellotab.se\/x051\/funktionsbeskrivning\/\"><img data-recalc-dims=\"1\" height=\"137\" width=\"300\" decoding=\"async\" class=\"alignnone wp-image-93 img-responsive\" title=\"Funktions beskrivning\" src=\"https:\/\/i0.wp.com\/yellotab.se\/wp-content\/uploads\/2018\/12\/Certifierad1-300x137.png?resize=300%2C137&#038;ssl=1\" alt=\"\" \/><\/a><\/p><\/div>\n<\/div>\n<div class=\"row ddl-frontend-editor-row ddl-frontend-editor-editable\" data-id='6736' data-name='Row 4' data-type='row' data-layout_slug='' data-kind='Row' >\n<div class=\"col-sm-12 ddl-frontend-editor-cell ddl-frontend-editor-editable js-ddl-frontend-editor-cell\" data-id='s6734' data-name='Visual Editor 5' data-type='cell-text' data-layout_slug='' data-kind='Cell'>\n<p><a href=\"https:\/\/yellotab.se\/produkt-kategori\/design-greenhouse\/x061-simulator\"><img data-recalc-dims=\"1\" height=\"137\" width=\"300\" decoding=\"async\" class=\"alignnone wp-image-93 img-responsive\" title=\"Funktions beskrivning\" src=\"https:\/\/i0.wp.com\/yellotab.se\/wp-content\/uploads\/2018\/12\/Reservdelar-300x137.png?resize=300%2C137&#038;ssl=1\" alt=\"\" \/><\/a><\/p><\/div>\n<\/div>\n<\/div>\n<\/div>\n<\/div>\n","protected":false},"excerpt":{"rendered":"","protected":false},"author":4,"featured_media":0,"parent":0,"menu_order":0,"comment_status":"closed","ping_status":"closed","template":"page.php","meta":{"jetpack_post_was_ever_published":false,"footnotes":""},"class_list":["post-24","page","type-page","status-publish","hentry"],"jetpack_shortlink":"https:\/\/wp.me\/Pf06jU-o","jetpack_sharing_enabled":true,"_links":{"self":[{"href":"https:\/\/yellotab.se\/x061\/wp-json\/wp\/v2\/pages\/24","targetHints":{"allow":["GET"]}}],"collection":[{"href":"https:\/\/yellotab.se\/x061\/wp-json\/wp\/v2\/pages"}],"about":[{"href":"https:\/\/yellotab.se\/x061\/wp-json\/wp\/v2\/types\/page"}],"author":[{"embeddable":true,"href":"https:\/\/yellotab.se\/x061\/wp-json\/wp\/v2\/users\/4"}],"replies":[{"embeddable":true,"href":"https:\/\/yellotab.se\/x061\/wp-json\/wp\/v2\/comments?post=24"}],"version-history":[{"count":21,"href":"https:\/\/yellotab.se\/x061\/wp-json\/wp\/v2\/pages\/24\/revisions"}],"predecessor-version":[{"id":2431,"href":"https:\/\/yellotab.se\/x061\/wp-json\/wp\/v2\/pages\/24\/revisions\/2431"}],"wp:attachment":[{"href":"https:\/\/yellotab.se\/x061\/wp-json\/wp\/v2\/media?parent=24"}],"curies":[{"name":"wp","href":"https:\/\/api.w.org\/{rel}","templated":true}]}}