{"id":145,"date":"2016-04-20T21:21:27","date_gmt":"2016-04-20T19:21:27","guid":{"rendered":"http:\/\/yellotab.se\/yellotab-2\/?page_id=145"},"modified":"2016-04-23T07:48:38","modified_gmt":"2016-04-23T05:48:38","slug":"anvandaravtal","status":"publish","type":"page","link":"https:\/\/yellotab.se\/zon0\/anvandaravtal\/","title":{"rendered":"Anv\u00e4ndaravtal"},"content":{"rendered":"<p>Detta avtal g\u00e4ller mellan\u00a0<strong>solarXbike<\/strong>\u00a0och cykelr\u00e4ttsinnehavaren,\u00a0person som har anm\u00e4lt sitt intresse att ing\u00e5 i n\u00e4tverket <b>solarXbike.\u00a0<\/b>\u00a0och anv\u00e4nda webbplatsen som \u00a0kommunikationsverktyg f\u00f6r att samla in och presentera information p\u00e5 ett anv\u00e4ndarv\u00e4nligt s\u00e4tt. Avtalet g\u00e4ller under\u00a0testperiod\u00a0ben\u00e4mnd\u00a0\u201dBeta\u201d<\/p>\n<p>Cykelr\u00e4ttsinnehavaren f\u00f6rbinder sig att f\u00f6lja det avtal som f\u00f6reningen tagit fram f\u00f6r cykelr\u00e4ttsinnehavare. \u00a0Avtalet b\u00f6r inneh\u00e5lla och avhandla f\u00f6rl\u00f6ljande punkter<\/p>\n<ul>\n<li>Sk\u00f6ta cykel enligt rekomendation<\/li>\n<li>L\u00e5sa och f\u00f6rvara cykel enligt rekomendation<\/li>\n<li>L\u00e4mna cykel till besiktning initialt var 6: m\u00e5nad<\/li>\n<li>Rapportera fel eller avvikelser som uppst\u00e5r vid anv\u00e4ndning<\/li>\n<\/ul>\n<p>Cykelr\u00e4ttshavaren ska p\u00e5 egen bekostnad, till det yttre, h\u00e5lla cykeln med tillh\u00f6rande \u00f6vrig utrustning i gott skick. Med ansvaret f\u00f6ljer b\u00e5de underh\u00e5lls- och reparationsskyldighet samt<\/p>\n<blockquote><p>&nbsp;<\/p><\/blockquote>\n<blockquote><p>\u00a71 sXb lovar att behandla data konfidentiellt och s\u00e4kert och kommer inte att dela personlig data med andra deltagare utan brukarens medgivande, och att alla inblandade har tystnadsplikt.<\/p><\/blockquote>\n<blockquote><p>\u00a72 sXb kommer att lagra information och data p\u00e5 olika platser i s\u00e4kerhetssystemet beroende p\u00e5 k\u00e4nslighet f\u00f6r att minimera konsekvenser vid \u00e5tkomst av data.<\/p><\/blockquote>\n<blockquote><p>\u00a73 Cykelr\u00e4ttsinnehavaren\u00a0godk\u00e4nner att \u00a0\u00e4r en experimentell plattform som inte har alla s\u00e4kerhetsmekanismer p\u00e5 plats och d\u00e4rf\u00f6r kan inga krav st\u00e4llas p\u00e5 Det som ligger utanf\u00f6r sXb\u00a0kontroll ang\u00e5ende hantering av k\u00e4nslig personlig information<\/p><\/blockquote>\n<blockquote><p>\u00a74 sXb\u00a0\u00e4r ett experimentell plattform f\u00f6r att se hur nya kommunikationsverktyg kan addera v\u00e4rden genom att ing\u00e5 i en gemensam plattform.<\/p><\/blockquote>\n<blockquote><p>\u00a75\u00a0Vid upps\u00e4gning av medlemskap fr\u00e5n brukarens sida kommer all data att avpersonifieras men data kommer att kvarst\u00e5 i systemet f\u00f6r att kunna sammanst\u00e4lla statistik och analysera samband.<\/p><\/blockquote>\n<blockquote><p>\u00a76\u00a0Dina uppgifter lagras i Europeiska unionen och \u00a0omfattas av Europeiska dataskyddslagar inklusive\u00a0<a href=\"https:\/\/en.wikipedia.org\/wiki\/Data_Protection_Directive\">European Data Protection Directive<\/a>.<\/p><\/blockquote>\n","protected":false},"excerpt":{"rendered":"<p>Detta avtal g\u00e4ller mellan\u00a0solarXbike\u00a0och cykelr\u00e4ttsinnehavaren,\u00a0person som har anm\u00e4lt sitt intresse att ing\u00e5 i n\u00e4tverket solarXbike.\u00a0\u00a0och anv\u00e4nda webbplatsen som \u00a0kommunikationsverktyg f\u00f6r att samla in och presentera information p\u00e5 ett anv\u00e4ndarv\u00e4nligt s\u00e4tt. Avtalet g\u00e4ller under\u00a0testperiod\u00a0ben\u00e4mnd\u00a0\u201dBeta\u201d Cykelr\u00e4ttsinnehavaren f\u00f6rbinder sig att f\u00f6lja det avtal som f\u00f6reningen tagit fram f\u00f6r cykelr\u00e4ttsinnehavare. \u00a0Avtalet b\u00f6r inneh\u00e5lla och avhandla f\u00f6rl\u00f6ljande punkter Sk\u00f6ta cykel &#8230; <a title=\"Anv\u00e4ndaravtal\" class=\"read-more\" href=\"https:\/\/yellotab.se\/zon0\/anvandaravtal\/\" aria-label=\"L\u00e4s mer om Anv\u00e4ndaravtal\">L\u00e4s mer<\/a><\/p>\n","protected":false},"author":4,"featured_media":0,"parent":0,"menu_order":0,"comment_status":"closed","ping_status":"closed","template":"page.php","meta":{"jetpack_post_was_ever_published":false,"footnotes":""},"class_list":["post-145","page","type-page","status-publish"],"jetpack_sharing_enabled":true,"jetpack_shortlink":"https:\/\/wp.me\/P7tuKe-2l","jetpack-related-posts":[],"_links":{"self":[{"href":"https:\/\/yellotab.se\/zon0\/wp-json\/wp\/v2\/pages\/145","targetHints":{"allow":["GET"]}}],"collection":[{"href":"https:\/\/yellotab.se\/zon0\/wp-json\/wp\/v2\/pages"}],"about":[{"href":"https:\/\/yellotab.se\/zon0\/wp-json\/wp\/v2\/types\/page"}],"author":[{"embeddable":true,"href":"https:\/\/yellotab.se\/zon0\/wp-json\/wp\/v2\/users\/4"}],"replies":[{"embeddable":true,"href":"https:\/\/yellotab.se\/zon0\/wp-json\/wp\/v2\/comments?post=145"}],"version-history":[{"count":6,"href":"https:\/\/yellotab.se\/zon0\/wp-json\/wp\/v2\/pages\/145\/revisions"}],"predecessor-version":[{"id":174,"href":"https:\/\/yellotab.se\/zon0\/wp-json\/wp\/v2\/pages\/145\/revisions\/174"}],"wp:attachment":[{"href":"https:\/\/yellotab.se\/zon0\/wp-json\/wp\/v2\/media?parent=145"}],"curies":[{"name":"wp","href":"https:\/\/api.w.org\/{rel}","templated":true}]}}