{"id":178,"date":"2016-05-07T19:21:48","date_gmt":"2016-05-07T17:21:48","guid":{"rendered":"http:\/\/yellotab.se\/zon0\/?page_id=178"},"modified":"2016-05-07T19:32:57","modified_gmt":"2016-05-07T17:32:57","slug":"hyresavtal","status":"publish","type":"page","link":"https:\/\/yellotab.se\/zon0\/hyresavtal\/","title":{"rendered":"Hyresavtal"},"content":{"rendered":"<p><strong>Hyresavtal 2016-05-01<\/strong><\/p>\n<p>Definitioner. \u201dKund\u201d eller \u201dBrukare\u201d \u00e4r konsument av tj\u00e4nster som tillhandah\u00e5lls av \u201dUthyrare\u201d. solarXbike \/ Jidoka Innovation AB \u00e4r Uthyrare.<\/p>\n<p><strong>F\u00f6r att bli Brukare m\u00e5ste Du ha fyllt 18 \u00e5r och acceptera f\u00f6ljande villkor:<\/strong><\/p>\n<p><strong>1<\/strong>. Brukaren \u00e4r ansvarig att f\u00f6lja alla g\u00e4llande trafikregler och \u00e4r ansvarig f\u00f6r skada p\u00e5 sig sj\u00e4lv, andra eller egendom. Det \u00e4r inte till\u00e5tet f\u00f6r Anv\u00e4ndare att f\u00f6rmedla cykeln till n\u00e5gon under 18 \u00e5r. \u00d6vertr\u00e4delse mot detta beivras och Anv\u00e4ndaren kommer h\u00e5llas ansvarig.<\/p>\n<p><strong>2<\/strong>. Brukaren \u00e4r personligt ansvarig f\u00f6r cykeln tills den \u00e4r korrekt \u00e5terl\u00e4mnad. Skador, punkteringar och liknande som uppst\u00e5r kommer att faktureras i efterhand. Uthyraren till\u00e4mpar 350 kr\/timme i arbetskostnad och i \u00f6vrigt till\u00e4mpas solarXbike riktprislista<\/p>\n<p>Det \u00e4r viktigt att skador anm\u00e4ls snabbt s\u00e5 vi kan \u00e5tg\u00e4rda det. Uthyraren r\u00e4knar med ditt samarbete.<\/p>\n<p><strong>3.<\/strong> Borttappad eller stulen utrustning\u00a0 skall omedelbart anm\u00e4las till Uthyraren och polisen. Om anm\u00e4lan uteblir eller kommer sent, riskerar Brukaren att h\u00e5llas ansvarig f\u00f6r f\u00f6rseningen.<\/p>\n<p><strong>4.<\/strong> Underl\u00e5ter Brukaren att l\u00e4mna tillbaka cykeln i r\u00e4tt tid kan solarXbike komma att kr\u00e4va ers\u00e4ttning med 50 kr per p\u00e5b\u00f6rjad timme.<\/p>\n<p><strong>5.<\/strong> \u00c5terl\u00e4mna cykeln p\u00e5 samma plats som den h\u00e4mtades och anm\u00e4l eventuella skador till <strong>tel : <\/strong>\u00a0<a href=\"callto:010 - 884 48 22\">+46 10 &#8211; 884 48 22<\/a>\u00a0eller <a href=\"mailto:support@solarxbike.se\">support@solarxbike.se<\/a>\u00a0Anv\u00e4ndaren ansvarar f\u00f6r att cykeln l\u00e5ses korrekt genom att anv\u00e4nda ett vajerl\u00e5s som f\u00f6rankrar cykeln. Underl\u00e5tenhet att g\u00f6ra s\u00e5 kommer leda till ers\u00e4ttningsskyldighet om cykeln blir stulen.<\/p>\n<p><strong>6.<\/strong> Om cykeln parkeras\/l\u00e5ses utanf\u00f6r cykelsystemets stationer, sker det helt och h\u00e5llet p\u00e5 Brukarens ansvar. St\u00f6ld\/f\u00f6rlust\/skada av cykel m\u00e5ste omedelbart anm\u00e4las till <a href=\"callto:010 - 884 48 22\">+46 10 &#8211; 884 48 22<\/a>\u00a0eller <a href=\"mailto:support@solarxbike.se\">support@solarxbike.se<\/a>\u00a0.\u00a0Anv\u00e4ndaren \u00e4r skyldig att samarbeta med solarXbike om att uppr\u00e4tta polisanm\u00e4lan.<\/p>\n<p>Uthyraren friskriver sig fr\u00e5n allt ansvar f\u00f6r skador som uppst\u00e5tt under Brukarens hyresperiod av cykeln.<br \/>\n<strong><br \/>\n7.<\/strong> Uthyraren vill g\u00e4rna informera om f\u00f6r\u00e4ndringar och g\u00f6ra marknadsunders\u00f6kningar. Uthyraren kommer givetvis inte l\u00e4mna ut dina uppgifter till n\u00e5gon annan eller marknadsf\u00f6ra annat \u00e4n Uthyraren. Dessa meddelanden \u00e4r begr\u00e4nsade till tv\u00e5 per \u00e5r (v\u00e5r och h\u00f6st).<\/p>\n<p><strong>8.<\/strong>\u00a0Brukaren \u00e4r ansvarig f\u00f6r att en korrekt e-post har uppgetts och att fakturan inte fastnar i filter. Betalas inte fakturan inom 8 dagar fr\u00e5n att den skickades s\u00e5 skickas en p\u00e5minnelse till Brukarens\u00a0folkbokf\u00f6ringsadress\u00a0 med ytterligare 8 dagar att betala fr\u00e5n utskick. F\u00f6rfaller ocks\u00e5 denna faktura s\u00e5 tillkommer lagstadgade avgifter samt dr\u00f6jsm\u00e5lsr\u00e4nta om 10%\/m\u00e5nad.<\/p>\n","protected":false},"excerpt":{"rendered":"<p>Hyresavtal 2016-05-01 Definitioner. \u201dKund\u201d eller \u201dBrukare\u201d \u00e4r konsument av tj\u00e4nster som tillhandah\u00e5lls av \u201dUthyrare\u201d. solarXbike \/ Jidoka Innovation AB \u00e4r Uthyrare. F\u00f6r att bli Brukare m\u00e5ste Du ha fyllt 18 \u00e5r och acceptera f\u00f6ljande villkor: 1. Brukaren \u00e4r ansvarig att f\u00f6lja alla g\u00e4llande trafikregler och \u00e4r ansvarig f\u00f6r skada p\u00e5 sig sj\u00e4lv, andra eller egendom. &#8230; <a title=\"Hyresavtal\" class=\"read-more\" href=\"https:\/\/yellotab.se\/zon0\/hyresavtal\/\" aria-label=\"L\u00e4s mer om Hyresavtal\">L\u00e4s mer<\/a><\/p>\n","protected":false},"author":4,"featured_media":0,"parent":0,"menu_order":0,"comment_status":"closed","ping_status":"closed","template":"page.php","meta":{"jetpack_post_was_ever_published":false,"footnotes":""},"class_list":["post-178","page","type-page","status-publish"],"jetpack_sharing_enabled":true,"jetpack_shortlink":"https:\/\/wp.me\/P7tuKe-2S","jetpack-related-posts":[],"_links":{"self":[{"href":"https:\/\/yellotab.se\/zon0\/wp-json\/wp\/v2\/pages\/178","targetHints":{"allow":["GET"]}}],"collection":[{"href":"https:\/\/yellotab.se\/zon0\/wp-json\/wp\/v2\/pages"}],"about":[{"href":"https:\/\/yellotab.se\/zon0\/wp-json\/wp\/v2\/types\/page"}],"author":[{"embeddable":true,"href":"https:\/\/yellotab.se\/zon0\/wp-json\/wp\/v2\/users\/4"}],"replies":[{"embeddable":true,"href":"https:\/\/yellotab.se\/zon0\/wp-json\/wp\/v2\/comments?post=178"}],"version-history":[{"count":4,"href":"https:\/\/yellotab.se\/zon0\/wp-json\/wp\/v2\/pages\/178\/revisions"}],"predecessor-version":[{"id":182,"href":"https:\/\/yellotab.se\/zon0\/wp-json\/wp\/v2\/pages\/178\/revisions\/182"}],"wp:attachment":[{"href":"https:\/\/yellotab.se\/zon0\/wp-json\/wp\/v2\/media?parent=178"}],"curies":[{"name":"wp","href":"https:\/\/api.w.org\/{rel}","templated":true}]}}