{"id":192,"date":"2016-06-12T14:24:34","date_gmt":"2016-06-12T12:24:34","guid":{"rendered":"http:\/\/yellotab.se\/zon0\/?page_id=192"},"modified":"2016-11-06T19:24:52","modified_gmt":"2016-11-06T18:24:52","slug":"syfte-med-organisationen","status":"publish","type":"page","link":"https:\/\/yellotab.se\/zon0\/syfte-med-organisationen\/","title":{"rendered":"Syfte med organisationen"},"content":{"rendered":"<p>solarXbike \u00e4r en partipolitisk obunden ideburen organisation som syftar till att \u00f6ka andelen klimatsmarta transport i samh\u00e4llet och verkar f\u00f6r att infrastruktur byggs som g\u00f6r det enkelt att v\u00e4lja klimatsmart transport.<\/p>\n<p>Syftet \u00e4r att st\u00f6dja cyklister som vill utnyttja f\u00f6rdelarna med att samarbeta kring ett cirkul\u00e4rt ekonomiskt perspektiv och skapa en organisation som genom ett l\u00e5ngsiktigt perspektiv kan bygga upp en modell som levererar\u00a0\u00a0den nytta som \u00f6nskas och ge trygghet till medlemmar.<\/p>\n<ul>\n<li>Klimatnytta<\/li>\n<li>Resursnytta<\/li>\n<li>Personlig Ekonomisk nytta<\/li>\n<\/ul>\n<p>&nbsp;<\/p>\n<p>F\u00f6r att st\u00f6dja beslutsfattare och brukare kommer organisationen att bedriva viss utveckling f\u00f6r att visa p\u00e5 m\u00f6jligheter som nyskapande och bepr\u00f6vad teknik ger, n\u00e4r man ser dem utifr\u00e5n ett systemperspektiv och l\u00e5ter dem appliceras i flera led f\u00f6r att p\u00e5visa positiva effekter.<\/p>\n","protected":false},"excerpt":{"rendered":"<p>solarXbike \u00e4r en partipolitisk obunden ideburen organisation som syftar till att \u00f6ka andelen klimatsmarta transport i samh\u00e4llet och verkar f\u00f6r att infrastruktur byggs som g\u00f6r det enkelt att v\u00e4lja klimatsmart transport. Syftet \u00e4r att st\u00f6dja cyklister som vill utnyttja f\u00f6rdelarna med att samarbeta kring ett cirkul\u00e4rt ekonomiskt perspektiv och skapa en organisation som genom ett &#8230; <a title=\"Syfte med organisationen\" class=\"read-more\" href=\"https:\/\/yellotab.se\/zon0\/syfte-med-organisationen\/\" aria-label=\"L\u00e4s mer om Syfte med organisationen\">L\u00e4s mer<\/a><\/p>\n","protected":false},"author":4,"featured_media":0,"parent":0,"menu_order":0,"comment_status":"closed","ping_status":"closed","template":"page.php","meta":{"jetpack_post_was_ever_published":false,"footnotes":""},"class_list":["post-192","page","type-page","status-publish"],"jetpack_sharing_enabled":true,"jetpack_shortlink":"https:\/\/wp.me\/P7tuKe-36","jetpack-related-posts":[],"_links":{"self":[{"href":"https:\/\/yellotab.se\/zon0\/wp-json\/wp\/v2\/pages\/192","targetHints":{"allow":["GET"]}}],"collection":[{"href":"https:\/\/yellotab.se\/zon0\/wp-json\/wp\/v2\/pages"}],"about":[{"href":"https:\/\/yellotab.se\/zon0\/wp-json\/wp\/v2\/types\/page"}],"author":[{"embeddable":true,"href":"https:\/\/yellotab.se\/zon0\/wp-json\/wp\/v2\/users\/4"}],"replies":[{"embeddable":true,"href":"https:\/\/yellotab.se\/zon0\/wp-json\/wp\/v2\/comments?post=192"}],"version-history":[{"count":5,"href":"https:\/\/yellotab.se\/zon0\/wp-json\/wp\/v2\/pages\/192\/revisions"}],"predecessor-version":[{"id":285,"href":"https:\/\/yellotab.se\/zon0\/wp-json\/wp\/v2\/pages\/192\/revisions\/285"}],"wp:attachment":[{"href":"https:\/\/yellotab.se\/zon0\/wp-json\/wp\/v2\/media?parent=192"}],"curies":[{"name":"wp","href":"https:\/\/api.w.org\/{rel}","templated":true}]}}