{"id":163,"date":"2016-04-22T13:37:38","date_gmt":"2016-04-22T11:37:38","guid":{"rendered":"http:\/\/yellotab.se\/zon0\/?post_type=product&#038;p=163"},"modified":"2016-04-22T13:37:38","modified_gmt":"2016-04-22T11:37:38","slug":"verifiera-betalningskonto","status":"publish","type":"product","link":"https:\/\/yellotab.se\/zon0\/produkt\/verifiera-betalningskonto\/","title":{"rendered":"Verifiera betalningskonto"},"content":{"rendered":"","protected":false},"excerpt":{"rendered":"<p>Detta \u00e4r en produkt f\u00f6r att visa hur du kan betala p\u00e5 Internet p\u00e5 olika s\u00e4tt.<\/p>\n<ol>\n<li>Genom v\u00e5rt bankkonto<\/li>\n<li>Genom paypal<\/li>\n<\/ol>\n","protected":false},"featured_media":0,"comment_status":"open","ping_status":"closed","template":"single.php","meta":{"jetpack_post_was_ever_published":false},"product_brand":[],"product_cat":[29],"product_tag":[],"class_list":{"0":"post-163","1":"product","2":"type-product","3":"status-publish","5":"product_cat-okategoriserad","7":"first","8":"instock","9":"purchasable","10":"product-type-simple"},"jetpack_sharing_enabled":true,"jetpack-related-posts":[],"_links":{"self":[{"href":"https:\/\/yellotab.se\/zon0\/wp-json\/wp\/v2\/product\/163","targetHints":{"allow":["GET"]}}],"collection":[{"href":"https:\/\/yellotab.se\/zon0\/wp-json\/wp\/v2\/product"}],"about":[{"href":"https:\/\/yellotab.se\/zon0\/wp-json\/wp\/v2\/types\/product"}],"replies":[{"embeddable":true,"href":"https:\/\/yellotab.se\/zon0\/wp-json\/wp\/v2\/comments?post=163"}],"wp:attachment":[{"href":"https:\/\/yellotab.se\/zon0\/wp-json\/wp\/v2\/media?parent=163"}],"wp:term":[{"taxonomy":"product_brand","embeddable":true,"href":"https:\/\/yellotab.se\/zon0\/wp-json\/wp\/v2\/product_brand?post=163"},{"taxonomy":"product_cat","embeddable":true,"href":"https:\/\/yellotab.se\/zon0\/wp-json\/wp\/v2\/product_cat?post=163"},{"taxonomy":"product_tag","embeddable":true,"href":"https:\/\/yellotab.se\/zon0\/wp-json\/wp\/v2\/product_tag?post=163"}],"curies":[{"name":"wp","href":"https:\/\/api.w.org\/{rel}","templated":true}]}}