{"id":2,"date":"2022-12-14T17:31:41","date_gmt":"2022-12-14T16:31:41","guid":{"rendered":"https:\/\/yellotab.se\/zon10\/?page_id=2"},"modified":"2022-12-23T18:32:11","modified_gmt":"2022-12-23T17:32:11","slug":"why","status":"publish","type":"page","link":"https:\/\/yellotab.se\/zon10\/why\/","title":{"rendered":"Varf\u00f6r"},"content":{"rendered":"\n<div class=\"wp-block-columns is-layout-flex wp-container-core-columns-is-layout-28f84493 wp-block-columns-is-layout-flex\">\n<div class=\"wp-block-column has-subtle-background-background-color has-background is-layout-flow wp-block-column-is-layout-flow\" style=\"flex-basis:800px\">\n<p>Alla vet att ingen l\u00e4ser manualen trots att den finns. Ofta inneh\u00e5ller den information som man redan k\u00e4nner till s\u00e5 den bidrar inte till att skapa b\u00e4ttre f\u00f6rst\u00e5else, den talar om hur maskinen ska fungera n\u00e4r den fungerar som den ska<\/p>\n\n\n\n<p><img decoding=\"async\" src=\"https:\/\/docs.google.com\/drawings\/d\/e\/2PACX-1vQMOeOyE_s6g3Lr2kYNw5RYSrzUJBm_r00JVvqwEJlPlu3av6uN8rH9SKISj-r8kpGyC4RQLtEOmMm_\/pub?w=960&amp;h=720\"><\/p>\n\n\n\n<blockquote class=\"wp-block-quote is-layout-flow wp-block-quote-is-layout-flow\">\n<p>Det \u00e4r f\u00f6rst n\u00e4r du f\u00e5r problem som du b\u00f6rjar s\u00f6ka efter svar, och d\u00e5 kostar stillest\u00e5nd och att saker inte fungerar helt pl\u00f6tsligt pengar eller energi f\u00f6r att \u00e5terst\u00e4lla funktion till v\u00e4l fungerande igen.<\/p>\n<\/blockquote>\n\n\n\n<blockquote class=\"wp-block-quote is-layout-flow wp-block-quote-is-layout-flow\">\n<p>Vaccinera dina produkter mot problem och ge tillverkar f\u00f6rb\u00e4ttrade m\u00f6jligheter att samla erfarenhet av k\u00e4nda problem s\u00e5 att du som anv\u00e4ndare slipper problem och f\u00e5r en b\u00e4ttre upplevelse av produkten.<\/p>\n<cite>Lars Lindmark<\/cite><\/blockquote>\n\n\n\n<p>V\u00e4rde och avkastning (Funktion och stopptid)<\/p>\n\n\n\n<p><\/p>\n\n\n\n<figure class=\"wp-block-image size-full\"><img loading=\"lazy\" decoding=\"async\" width=\"947\" height=\"641\" src=\"https:\/\/s3.eu-north-1.amazonaws.com\/yellotab.se\/wp-content\/uploads\/sites\/61\/2022\/12\/23132324\/2014-04-26-10.36.27-am.png\" alt=\"\" class=\"wp-image-41\" srcset=\"https:\/\/s3.eu-north-1.amazonaws.com\/yellotab.se\/wp-content\/uploads\/sites\/61\/2022\/12\/23132324\/2014-04-26-10.36.27-am.png 947w, https:\/\/s3.eu-north-1.amazonaws.com\/yellotab.se\/wp-content\/uploads\/sites\/61\/2022\/12\/23132324\/2014-04-26-10.36.27-am-300x203.png 300w, https:\/\/s3.eu-north-1.amazonaws.com\/yellotab.se\/wp-content\/uploads\/sites\/61\/2022\/12\/23132324\/2014-04-26-10.36.27-am-768x520.png 768w\" sizes=\"auto, (max-width: 947px) 100vw, 947px\" \/><figcaption class=\"wp-element-caption\">Kostnad \/ prestanda kvot<\/figcaption><\/figure>\n\n\n\n<p>F\u00f6renklat kan man s\u00e4ga att en produkt har s\u00e4mst effektivitet (KPT) i b\u00f6rjan och i slutet av sin livsl\u00e4ngd. Serviceboken \u00e4r\u00a0ett verktyg som f\u00f6rb\u00e4ttrar effektiviteten och f\u00f6rl\u00e4nga den produktiva livsl\u00e4ngden p\u00e5 en produkt. Vilket leder till att den totala kostnaden (TCO) f\u00f6r produkten blir l\u00e4gre.<\/p>\n\n\n\n<p>| <a href=\"https:\/\/yellotab.se\/wp-content\/uploads\/2020\/02\/Uppdaterad-F%C3%B6renklad-presentation.pdf\">Presentation<\/a> |<\/p>\n<\/div>\n<\/div>\n","protected":false},"excerpt":{"rendered":"<p>Alla vet att ingen l\u00e4ser manualen trots att den finns. Ofta inneh\u00e5ller den information som man redan k\u00e4nner till s\u00e5 den bidrar inte till att skapa b\u00e4ttre f\u00f6rst\u00e5else, den talar om hur maskinen ska fungera n\u00e4r den fungerar som den ska Det \u00e4r f\u00f6rst n\u00e4r du f\u00e5r problem som du b\u00f6rjar s\u00f6ka efter svar, och [&hellip;]<\/p>\n","protected":false},"author":3,"featured_media":0,"parent":0,"menu_order":0,"comment_status":"closed","ping_status":"open","template":"","meta":{"footnotes":""},"class_list":["post-2","page","type-page","status-publish","hentry"],"_links":{"self":[{"href":"https:\/\/yellotab.se\/zon10\/wp-json\/wp\/v2\/pages\/2","targetHints":{"allow":["GET"]}}],"collection":[{"href":"https:\/\/yellotab.se\/zon10\/wp-json\/wp\/v2\/pages"}],"about":[{"href":"https:\/\/yellotab.se\/zon10\/wp-json\/wp\/v2\/types\/page"}],"author":[{"embeddable":true,"href":"https:\/\/yellotab.se\/zon10\/wp-json\/wp\/v2\/users\/3"}],"replies":[{"embeddable":true,"href":"https:\/\/yellotab.se\/zon10\/wp-json\/wp\/v2\/comments?post=2"}],"version-history":[{"count":8,"href":"https:\/\/yellotab.se\/zon10\/wp-json\/wp\/v2\/pages\/2\/revisions"}],"predecessor-version":[{"id":44,"href":"https:\/\/yellotab.se\/zon10\/wp-json\/wp\/v2\/pages\/2\/revisions\/44"}],"wp:attachment":[{"href":"https:\/\/yellotab.se\/zon10\/wp-json\/wp\/v2\/media?parent=2"}],"curies":[{"name":"wp","href":"https:\/\/api.w.org\/{rel}","templated":true}]}}