{"id":37,"date":"2022-12-20T10:24:22","date_gmt":"2022-12-20T09:24:22","guid":{"rendered":"https:\/\/yellotab.se\/zon10\/?page_id=37"},"modified":"2022-12-20T10:24:22","modified_gmt":"2022-12-20T09:24:22","slug":"ange-felkod","status":"publish","type":"page","link":"https:\/\/yellotab.se\/zon10\/ange-felkod\/","title":{"rendered":"Ange felkod"},"content":{"rendered":"\n<p>F\u00f6r att identifiera ditt problem kan antingen anv\u00e4nda felkod fr\u00e5n ditt system, eller med visuell hj\u00e4lp och bilder f\u00f6r att hitta problemomr\u00e5de<\/p>\n","protected":false},"excerpt":{"rendered":"<p>F\u00f6r att identifiera ditt problem kan antingen anv\u00e4nda felkod fr\u00e5n ditt system, eller med visuell hj\u00e4lp och bilder f\u00f6r att hitta problemomr\u00e5de<\/p>\n","protected":false},"author":3,"featured_media":0,"parent":0,"menu_order":0,"comment_status":"closed","ping_status":"closed","template":"","meta":{"footnotes":""},"class_list":["post-37","page","type-page","status-publish","hentry"],"_links":{"self":[{"href":"https:\/\/yellotab.se\/zon10\/wp-json\/wp\/v2\/pages\/37","targetHints":{"allow":["GET"]}}],"collection":[{"href":"https:\/\/yellotab.se\/zon10\/wp-json\/wp\/v2\/pages"}],"about":[{"href":"https:\/\/yellotab.se\/zon10\/wp-json\/wp\/v2\/types\/page"}],"author":[{"embeddable":true,"href":"https:\/\/yellotab.se\/zon10\/wp-json\/wp\/v2\/users\/3"}],"replies":[{"embeddable":true,"href":"https:\/\/yellotab.se\/zon10\/wp-json\/wp\/v2\/comments?post=37"}],"version-history":[{"count":1,"href":"https:\/\/yellotab.se\/zon10\/wp-json\/wp\/v2\/pages\/37\/revisions"}],"predecessor-version":[{"id":38,"href":"https:\/\/yellotab.se\/zon10\/wp-json\/wp\/v2\/pages\/37\/revisions\/38"}],"wp:attachment":[{"href":"https:\/\/yellotab.se\/zon10\/wp-json\/wp\/v2\/media?parent=37"}],"curies":[{"name":"wp","href":"https:\/\/api.w.org\/{rel}","templated":true}]}}