{"id":15,"date":"2020-09-08T13:19:41","date_gmt":"2020-09-08T11:19:41","guid":{"rendered":"http:\/\/yellotab.se\/zon4\/?page_id=15"},"modified":"2020-09-08T13:19:42","modified_gmt":"2020-09-08T11:19:42","slug":"forening","status":"publish","type":"page","link":"https:\/\/yellotab.se\/zon4\/forening\/","title":{"rendered":"F\u00f6rening"},"content":{"rendered":"\n<p><strong>F\u00f6reningen<\/strong> Cykelkultur i Lund huvudsakliga syfte \u00e4r att st\u00f6dja och <strong>uppmuntra<\/strong> de cykelrelaterade organisationerna p\u00e5 Stenkrossen (Bike Kitchen Lund, SolarXBike och Lunds cykelskola) i deras gemensamma och individuella arbete f\u00f6r att utveckla och st\u00e4rka Lunds cykelkultur.&nbsp;<\/p>\n\n\n\n<p>Detta arbete inkluderar att <strong>\u00f6ka andelen klimatsmarta transporter<\/strong> i samh\u00e4llet, <strong>fr\u00e4mja \u00e5terbruk<\/strong> av cyklar samt <strong>tillg\u00e4ngligg\u00f6ra cykling<\/strong> f\u00f6r fler medborgare. F\u00f6reningen ska \u00e4ven st\u00f6dja l\u00e4mpliga, tidsbegr\u00e4nsade projekt med fokus p\u00e5 cykelkultur som genomf\u00f6rs p\u00e5 initiativ av enskild medlem.<\/p>\n","protected":false},"excerpt":{"rendered":"<p>F\u00f6reningen Cykelkultur i Lund huvudsakliga syfte \u00e4r att st\u00f6dja och uppmuntra de cykelrelaterade organisationerna p\u00e5 Stenkrossen (Bike Kitchen Lund, SolarXBike och Lunds cykelskola) i deras gemensamma och individuella arbete f\u00f6r att utveckla och st\u00e4rka Lunds cykelkultur.&nbsp; Detta arbete inkluderar att \u00f6ka andelen klimatsmarta transporter i samh\u00e4llet, fr\u00e4mja \u00e5terbruk av cyklar samt tillg\u00e4ngligg\u00f6ra cykling f\u00f6r fler [&hellip;]<\/p>\n","protected":false},"author":3,"featured_media":0,"parent":0,"menu_order":0,"comment_status":"closed","ping_status":"closed","template":"","meta":{"footnotes":""},"class_list":["post-15","page","type-page","status-publish","hentry"],"_links":{"self":[{"href":"https:\/\/yellotab.se\/zon4\/wp-json\/wp\/v2\/pages\/15","targetHints":{"allow":["GET"]}}],"collection":[{"href":"https:\/\/yellotab.se\/zon4\/wp-json\/wp\/v2\/pages"}],"about":[{"href":"https:\/\/yellotab.se\/zon4\/wp-json\/wp\/v2\/types\/page"}],"author":[{"embeddable":true,"href":"https:\/\/yellotab.se\/zon4\/wp-json\/wp\/v2\/users\/3"}],"replies":[{"embeddable":true,"href":"https:\/\/yellotab.se\/zon4\/wp-json\/wp\/v2\/comments?post=15"}],"version-history":[{"count":1,"href":"https:\/\/yellotab.se\/zon4\/wp-json\/wp\/v2\/pages\/15\/revisions"}],"predecessor-version":[{"id":16,"href":"https:\/\/yellotab.se\/zon4\/wp-json\/wp\/v2\/pages\/15\/revisions\/16"}],"wp:attachment":[{"href":"https:\/\/yellotab.se\/zon4\/wp-json\/wp\/v2\/media?parent=15"}],"curies":[{"name":"wp","href":"https:\/\/api.w.org\/{rel}","templated":true}]}}