{"id":2,"date":"2020-09-02T16:21:10","date_gmt":"2020-09-02T14:21:10","guid":{"rendered":"http:\/\/yellotab.se\/zon4\/?page_id=2"},"modified":"2020-09-08T13:21:11","modified_gmt":"2020-09-08T11:21:11","slug":"exempelsida","status":"publish","type":"page","link":"https:\/\/yellotab.se\/zon4\/exempelsida\/","title":{"rendered":"Om"},"content":{"rendered":"\n<p><\/p>\n\n\n\n<blockquote class=\"wp-block-quote is-layout-flow wp-block-quote-is-layout-flow\"><p>Cykelkultur i Lund formas av tre olika organisationer som redan har varit aktiva p\u00e5 Stenkrossen i flera \u00e5r: Bike Kitchen, solarXbike och Cykelskolan. V\u00e5r vision \u00e4r att samarbeta f\u00f6r att fr\u00e4mja en stark och modern cykelkultur i Lund.<\/p><\/blockquote>\n","protected":false},"excerpt":{"rendered":"<p>Cykelkultur i Lund formas av tre olika organisationer som redan har varit aktiva p\u00e5 Stenkrossen i flera \u00e5r: Bike Kitchen, solarXbike och Cykelskolan. V\u00e5r vision \u00e4r att samarbeta f\u00f6r att fr\u00e4mja en stark och modern cykelkultur i Lund.<\/p>\n","protected":false},"author":4,"featured_media":0,"parent":0,"menu_order":0,"comment_status":"closed","ping_status":"open","template":"","meta":{"footnotes":""},"class_list":["post-2","page","type-page","status-publish","hentry"],"_links":{"self":[{"href":"https:\/\/yellotab.se\/zon4\/wp-json\/wp\/v2\/pages\/2","targetHints":{"allow":["GET"]}}],"collection":[{"href":"https:\/\/yellotab.se\/zon4\/wp-json\/wp\/v2\/pages"}],"about":[{"href":"https:\/\/yellotab.se\/zon4\/wp-json\/wp\/v2\/types\/page"}],"author":[{"embeddable":true,"href":"https:\/\/yellotab.se\/zon4\/wp-json\/wp\/v2\/users\/4"}],"replies":[{"embeddable":true,"href":"https:\/\/yellotab.se\/zon4\/wp-json\/wp\/v2\/comments?post=2"}],"version-history":[{"count":2,"href":"https:\/\/yellotab.se\/zon4\/wp-json\/wp\/v2\/pages\/2\/revisions"}],"predecessor-version":[{"id":17,"href":"https:\/\/yellotab.se\/zon4\/wp-json\/wp\/v2\/pages\/2\/revisions\/17"}],"wp:attachment":[{"href":"https:\/\/yellotab.se\/zon4\/wp-json\/wp\/v2\/media?parent=2"}],"curies":[{"name":"wp","href":"https:\/\/api.w.org\/{rel}","templated":true}]}}