{"id":2256,"date":"2017-08-13T08:48:12","date_gmt":"2017-08-13T06:48:12","guid":{"rendered":"http:\/\/yellotab.se\/x062\/?page_id=2256"},"modified":"2024-12-26T14:08:31","modified_gmt":"2024-12-26T13:08:31","slug":"impressum","status":"publish","type":"page","link":"https:\/\/yellotab.se\/zon9\/impressum\/","title":{"rendered":"Impressum"},"content":{"rendered":"<p><strong>1. Legal notes<\/strong><\/p>\n<p>1.1 Ansvar f\u00f6r inneh\u00e5ll (demokratisk triangle)<\/p>\n<p>1.2 \u00a0Ansvar f\u00f6r lagringsplats<\/p>\n<p>1.3<\/p>\n<p>Scope<\/p>\n<p>Ansvar<\/p>\n<p>Privacy<\/p>\n<p>Anv\u00e4nda<\/p>\n<p>R\u00e4ttigheter<\/p>\n<p>&nbsp;<\/p>\n","protected":false},"excerpt":{"rendered":"<p>1. Legal notes 1.1 Ansvar f\u00f6r inneh\u00e5ll (demokratisk triangle) 1.2 \u00a0Ansvar f\u00f6r lagringsplats 1.3 Scope Ansvar Privacy Anv\u00e4nda R\u00e4ttigheter &nbsp;<\/p>\n","protected":false},"author":3,"featured_media":0,"parent":0,"menu_order":0,"comment_status":"closed","ping_status":"closed","template":"","meta":{"jetpack_post_was_ever_published":false,"footnotes":""},"class_list":["post-2256","page","type-page","status-publish"],"jetpack_shortlink":"https:\/\/wp.me\/Pdwsdc-Ao","_links":{"self":[{"href":"https:\/\/yellotab.se\/zon9\/wp-json\/wp\/v2\/pages\/2256","targetHints":{"allow":["GET"]}}],"collection":[{"href":"https:\/\/yellotab.se\/zon9\/wp-json\/wp\/v2\/pages"}],"about":[{"href":"https:\/\/yellotab.se\/zon9\/wp-json\/wp\/v2\/types\/page"}],"author":[{"embeddable":true,"href":"https:\/\/yellotab.se\/zon9\/wp-json\/wp\/v2\/users\/3"}],"replies":[{"embeddable":true,"href":"https:\/\/yellotab.se\/zon9\/wp-json\/wp\/v2\/comments?post=2256"}],"version-history":[{"count":5,"href":"https:\/\/yellotab.se\/zon9\/wp-json\/wp\/v2\/pages\/2256\/revisions"}],"predecessor-version":[{"id":2264,"href":"https:\/\/yellotab.se\/zon9\/wp-json\/wp\/v2\/pages\/2256\/revisions\/2264"}],"wp:attachment":[{"href":"https:\/\/yellotab.se\/zon9\/wp-json\/wp\/v2\/media?parent=2256"}],"curies":[{"name":"wp","href":"https:\/\/api.w.org\/{rel}","templated":true}]}}